{"id":8118,"date":"2020-01-21T08:00:12","date_gmt":"2020-01-21T07:00:12","guid":{"rendered":"http:\/\/smmpartizanske.sk\/?page_id=8118"},"modified":"2025-01-17T15:21:28","modified_gmt":"2025-01-17T14:21:28","slug":"zakazky-2019","status":"publish","type":"page","link":"https:\/\/smmpartizanske.sk\/index.php\/verejne-obstaravanie\/zakazky-2019\/","title":{"rendered":"Z\u00e1kazky pod\u013ea \u00a7 117 z\u00e1k. \u010d. 343\/2015 \u2013 rok 2019"},"content":{"rendered":"<h2 class=\"elementor-heading-title elementor-size-default\" style=\"text-align: center;\"><span style=\"color: #01559e;\"><strong>Z\u00e1kazky pod\u013ea \u00a7 117 z\u00e1k. \u010d. 343\/2015 \u2013 rok 2019<\/strong><\/span><\/h2>\n<p>18.Predmet z\u00e1kazky: <a href=\"http:\/\/smmpartizanske.sk\/wp-content\/uploads\/2020\/01\/prikaz18.pdf\" target=\"_blank\" rel=\"noopener\">Poistenie mestsk\u00fdch n\u00e1jomn\u00fdch bytov a nebytov\u00fdch priestorov<\/a><\/p>\n<p>Hodnota z\u00e1kazky bez DPH (\u20ac) : \u010cas\u0165 I. 2210,-\u20ac\u00a0 \u00a0 \u00a0 \u00a0\u010cas\u0165 II. 3.134,- \u20ac<\/p>\n<p>Zverejnen\u00e9: 30.12.2019<\/p>\n<p>18A. V\u00fdsledok verejn\u00e9ho obstar\u00e1vania z\u00e1kazky:\u00a0<a href=\"http:\/\/smmpartizanske.sk\/wp-content\/uploads\/2020\/01\/zapis182019.pdf\" target=\"_blank\" rel=\"noopener\">Poistenie mestsk\u00fdch n\u00e1jomn\u00fdch bytov a nebytov\u00fdch priestorov<\/a><\/p>\n<p>Zverejnen\u00e9: 21.01.2020<\/p>\n<p>17.Predmet z\u00e1kazky: <a href=\"http:\/\/smmpartizanske.sk\/wp-content\/uploads\/2019\/11\/prikaz17.pdf\" target=\"_blank\" rel=\"noopener\">Vyspravenie stien, n\u00e1ter stien a v\u00fdmena PVC na budove \u010d. 640\/6 ul. Febru\u00e1rova I. poschodie &#8211; spolo\u010dn\u00e9 priestory (medzichodba)<\/a><\/p>\n<p>Hodnota z\u00e1kazky bez DPH (\u20ac) : 1300,- \u20ac<\/p>\n<p>Zverejnen\u00e9: 22.11.2019<\/p>\n<p>17A.V\u00fdsledok verejn\u00e9ho obstar\u00e1vania z\u00e1kazky: <a href=\"http:\/\/smmpartizanske.sk\/wp-content\/uploads\/2019\/12\/vysledok17.pdf\" target=\"_blank\" rel=\"noopener\">Vyspravenie stien, n\u00e1ter stien a v\u00fdmena PVC na budove \u010d. 640\/6 ul. Febru\u00e1rova I. poschodie &#8211; spolo\u010dn\u00e9 priestory (medzichodba)<\/a><\/p>\n<p>Zverejnen\u00e9: 2.12.2019<\/p>\n<p>16.Predmet z\u00e1kazky: <a href=\"http:\/\/smmpartizanske.sk\/wp-content\/uploads\/2019\/11\/prikaz16.pdf\" target=\"_blank\" rel=\"noopener\">Vyspravenie podlahy, demont\u00e1\u017e a mont\u00e1\u017e PVC na budove \u010d. 152 ul. Febru\u00e1rova II. poschodie miestnos\u0165 \u010d. 7<\/a><\/p>\n<p>Hodnota z\u00e1kazky bez DPH (\u20ac) : 1350,- \u20ac<\/p>\n<p>Zverejnen\u00e9: 22.11.2019<\/p>\n<p>16A.V\u00fdsledok verejn\u00e9ho obstar\u00e1vania z\u00e1kazky: <a href=\"http:\/\/smmpartizanske.sk\/wp-content\/uploads\/2019\/12\/vysledok16.pdf\" target=\"_blank\" rel=\"noopener\">Vyspravenie podlahy, demont\u00e1\u017e a mont\u00e1\u017e PVC na budove \u010d. 152 ul. Febru\u00e1rova II. poschodie miestnos\u0165 \u010d. 7<\/a><\/p>\n<p>Zverejnen\u00e9: 2.12.2019<\/p>\n<p>15.Predmet z\u00e1kazky: <a href=\"http:\/\/smmpartizanske.sk\/wp-content\/uploads\/2019\/11\/prikaz15.pdf\" target=\"_blank\" rel=\"noopener\">Oprava chodby-vyspravenie stien, stropov ma\u013eba stien, stropov n\u00e1ter sokla na budove \u010d.152 ul. Febru\u00e1rova II. poschodie nebytov\u00e9 priestory<\/a><\/p>\n<p>Hodnota z\u00e1kazky bez DPH (\u20ac) : 1700,- \u20ac<\/p>\n<p>Zverejnen\u00e9: 22.11.2019<\/p>\n<p>15A.V\u00fdsledok verejn\u00e9ho obstar\u00e1vania z\u00e1kazky: <a href=\"http:\/\/smmpartizanske.sk\/wp-content\/uploads\/2019\/12\/vysledok15.pdf\" target=\"_blank\" rel=\"noopener\">Oprava chodby-vyspravenie stien, stropov ma\u013eba stien, stropov n\u00e1ter sokla na budove \u010d.152 ul. Febru\u00e1rova II. poschodie nebytov\u00e9 priestory<\/a><\/p>\n<p>Zverejnen\u00e9: 2.12.2019<\/p>\n<p>14.Predmet z\u00e1kazky: <a href=\"http:\/\/smmpartizanske.sk\/wp-content\/uploads\/2019\/11\/PR_c._14_s_V\u00fdzvou.pdf\" target=\"_blank\" rel=\"noopener\">V\u00fdmena okien SNP 200\/22 Partiz\u00e1nske \u010das\u0165 I. a v\u00fdmena okien Rudolfa Ja\u0161\u00edka 156 Partiz\u00e1nske \u010das\u0165 II.<\/a><\/p>\n<p>Hodnota z\u00e1kazky bez DPH (\u20ac) : \u010das\u0165 I. 9 900,-\u00a0 \u20ac\u00a0 \u010das\u0165 II. 7100,- \u20ac<\/p>\n<p>Zverejnen\u00e9: 08.11.2019<\/p>\n<p><strong>14A.\u00a0<\/strong>V\u00fdsledok verejn\u00e9ho obstar\u00e1vania z\u00e1kazky<strong>: <\/strong><a href=\"http:\/\/smmpartizanske.sk\/wp-content\/uploads\/2019\/11\/vysledok14.pdf\" target=\"_blank\" rel=\"noopener\">V\u00fdmena okien SNP 200\/22 Partiz\u00e1nske \u010das\u0165 I. a v\u00fdmena okien Rudolfa Ja\u0161\u00edka 156 Partiz\u00e1nske \u010das\u0165 II.<\/a><\/p>\n<p>Zverejnen\u00e9: 15.11.2019<\/p>\n<p><strong>13.<\/strong> Predmet z\u00e1kazky: <a href=\"http:\/\/smmpartizanske.sk\/wp-content\/uploads\/2019\/11\/prikaz132019.pdf\" target=\"_blank\" rel=\"noopener\">Dodanie a v\u00fdmena pomerov\u00fdch rozde\u013eova\u010dov\u00a0 tepla s mo\u017enos\u0165ou dia\u013ekov\u00e9ho\u00a0 odpo\u010dtu kompatibiln\u00e9 so zbernicou d\u00e1t MEMONIC na dome \u010d. 945\/20,20A ul. Febru\u00e1rova Partiz\u00e1nske<\/a><\/p>\n<p>Hodnota z\u00e1kazky bez DPH (\u20ac) : 4 755,12 \u20ac<\/p>\n<p>Zverejnen\u00e9: 07.11.2019<\/p>\n<p><strong>13A.<\/strong>\u00a0V\u00fdsledok verejn\u00e9ho obstar\u00e1vania z\u00e1kazky: <a href=\"http:\/\/smmpartizanske.sk\/wp-content\/uploads\/2019\/11\/vysledok13.pdf\" target=\"_blank\" rel=\"noopener\">Dodanie a v\u00fdmena pomerov\u00fdch rozde\u013eova\u010dov\u00a0 tepla s mo\u017enos\u0165ou dia\u013ekov\u00e9ho\u00a0 odpo\u010dtu kompatibiln\u00e9 so zbernicou d\u00e1t MEMONIC na dome \u010d. 945\/20,20A ul. Febru\u00e1rova Partiz\u00e1nske<\/a><\/p>\n<p>Zverejnen\u00e9: 15.11.2019<\/p>\n<p><strong>12.<\/strong> Predmet z\u00e1kazky: <a href=\"http:\/\/smmpartizanske.sk\/wp-content\/uploads\/2019\/09\/prikaz122019.pdf\" target=\"_blank\" rel=\"noopener\">Oprava vonkaj\u0161\u00edch schodov v objekte R. Ja\u0161\u00edka 652 nebytov\u00e9 priestory, vyb\u00faranie schodov, zhotovenie bezbari\u00e9rov\u00e9ho n\u00e1jazdu so z\u00e1bradl\u00edm, v\u00fdmena keramickej proti\u0161mykovej a mrazuvzdornej dla\u017eby, odvoz sutiny na skl\u00e1dku.<\/a><\/p>\n<p>Hodnota z\u00e1kazky bez DPH (\u20ac) : 3 686,00 \u20ac<\/p>\n<p>Zverejnen\u00e9: 25.09.2019<\/p>\n<p><strong>12A<\/strong>. V\u00fdsledok verejn\u00e9ho obstar\u00e1vania z\u00e1kazky: <a href=\"http:\/\/smmpartizanske.sk\/wp-content\/uploads\/2019\/11\/vysledok122019.pdf\" target=\"_blank\" rel=\"noopener\">Oprava vonkaj\u0161\u00edch schodov v objekte R. Ja\u0161\u00edka 652 nebytov\u00e9 priestory, vyb\u00faranie schodov, zhotovenie bezbari\u00e9rov\u00e9ho n\u00e1jazdu so z\u00e1bradl\u00edm, v\u00fdmena keramickej proti\u0161mykovej a mrazuvzdornej dla\u017eby, odvoz sutiny na skl\u00e1dku.<\/a><\/p>\n<p>Zverejnen\u00e9: 8.10.2019<\/p>\n<p><strong>11.<\/strong> Predmet z\u00e1kazky: <a href=\"http:\/\/smmpartizanske.sk\/wp-content\/uploads\/2019\/09\/prikaz112019.pdf\" target=\"_blank\" rel=\"noopener\">Dodanie a v\u00fdmena hlavn\u00fdch vchodov\u00fdch dver\u00ed Dru\u017estevn\u00e1 833, s mur\u00e1rskymi pr\u00e1cami, panel so 48 schr\u00e1nkami, magnetick\u00fd z\u00e1mok zvonku na \u010dip a tla\u010didlo zvn\u00fatra, v po\u010dte 55 ks \u010dipov (Al profil s bezpe\u010dnostn\u00fdm sklom)<\/a><\/p>\n<p>Hodnota z\u00e1kazky bez DPH (\u20ac) : 4 750,00 \u20ac<\/p>\n<p>Zverejnen\u00e9: 24.09.2019<\/p>\n<p><strong>11A.<\/strong>\u00a0V\u00fdsledok verejn\u00e9ho obstar\u00e1vania z\u00e1kazky: <a href=\"http:\/\/smmpartizanske.sk\/wp-content\/uploads\/2019\/11\/vysledok112019.pdf\" target=\"_blank\" rel=\"noopener\">Dodanie a v\u00fdmena hlavn\u00fdch vchodov\u00fdch dver\u00ed Dru\u017estevn\u00e1 833, s mur\u00e1rskymi pr\u00e1cami, panel so 48 schr\u00e1nkami, magnetick\u00fd z\u00e1mok zvonku na \u010dip a tla\u010didlo zvn\u00fatra, v po\u010dte 55 ks \u010dipov (Al profil s bezpe\u010dnostn\u00fdm sklom)<\/a><\/p>\n<p>Zverejnen\u00e9: 8.10.2019<\/p>\n<p><strong>10.<\/strong> Predmet z\u00e1kazky: <a href=\"http:\/\/smmpartizanske.sk\/wp-content\/uploads\/2019\/09\/prikaz102019.pdf\" target=\"_blank\" rel=\"noopener\">Dodanie a mont\u00e1\u017e hlavn\u00fdch vchodov\u00fdch dver\u00ed z Al plastu do hospod\u00e1rskej budovy Ve\u013ek\u00e1 okru\u017en\u00e1 1107 Partiz\u00e1nske<\/a><\/p>\n<p>Hodnota z\u00e1kazky bez DPH (\u20ac) : 2 338,73<\/p>\n<p>Zverejnen\u00e9: 05.09.2019<\/p>\n<p><strong>10A.<\/strong>\u00a0V\u00fdsledok verejn\u00e9ho obstar\u00e1vania\u00a0 z\u00e1kazky: <a href=\"http:\/\/smmpartizanske.sk\/wp-content\/uploads\/2019\/09\/vysledok102019.pdf\" target=\"_blank\" rel=\"noopener\">Dodanie a mont\u00e1\u017e hlavn\u00fdch vchodov\u00fdch dver\u00ed z Al plastu do hospod\u00e1rskej budovy Ve\u013ek\u00e1 okru\u017en\u00e1 1107 Partiz\u00e1nske<\/a><\/p>\n<p>Zverejnen\u00e9: 17.09.2019<\/p>\n<p><strong>09.<\/strong> Predmet z\u00e1kazky: <a href=\"http:\/\/smmpartizanske.sk\/wp-content\/uploads\/2019\/09\/prikaz92019.pdf\" target=\"_blank\" rel=\"noopener\">Dodanie a mont\u00e1\u017e hlin\u00edkov\u00fdch dver\u00ed do s\u00e1ly KD N\u00e1vojovce <\/a><\/p>\n<p>Hodnota z\u00e1kazky bez DPH (\u20ac) : 1 275,55<\/p>\n<p>Zverejnen\u00e9: 05.09.2019<\/p>\n<p><strong>09A.<\/strong>\u00a0V\u00fdsledok verejn\u00e9ho obstar\u00e1vania z\u00e1kazky: <a href=\"http:\/\/smmpartizanske.sk\/wp-content\/uploads\/2019\/11\/vysledok9.pdf\" target=\"_blank\" rel=\"noopener\">Dodanie a mont\u00e1\u017e hlin\u00edkov\u00fdch dver\u00ed do s\u00e1ly KD N\u00e1vojovce <\/a><\/p>\n<p>Zverejnen\u00e9: 17.09.2019<\/p>\n<p><strong>08.<\/strong> Predmet z\u00e1kazky: <a href=\"http:\/\/smmpartizanske.sk\/wp-content\/uploads\/2019\/09\/prikaz82019.pdf\" target=\"_blank\" rel=\"noopener\">Dodanie a mont\u00e1\u017e kamerov\u00e9ho syst<\/a><a href=\"http:\/\/smmpartizanske.sk\/wp-content\/uploads\/2019\/07\/Pr\u00edkaz_riadite\u013ea_\u010d.-5_2019.pdf\" target=\"_blank\" rel=\"noopener\">\u00e9<\/a><a href=\"http:\/\/smmpartizanske.sk\/wp-content\/uploads\/2019\/09\/prikaz82019.pdf\" target=\"_blank\" rel=\"noopener\">mu na dom \u010d. 208 ul. N\u00e1bre\u017en\u00e1 v po\u010dte kamier 8 ks s nap\u00e1jac\u00edm zdrojom,z\u00e1znamov\u00fdm zariaden\u00edm a HDD pre z\u00e1znam obrazu s pr\u00edslu\u0161n\u00fdm in\u0161tala\u010dn\u00fdm materi\u00e1lom<\/a><\/p>\n<p>Hodnota z\u00e1kazky bez DPH (\u20ac) : 1 519,20<\/p>\n<p>Zverejnen\u00e9: 03.09.2019<\/p>\n<p><strong>08A.<\/strong>\u00a0V\u00fdsledok verejn\u00e9ho obstar\u00e1vania z\u00e1kazky: <a href=\"http:\/\/smmpartizanske.sk\/wp-content\/uploads\/2019\/09\/vysledok-82019.pdf\" target=\"_blank\" rel=\"noopener\">Dodanie a mont\u00e1\u017e kamerov\u00e9ho syst<\/a><a href=\"http:\/\/smmpartizanske.sk\/wp-content\/uploads\/2019\/07\/Pr\u00edkaz_riadite\u013ea_\u010d.-5_2019.pdf\" target=\"_blank\" rel=\"noopener\">\u00e9<\/a><a href=\"http:\/\/smmpartizanske.sk\/wp-content\/uploads\/2019\/09\/vysledok-82019.pdf\" target=\"_blank\" rel=\"noopener\">mu na dom \u010d. 208 ul. N\u00e1bre\u017en\u00e1 v po\u010dte kamier 8 ks s nap\u00e1jac\u00edm zdrojom,z\u00e1znamov\u00fdm zariaden\u00edm a HDD pre z\u00e1znam obrazu s pr\u00edslu\u0161n\u00fdm in\u0161tala\u010dn\u00fdm materi\u00e1lom<\/a><\/p>\n<p>Zverejnen\u00e9: 13.09.2019<\/p>\n<p><strong>07.<\/strong> Predmet z\u00e1kazky: <a href=\"http:\/\/smmpartizanske.sk\/wp-content\/uploads\/2019\/09\/zapis72019.pdf\" target=\"_blank\" rel=\"noopener\">Dodanie a <\/a><a href=\"http:\/\/smmpartizanske.sk\/wp-content\/uploads\/2019\/09\/zapis72019.pdf\" target=\"_blank\" rel=\"noopener\">v\u00fdmena 10 ks okien s balk\u00f3nov\u00fdmi dverami s parapetami mur\u00e1rskymi a maliarskymi pr\u00e1cami zo 6 komorov\u00e9ho profilu do bytov na dome \u010d. 833\/22 ul. Dru\u017estevn\u00e1 Partiz\u00e1nske<\/a><\/p>\n<p>Hodnota z\u00e1kazky bez DPH (\u20ac) : 4 990,-<\/p>\n<p>Zverejnen\u00e9: 22.08.2019<\/p>\n<p><strong>07A .<\/strong>V\u00fdsledok verejn\u00e9ho obstar\u00e1vania z\u00e1kazky:\u00a0<a href=\"http:\/\/smmpartizanske.sk\/wp-content\/uploads\/2019\/09\/zapis72019.pdf\" target=\"_blank\" rel=\"noopener\">Dodanie a <\/a><a href=\"http:\/\/smmpartizanske.sk\/wp-content\/uploads\/2019\/09\/zapis72019.pdf\" target=\"_blank\" rel=\"noopener\">v\u00fdmena 10 ks okien s balk\u00f3nov\u00fdmi dverami s parapetami mur\u00e1rskymi a maliarskymi pr\u00e1cami zo 6 komorov\u00e9ho profilu do bytov na dome \u010d. 833\/22 ul. Dru\u017estevn\u00e1 Partiz\u00e1nske<\/a><\/p>\n<p>Zverejnen\u00e9: 05.09.2019<\/p>\n<p><strong>06.<\/strong> Predmet z\u00e1kazky: <a href=\"http:\/\/smmpartizanske.sk\/wp-content\/uploads\/2019\/08\/prikaz62019.pdf\" target=\"_blank\" rel=\"noopener\">Dodanie a mont\u00e1\u017e kamerov\u00e9ho syst<\/a>\u00e9<a href=\"http:\/\/smmpartizanske.sk\/wp-content\/uploads\/2019\/08\/prikaz62019.pdf\" target=\"_blank\" rel=\"noopener\">mu na dom \u010d. 208 ul. N\u00e1bre\u017en\u00e1 v po\u010dte kamier 8 ks s nap\u00e1jac\u00edm zdrojom,z\u00e1znamov\u00fdm zariaden\u00edm a HDD pre z\u00e1znam obrazu s pr\u00edslu\u0161n\u00fdm in\u0161tala\u010dn\u00fdm materi\u00e1lom<\/a><\/p>\n<p>Hodnota z\u00e1kazky bez DPH (\u20ac) : 1.519,20<\/p>\n<p>Zverejnen\u00e9: 16.08.2019<\/p>\n<p><strong>06A.<\/strong>\u00a0V\u00fdsledok verejn\u00e9ho obstar\u00e1vania z\u00e1kazky: z\u00e1kazka zru\u0161en\u00e1<\/p>\n<p><strong>05.<\/strong> Predmet z\u00e1kazky: <a href=\"http:\/\/smmpartizanske.sk\/wp-content\/uploads\/2019\/07\/Pr\u00edkaz_riadite\u013ea_\u010d.-5_2019.pdf\" target=\"_blank\" rel=\"noopener\">V\u00fdmena vchod. dver\u00ed s AL v\u00fdpl\u0148ou, 3-bodov\u00fdm z\u00e1mkom + 10 k\u013e\u00fa\u010dov vr\u00e1tane madla na budove \u010d. 156 ul. R.Ja\u0161\u00edka Partiz\u00e1nske<\/a><\/p>\n<p>Hodnota z\u00e1kazky bez DPH (\u20ac) : 1.735,00<\/p>\n<p>Zverejnen\u00e9: 11.07.2019<\/p>\n<p><strong>05A.<\/strong>\u00a0V\u00fdsledok verejn\u00e9ho obstar\u00e1vania z\u00e1kazky: <a href=\"http:\/\/smmpartizanske.sk\/wp-content\/uploads\/2019\/10\/vysledok520191.pdf\" target=\"_blank\" rel=\"noopener\">V\u00fdmena vchod. dver\u00ed s AL v\u00fdpl\u0148ou, 3-bodov\u00fdm z\u00e1mkom + 10 k\u013e\u00fa\u010dov vr\u00e1tane madla na budove \u010d. 156 ul. R.Ja\u0161\u00edka Partiz\u00e1nske<\/a><\/p>\n<p>Zverejnen\u00e9: 22.07.2019<\/p>\n<p><strong>04.<\/strong> Predmet z\u00e1kazky: <a href=\"http:\/\/smmpartizanske.sk\/wp-content\/uploads\/2019\/06\/V\u00fdmena_okien_v-ObZS_V.B.-anal\u00fdza-trhu.pdf\" target=\"_blank\" rel=\"noopener\">V\u00fdmena 3 ks okien v ordin\u00e1cii a \u010dak\u00e1rni zdravotn\u00e9ho strediska V.Bielice<\/a><\/p>\n<p>Hodnota z\u00e1kazky bez DPH (\u20ac) : 1.125,00<\/p>\n<p>Zverejnen\u00e9: 27.06.2019<\/p>\n<p><strong>04A.<\/strong>\u00a0V\u00fdsledok verejn\u00e9ho obstar\u00e1vania z\u00e1kazky: <a href=\"http:\/\/smmpartizanske.sk\/wp-content\/uploads\/2019\/10\/vysledok42019.pdf\" target=\"_blank\" rel=\"noopener\">V\u00fdmena 3 ks okien v ordin\u00e1cii a \u010dak\u00e1rni zdravotn\u00e9ho strediska V.Bielice<\/a><\/p>\n<p>Zverejnen\u00e9: 09.07.2019<\/p>\n<p><strong>03.<\/strong> Predmet z\u00e1kazky: <a href=\"http:\/\/smmpartizanske.sk\/wp-content\/uploads\/2019\/06\/prikaz32019.pdf\" target=\"_blank\" rel=\"noopener\">Demont\u00e1\u017e 12 ks plynov\u00fdch kachiel (gam\u00e1t) v KD N\u00e1vojovce &#8211; hlavn\u00e1 s\u00e1la a mont\u00e1\u017e 6 ks plynov\u00fdch kachiel (gam\u00e1t) na \u013eavej strane, vr\u00e1tane \u00fapravy rozvodov plynu a dodania spotrebn\u00e9ho materi\u00e1lu<\/a><\/p>\n<p>Hodnota z\u00e1kazky bez DPH (\u20ac) : 3.291,67<\/p>\n<p>Zverejnen\u00e9: 14.06.2019<\/p>\n<p><strong>03A.\u00a0<\/strong>V\u00fdsledok verejn\u00e9ho obstar\u00e1vania z\u00e1kazky: <a href=\"http:\/\/smmpartizanske.sk\/wp-content\/uploads\/2019\/09\/vysledok-32019.pdf\" target=\"_blank\" rel=\"noopener\">Demont\u00e1\u017e 12 ks plynov\u00fdch kachiel (gam\u00e1t) v KD N\u00e1vojovce &#8211; hlavn\u00e1 s\u00e1la a mont\u00e1\u017e 6 ks plynov\u00fdch kachiel (gam\u00e1t) na \u013eavej strane, vr\u00e1tane \u00fapravy rozvodov plynu a dodania spotrebn\u00e9ho materi\u00e1lu<\/a><\/p>\n<p>Zverejnen\u00e9: 25.06.2019<\/p>\n<p><strong>02.<\/strong> Predmet z\u00e1kazky:<a href=\"http:\/\/smmpartizanske.sk\/wp-content\/uploads\/2019\/05\/prikaz20192.pdf\" target=\"_blank\" rel=\"noopener\">\u00a0Dodanie bytov\u00fdch vodomerov T\u00daV a SV s mo\u017enos\u0165ou dia\u013ekov\u00e9ho odpo\u010dtu (r\u00e1diomodul) a 2 ks zbernice na dom \u010d. 945\/20, 20A ul. Febru\u00e1rov\u00e1<\/a><\/p>\n<p>Hodnota z\u00e1kazky bez DPH (\u20ac) : 4.208,30<\/p>\n<p>Zverejnen\u00e9: 07.05.2019<\/p>\n<p><strong>02A. <\/strong>V\u00fdsledok verejn\u00e9ho obstar\u00e1vania z\u00e1kazky:<a href=\"http:\/\/smmpartizanske.sk\/wp-content\/uploads\/2019\/09\/vysledok-22019.pdf\" target=\"_blank\" rel=\"noopener\">\u00a0Dodanie bytov\u00fdch vodomerov T\u00daV a SV s mo\u017enos\u0165ou dia\u013ekov\u00e9ho odpo\u010dtu (r\u00e1diomodul) a 2 ks zbernice na dom \u010d. 945\/20, 20A ul. Febru\u00e1rov\u00e1<\/a><\/p>\n<p>Zverejnen\u00e9: 16.05.2019<\/p>\n<p><strong>01.<\/strong> Predmet z\u00e1kazky:<a href=\"http:\/\/smmpartizanske.sk\/wp-content\/uploads\/2019\/02\/prikaz12019.pdf\" target=\"_blank\" rel=\"noopener\">\u00a0V\u00fdmena vchodov\u00fdch dver\u00ed N\u00e1dra\u017en\u00e1 686, Partiz\u00e1nske<\/a><\/p>\n<p>Hodnota z\u00e1kazky bez DPH (\u20ac) : 1.789,52<\/p>\n<p>Zverejnen\u00e9: 11.02.2019<\/p>\n<p><strong>01A.<\/strong>\u00a0V\u00fdsledok verejn\u00e9ho obstar\u00e1vania z\u00e1kazky:<a href=\"http:\/\/smmpartizanske.sk\/wp-content\/uploads\/2019\/09\/v\u00fdsledok12019.pdf\" target=\"_blank\" rel=\"noopener\">\u00a0V\u00fdmena vchodov\u00fdch dver\u00ed N\u00e1dra\u017en\u00e1 686, Partiz\u00e1nske<\/a><\/p>\n<p>Zverejnen\u00e9: 25.02.2019<\/p>\n","protected":false},"excerpt":{"rendered":"<p>Z\u00e1kazky pod\u013ea \u00a7 117 z\u00e1k. \u010d. 343\/2015 \u2013 rok 2019 18.Predmet z\u00e1kazky: Poistenie mestsk\u00fdch n\u00e1jomn\u00fdch bytov a nebytov\u00fdch priestorov Hodnota [&hellip;]<\/p>\n","protected":false},"author":1,"featured_media":17436,"parent":141,"menu_order":0,"comment_status":"closed","ping_status":"closed","template":"","meta":{"site-sidebar-layout":"default","site-content-layout":"","ast-site-content-layout":"default","site-content-style":"default","site-sidebar-style":"default","ast-global-header-display":"","ast-banner-title-visibility":"","ast-main-header-display":"","ast-hfb-above-header-display":"","ast-hfb-below-header-display":"","ast-hfb-mobile-header-display":"","site-post-title":"","ast-breadcrumbs-content":"","ast-featured-img":"","footer-sml-layout":"","theme-transparent-header-meta":"default","adv-header-id-meta":"","stick-header-meta":"","header-above-stick-meta":"","header-main-stick-meta":"","header-below-stick-meta":"","astra-migrate-meta-layouts":"set","ast-page-background-enabled":"default","ast-page-background-meta":{"desktop":{"background-color":"var(--ast-global-color-5)","background-image":"","background-repeat":"repeat","background-position":"center center","background-size":"auto","background-attachment":"scroll","background-type":"","background-media":"","overlay-type":"","overlay-color":"","overlay-opacity":"","overlay-gradient":""},"tablet":{"background-color":"","background-image":"","background-repeat":"repeat","background-position":"center center","background-size":"auto","background-attachment":"scroll","background-type":"","background-media":"","overlay-type":"","overlay-color":"","overlay-opacity":"","overlay-gradient":""},"mobile":{"background-color":"","background-image":"","background-repeat":"repeat","background-position":"center center","background-size":"auto","background-attachment":"scroll","background-type":"","background-media":"","overlay-type":"","overlay-color":"","overlay-opacity":"","overlay-gradient":""}},"ast-content-background-meta":{"desktop":{"background-color":"var(--ast-global-color-4)","background-image":"","background-repeat":"repeat","background-position":"center center","background-size":"auto","background-attachment":"scroll","background-type":"","background-media":"","overlay-type":"","overlay-color":"","overlay-opacity":"","overlay-gradient":""},"tablet":{"background-color":"var(--ast-global-color-4)","background-image":"","background-repeat":"repeat","background-position":"center center","background-size":"auto","background-attachment":"scroll","background-type":"","background-media":"","overlay-type":"","overlay-color":"","overlay-opacity":"","overlay-gradient":""},"mobile":{"background-color":"var(--ast-global-color-4)","background-image":"","background-repeat":"repeat","background-position":"center center","background-size":"auto","background-attachment":"scroll","background-type":"","background-media":"","overlay-type":"","overlay-color":"","overlay-opacity":"","overlay-gradient":""}},"footnotes":""},"class_list":["post-8118","page","type-page","status-publish","has-post-thumbnail","hentry"],"_links":{"self":[{"href":"https:\/\/smmpartizanske.sk\/index.php\/wp-json\/wp\/v2\/pages\/8118","targetHints":{"allow":["GET"]}}],"collection":[{"href":"https:\/\/smmpartizanske.sk\/index.php\/wp-json\/wp\/v2\/pages"}],"about":[{"href":"https:\/\/smmpartizanske.sk\/index.php\/wp-json\/wp\/v2\/types\/page"}],"author":[{"embeddable":true,"href":"https:\/\/smmpartizanske.sk\/index.php\/wp-json\/wp\/v2\/users\/1"}],"replies":[{"embeddable":true,"href":"https:\/\/smmpartizanske.sk\/index.php\/wp-json\/wp\/v2\/comments?post=8118"}],"version-history":[{"count":61,"href":"https:\/\/smmpartizanske.sk\/index.php\/wp-json\/wp\/v2\/pages\/8118\/revisions"}],"predecessor-version":[{"id":17891,"href":"https:\/\/smmpartizanske.sk\/index.php\/wp-json\/wp\/v2\/pages\/8118\/revisions\/17891"}],"up":[{"embeddable":true,"href":"https:\/\/smmpartizanske.sk\/index.php\/wp-json\/wp\/v2\/pages\/141"}],"wp:featuredmedia":[{"embeddable":true,"href":"https:\/\/smmpartizanske.sk\/index.php\/wp-json\/wp\/v2\/media\/17436"}],"wp:attachment":[{"href":"https:\/\/smmpartizanske.sk\/index.php\/wp-json\/wp\/v2\/media?parent=8118"}],"curies":[{"name":"wp","href":"https:\/\/api.w.org\/{rel}","templated":true}]}}