{"id":4961,"date":"2018-10-24T09:53:40","date_gmt":"2018-10-24T07:53:40","guid":{"rendered":"http:\/\/smmpartizanske.sk\/?page_id=4961"},"modified":"2025-01-17T15:21:59","modified_gmt":"2025-01-17T14:21:59","slug":"zakazky-2018","status":"publish","type":"page","link":"https:\/\/smmpartizanske.sk\/index.php\/verejne-obstaravanie\/zakazky-2018\/","title":{"rendered":"Z\u00e1kazky pod\u013ea \u00a7 117 z\u00e1k. \u010d. 343\/2015 \u2013 rok 2018"},"content":{"rendered":"<h2 class=\"elementor-heading-title elementor-size-default\" style=\"text-align: center;\"><span style=\"color: #01559e;\"><strong>Z\u00e1kazky pod\u013ea \u00a7 117 z\u00e1k. \u010d. 343\/2015 \u2013 rok 2018<\/strong><\/span><\/h2>\n<p>12. Predmet z\u00e1kazky:<a href=\"http:\/\/smmpartizanske.sk\/wp-content\/uploads\/2018\/10\/prikaz122018.pdf\" target=\"_blank\" rel=\"noopener\">V\u00fdmena okien na podeste schodiska na dome R. Ja\u0161\u00edka 156 Partiz\u00e1nske<\/a><\/p>\n<p>Hodnota z\u00e1kazky bez DPH (\u20ac) : 2 273,23<\/p>\n<p>Zverejnen\u00e9: 23.10.2018<\/p>\n<p>&nbsp;<\/p>\n<p>11. Predmet z\u00e1kazky:<a href=\"http:\/\/smmpartizanske.sk\/wp-content\/uploads\/2018\/09\/prikaz11.pdf\" target=\"_blank\" rel=\"noopener\">V\u00fdmena schodi\u0161\u0165ov\u00fdch okien 4 ks na dome Dru\u017estevn\u00e1 \u010d. 833 Partiz\u00e1nske<\/a><\/p>\n<p>Hodnota z\u00e1kazky bez DPH (\u20ac) : 2 036,-<\/p>\n<p>Zverejnen\u00e9: 19.09.2018<\/p>\n<p>&nbsp;<\/p>\n<p>10. Predmet z\u00e1kazky:<a href=\"http:\/\/smmpartizanske.sk\/wp-content\/uploads\/2018\/08\/prikaz102018.pdf\" target=\"_blank\" rel=\"noopener\">V\u00fdmena pivni\u010dn\u00fdch okien na dome \u010d. 156 ul. R. Ja\u0161\u00edka Partiz\u00e1nske<\/a><\/p>\n<p>Hodnota z\u00e1kazky bez DPH (\u20ac) : 2 480,-<\/p>\n<p>Zverejnen\u00e9: 13.08.2018<\/p>\n<p>&nbsp;<\/p>\n<p>09. Predmet z\u00e1kazky:<a href=\"http:\/\/smmpartizanske.sk\/wp-content\/uploads\/2018\/08\/prikaz92018.pdf\" target=\"_blank\" rel=\"noopener\">V\u00fdmena vchodov\u00fdch dver\u00ed do domu \u010d. 652 ul. R. Ja\u0161\u00edka Partiz\u00e1nske<\/a><\/p>\n<p>Hodnota z\u00e1kazky bez DPH (\u20ac) : 2 050,-<\/p>\n<p>Zverejnen\u00e9: 13.08.2018<\/p>\n<p>&nbsp;<\/p>\n<p>08. Predmet z\u00e1kazky:<a href=\"http:\/\/smmpartizanske.sk\/wp-content\/uploads\/2018\/07\/prikaz82018.pdf\" target=\"_blank\" rel=\"noopener\">V\u00fdmena zadn\u00fdch vchodov\u00fdch dver\u00ed Poliklinika Partiz\u00e1nske<\/a><\/p>\n<p>Hodnota z\u00e1kazky bez DPH (\u20ac) : 1 874,72<\/p>\n<p>Zverejnen\u00e9: 12.07.2018<\/p>\n<p>&nbsp;<\/p>\n<p>07. Predmet z\u00e1kazky:\u00a0<a href=\"http:\/\/smmpartizanske.sk\/wp-content\/uploads\/2018\/07\/prikaz72018.pdf\" target=\"_blank\" rel=\"noopener\">Oprava a \u00fadr\u017eba chladiacej zostavy N\u00e1m. SNP 210 Partiz\u00e1nske &#8211; Potraviny<\/a><\/p>\n<p>Hodnota z\u00e1kazky bez DPH (\u20ac) : 1 540,-<\/p>\n<p>Zverejnen\u00e9: 12.07.2018<\/p>\n<p>&nbsp;<\/p>\n<p>06. Predmet z\u00e1kazky:\u00a0<a href=\"http:\/\/smmpartizanske.sk\/wp-content\/uploads\/2018\/08\/prikaz062018.pdf\" target=\"_blank\" rel=\"noopener\">V\u00fdmena vestibulov\u00fdch dver\u00ed na I. Z\u0160 n\u00e1m. SNP 200\/22 Partiz\u00e1nske<\/a><\/p>\n<p>Hodnota z\u00e1kazky bez DPH (\u20ac) : 2 950,-<\/p>\n<p>Zverejnen\u00e9: 26.06.2018<\/p>\n<p>&nbsp;<\/p>\n<p>05. Predmet z\u00e1kazky:\u00a0<a href=\"http:\/\/smmpartizanske.sk\/wp-content\/uploads\/2018\/05\/prikaz5.pdf\" target=\"_blank\" rel=\"noopener\">V\u00fdmena hlavn\u00fdch vchodov\u00fdch dver\u00ed R. Ja\u0161\u00edka 156 Partiz\u00e1nske<\/a><\/p>\n<p>Hodnota z\u00e1kazky bez DPH (\u20ac) : 2 500,-<\/p>\n<p>Zverejnen\u00e9: 29.05.2018<\/p>\n<p>&nbsp;<\/p>\n<p>04. Predmet z\u00e1kazky:\u00a0<a href=\"http:\/\/smmpartizanske.sk\/wp-content\/uploads\/2018\/05\/prikaz4.pdf\" target=\"_blank\" rel=\"noopener\">V\u00fdmena\u00a0 balk\u00f3nov\u00fdch dver\u00ed Stomatol\u00f3gia ul. Febru\u00e1rova Partiz\u00e1nske<\/a><\/p>\n<p>Hodnota z\u00e1kazky bez DPH (\u20ac) : 499,-<\/p>\n<p>Zverejnen\u00e9: 29.05.2018<\/p>\n<p>&nbsp;<\/p>\n<p>03. Predmet z\u00e1kazky:\u00a0<a href=\"http:\/\/smmpartizanske.sk\/wp-content\/uploads\/2018\/05\/prikaz3.pdf\" target=\"_blank\" rel=\"noopener\">V\u00fdmena pivni\u010dn\u00fdch okien \u0160kult\u00e9tyho 173 Partiz\u00e1nske<\/a><\/p>\n<p>Hodnota z\u00e1kazky bez DPH (\u20ac) : 2 900,-<\/p>\n<p>Zverejnen\u00e9: 29.05.2018<\/p>\n<p>&nbsp;<\/p>\n<p>02. Predmet z\u00e1kazky:\u00a0<a href=\"http:\/\/smmpartizanske.sk\/wp-content\/uploads\/2018\/04\/prikaz22018.pdf\" target=\"_blank\" rel=\"noopener\">K\u00fapa \u00fa\u017eitkov\u00e9ho slu\u017eobn\u00e9ho motorov\u00e9ho vozidla<\/a><\/p>\n<p>Hodnota z\u00e1kazky bez DPH (\u20ac) : 12 175,-<\/p>\n<p>Zverejnen\u00e9: 17.04.2018<\/p>\n<p>&nbsp;<\/p>\n<p>01. Predmet z\u00e1kazky: <a href=\"http:\/\/smmpartizanske.sk\/wp-content\/uploads\/2018\/03\/opravastrechy.pdf\" target=\"_blank\" rel=\"noopener\">Oprava strechy \u0160K Slovan \u0160imonovany \u2013 Partiz\u00e1nske<\/a><\/p>\n<p>Hodnota z\u00e1kazky bez DPH (\u20ac) : 5 903,-<\/p>\n<p>Zverejnen\u00e9: 14.03.2018<\/p>\n","protected":false},"excerpt":{"rendered":"<p>Z\u00e1kazky pod\u013ea \u00a7 117 z\u00e1k. \u010d. 343\/2015 \u2013 rok 2018 12. Predmet z\u00e1kazky:V\u00fdmena okien na podeste schodiska na dome R. [&hellip;]<\/p>\n","protected":false},"author":1,"featured_media":17436,"parent":141,"menu_order":0,"comment_status":"closed","ping_status":"closed","template":"","meta":{"site-sidebar-layout":"default","site-content-layout":"","ast-site-content-layout":"default","site-content-style":"default","site-sidebar-style":"default","ast-global-header-display":"","ast-banner-title-visibility":"","ast-main-header-display":"","ast-hfb-above-header-display":"","ast-hfb-below-header-display":"","ast-hfb-mobile-header-display":"","site-post-title":"","ast-breadcrumbs-content":"","ast-featured-img":"","footer-sml-layout":"","theme-transparent-header-meta":"default","adv-header-id-meta":"","stick-header-meta":"","header-above-stick-meta":"","header-main-stick-meta":"","header-below-stick-meta":"","astra-migrate-meta-layouts":"set","ast-page-background-enabled":"default","ast-page-background-meta":{"desktop":{"background-color":"var(--ast-global-color-5)","background-image":"","background-repeat":"repeat","background-position":"center center","background-size":"auto","background-attachment":"scroll","background-type":"","background-media":"","overlay-type":"","overlay-color":"","overlay-opacity":"","overlay-gradient":""},"tablet":{"background-color":"","background-image":"","background-repeat":"repeat","background-position":"center center","background-size":"auto","background-attachment":"scroll","background-type":"","background-media":"","overlay-type":"","overlay-color":"","overlay-opacity":"","overlay-gradient":""},"mobile":{"background-color":"","background-image":"","background-repeat":"repeat","background-position":"center center","background-size":"auto","background-attachment":"scroll","background-type":"","background-media":"","overlay-type":"","overlay-color":"","overlay-opacity":"","overlay-gradient":""}},"ast-content-background-meta":{"desktop":{"background-color":"var(--ast-global-color-4)","background-image":"","background-repeat":"repeat","background-position":"center center","background-size":"auto","background-attachment":"scroll","background-type":"","background-media":"","overlay-type":"","overlay-color":"","overlay-opacity":"","overlay-gradient":""},"tablet":{"background-color":"var(--ast-global-color-4)","background-image":"","background-repeat":"repeat","background-position":"center center","background-size":"auto","background-attachment":"scroll","background-type":"","background-media":"","overlay-type":"","overlay-color":"","overlay-opacity":"","overlay-gradient":""},"mobile":{"background-color":"var(--ast-global-color-4)","background-image":"","background-repeat":"repeat","background-position":"center center","background-size":"auto","background-attachment":"scroll","background-type":"","background-media":"","overlay-type":"","overlay-color":"","overlay-opacity":"","overlay-gradient":""}},"footnotes":""},"class_list":["post-4961","page","type-page","status-publish","has-post-thumbnail","hentry"],"_links":{"self":[{"href":"https:\/\/smmpartizanske.sk\/index.php\/wp-json\/wp\/v2\/pages\/4961","targetHints":{"allow":["GET"]}}],"collection":[{"href":"https:\/\/smmpartizanske.sk\/index.php\/wp-json\/wp\/v2\/pages"}],"about":[{"href":"https:\/\/smmpartizanske.sk\/index.php\/wp-json\/wp\/v2\/types\/page"}],"author":[{"embeddable":true,"href":"https:\/\/smmpartizanske.sk\/index.php\/wp-json\/wp\/v2\/users\/1"}],"replies":[{"embeddable":true,"href":"https:\/\/smmpartizanske.sk\/index.php\/wp-json\/wp\/v2\/comments?post=4961"}],"version-history":[{"count":22,"href":"https:\/\/smmpartizanske.sk\/index.php\/wp-json\/wp\/v2\/pages\/4961\/revisions"}],"predecessor-version":[{"id":17892,"href":"https:\/\/smmpartizanske.sk\/index.php\/wp-json\/wp\/v2\/pages\/4961\/revisions\/17892"}],"up":[{"embeddable":true,"href":"https:\/\/smmpartizanske.sk\/index.php\/wp-json\/wp\/v2\/pages\/141"}],"wp:featuredmedia":[{"embeddable":true,"href":"https:\/\/smmpartizanske.sk\/index.php\/wp-json\/wp\/v2\/media\/17436"}],"wp:attachment":[{"href":"https:\/\/smmpartizanske.sk\/index.php\/wp-json\/wp\/v2\/media?parent=4961"}],"curies":[{"name":"wp","href":"https:\/\/api.w.org\/{rel}","templated":true}]}}