{"id":4959,"date":"2018-05-23T09:51:16","date_gmt":"2018-05-23T07:51:16","guid":{"rendered":"http:\/\/smmpartizanske.sk\/?page_id=4959"},"modified":"2025-01-17T15:33:46","modified_gmt":"2025-01-17T14:33:46","slug":"stvrtrocne-prehlady-rok-2018","status":"publish","type":"page","link":"https:\/\/smmpartizanske.sk\/index.php\/verejne-obstaravanie\/stvrtrocne-prehlady-rok-2018\/","title":{"rendered":"\u0160tvr\u0165ro\u010dn\u00e9 preh\u013eady \u2013 rok 2018"},"content":{"rendered":"<h2 class=\"elementor-heading-title elementor-size-default\" style=\"text-align: center;\"><span style=\"color: #01559e;\"><strong>\u0160tvr\u0165ro\u010dn\u00e9 preh\u013eady \u2013 rok 2018<\/strong><\/span><\/h2>\n<p>&nbsp;<\/p>\n<p>1. Predmet z\u00e1kazky: Oprava strechy \u0160K Slovan \u0160imonovany &#8211; Partiz\u00e1nske<\/p>\n<p>Identifik\u00e1cia \u00faspe\u0161n\u00e9ho uch\u00e1dza\u010da: G-AMSI s.r.o.<\/p>\n<p>Hodnota z\u00e1kazky bez DPH (\u20ac): 5.903,26 \u20ac &#8230;<\/p>\n<p>Zverejnen\u00e9 : 23.05.2018<\/p>\n","protected":false},"excerpt":{"rendered":"<p>\u0160tvr\u0165ro\u010dn\u00e9 preh\u013eady \u2013 rok 2018 &nbsp; 1. Predmet z\u00e1kazky: Oprava strechy \u0160K Slovan \u0160imonovany &#8211; Partiz\u00e1nske Identifik\u00e1cia \u00faspe\u0161n\u00e9ho uch\u00e1dza\u010da: G-AMSI [&hellip;]<\/p>\n","protected":false},"author":1,"featured_media":17436,"parent":141,"menu_order":0,"comment_status":"closed","ping_status":"closed","template":"","meta":{"site-sidebar-layout":"default","site-content-layout":"","ast-site-content-layout":"default","site-content-style":"default","site-sidebar-style":"default","ast-global-header-display":"","ast-banner-title-visibility":"","ast-main-header-display":"","ast-hfb-above-header-display":"","ast-hfb-below-header-display":"","ast-hfb-mobile-header-display":"","site-post-title":"","ast-breadcrumbs-content":"","ast-featured-img":"","footer-sml-layout":"","theme-transparent-header-meta":"default","adv-header-id-meta":"","stick-header-meta":"","header-above-stick-meta":"","header-main-stick-meta":"","header-below-stick-meta":"","astra-migrate-meta-layouts":"set","ast-page-background-enabled":"default","ast-page-background-meta":{"desktop":{"background-color":"var(--ast-global-color-5)","background-image":"","background-repeat":"repeat","background-position":"center center","background-size":"auto","background-attachment":"scroll","background-type":"","background-media":"","overlay-type":"","overlay-color":"","overlay-opacity":"","overlay-gradient":""},"tablet":{"background-color":"","background-image":"","background-repeat":"repeat","background-position":"center center","background-size":"auto","background-attachment":"scroll","background-type":"","background-media":"","overlay-type":"","overlay-color":"","overlay-opacity":"","overlay-gradient":""},"mobile":{"background-color":"","background-image":"","background-repeat":"repeat","background-position":"center center","background-size":"auto","background-attachment":"scroll","background-type":"","background-media":"","overlay-type":"","overlay-color":"","overlay-opacity":"","overlay-gradient":""}},"ast-content-background-meta":{"desktop":{"background-color":"var(--ast-global-color-4)","background-image":"","background-repeat":"repeat","background-position":"center center","background-size":"auto","background-attachment":"scroll","background-type":"","background-media":"","overlay-type":"","overlay-color":"","overlay-opacity":"","overlay-gradient":""},"tablet":{"background-color":"var(--ast-global-color-4)","background-image":"","background-repeat":"repeat","background-position":"center center","background-size":"auto","background-attachment":"scroll","background-type":"","background-media":"","overlay-type":"","overlay-color":"","overlay-opacity":"","overlay-gradient":""},"mobile":{"background-color":"var(--ast-global-color-4)","background-image":"","background-repeat":"repeat","background-position":"center center","background-size":"auto","background-attachment":"scroll","background-type":"","background-media":"","overlay-type":"","overlay-color":"","overlay-opacity":"","overlay-gradient":""}},"footnotes":""},"class_list":["post-4959","page","type-page","status-publish","has-post-thumbnail","hentry"],"_links":{"self":[{"href":"https:\/\/smmpartizanske.sk\/index.php\/wp-json\/wp\/v2\/pages\/4959","targetHints":{"allow":["GET"]}}],"collection":[{"href":"https:\/\/smmpartizanske.sk\/index.php\/wp-json\/wp\/v2\/pages"}],"about":[{"href":"https:\/\/smmpartizanske.sk\/index.php\/wp-json\/wp\/v2\/types\/page"}],"author":[{"embeddable":true,"href":"https:\/\/smmpartizanske.sk\/index.php\/wp-json\/wp\/v2\/users\/1"}],"replies":[{"embeddable":true,"href":"https:\/\/smmpartizanske.sk\/index.php\/wp-json\/wp\/v2\/comments?post=4959"}],"version-history":[{"count":4,"href":"https:\/\/smmpartizanske.sk\/index.php\/wp-json\/wp\/v2\/pages\/4959\/revisions"}],"predecessor-version":[{"id":17904,"href":"https:\/\/smmpartizanske.sk\/index.php\/wp-json\/wp\/v2\/pages\/4959\/revisions\/17904"}],"up":[{"embeddable":true,"href":"https:\/\/smmpartizanske.sk\/index.php\/wp-json\/wp\/v2\/pages\/141"}],"wp:featuredmedia":[{"embeddable":true,"href":"https:\/\/smmpartizanske.sk\/index.php\/wp-json\/wp\/v2\/media\/17436"}],"wp:attachment":[{"href":"https:\/\/smmpartizanske.sk\/index.php\/wp-json\/wp\/v2\/media?parent=4959"}],"curies":[{"name":"wp","href":"https:\/\/api.w.org\/{rel}","templated":true}]}}