{"id":495,"date":"2023-02-01T08:41:10","date_gmt":"2023-02-01T07:41:10","guid":{"rendered":"http:\/\/smmpartizanske.sk\/?page_id=495"},"modified":"2023-03-27T10:08:09","modified_gmt":"2023-03-27T08:08:09","slug":"kd-male-bielice","status":"publish","type":"page","link":"https:\/\/smmpartizanske.sk\/index.php\/kd-male-bielice\/","title":{"rendered":"SC Mal\u00e9 Bielice"},"content":{"rendered":"<h3>Ponuka a\u00a0mo\u017enosti vyu\u017eitia priestorov &#8211; Spolo\u010densk\u00e9ho centra Mal\u00e9 Bielice<\/h3>\n<p>Spr\u00e1va majetku mesta, n.o., Partiz\u00e1nske, ako hospod\u00e1r spravuj\u00faci nehnute\u013enosti, ktor\u00fdch v\u00fdlu\u010dn\u00fdm vlastn\u00edkom je Mesto Partiz\u00e1nske, pon\u00faka na kr\u00e1tkodob\u00fd pren\u00e1jom, ako napr. organizovanie r\u00f4znych kult\u00farnych a\u00a0spolo\u010densk\u00fdch podujat\u00ed, ako napr. svadby, z\u00e1bavy, spolo\u010densk\u00e9 posedenia a\u00a0\u017eivotn\u00e9 jubile\u00e1, r\u00f4zne rodinn\u00e9 posedenia z\u00a0pr\u00edle\u017eitosti krstu, birmovky, pohrebnej hostiny (kar), \u0161kolenia, predn\u00e1\u0161ky at\u010f., nasledovn\u00e9 priestory:<\/p>\n<p>&#8211; Spolo\u010densk\u00e9 Centrum Mal\u00e9 Bielice \u2013 kapacita 40 \u013eud\u00ed<\/p>\n<p><strong>K\u00a0dispoz\u00edcii je\u00a0 tie\u017e kuchy\u0148a s\u00a0kompletn\u00fdm vybaven\u00edm.<\/strong><\/p>\n<p>Podmienky pre z\u00e1ujemcov o kr\u00e1tkodob\u00fd pren\u00e1jom Spolo\u010densk\u00e9ho centra v\u00a0Mal\u00fdch Bieliciach s\u00fa stanoven\u00e9 v\u00a0Usmernen\u00ed vyu\u017e\u00edvania nebytov\u00fdch priestorov (Kult\u00farne domy a\u00a0Spolo\u010densk\u00e9 centrum), hospod\u00e1rom ktor\u00fdch je Spr\u00e1va majetku mesta, n.o., Partiz\u00e1nske, na organizovanie spolo\u010densk\u00fdch akci\u00ed.<\/p>\n<p>Ceny za pren\u00e1jom priestorov Spolo\u010densk\u00e9ho centra je uveden\u00e1 v\u00a0cenn\u00edku slu\u017eieb.<\/p>\n<h3>Kontakt<\/h3>\n<p><strong>Spolo\u010densk\u00e9 Centrum Mal\u00e9 Bielice:<\/strong>\u00a0 <strong>Ing. Miriam Ru\u010dkayov\u00e1\u00a0<\/strong> &#8211; 0907 073 538, e-mail: <a href=\"mailto:miriam.ruckayova@gmail.com\">miriam.ruckayova@gmail.com<\/a><\/p>\n<p><a href=\"http:\/\/smmpartizanske.sk\/wp-content\/uploads\/2018\/10\/ziadostNP.pdf\" target=\"_blank\" rel=\"noopener\"><span style=\"color: #ff0000;\">\u017diados\u0165 o pren\u00e1jom nebytov\u00fdch priestorov<\/span><\/a><span style=\"color: #ff0000;\"> | <a style=\"color: #ff0000;\" href=\"http:\/\/smmpartizanske.sk\/wp-content\/uploads\/2023\/01\/IMG_0002.pdf\" target=\"_blank\" rel=\"noopener\">Usmernenie k _vyu\u017e\u00edvaniu nebytov\u00fdch priestorov<\/a>\u00a0| <\/span><a href=\"http:\/\/smmpartizanske.sk\/wp-content\/uploads\/2023\/03\/IMG_0002-1.pdf\" target=\"_blank\" rel=\"noopener\"><span style=\"color: #ff0000;\"> Cenn\u00edk slu\u017eieb<\/span> <\/a><\/p>\n","protected":false},"excerpt":{"rendered":"<p>Ponuka a\u00a0mo\u017enosti vyu\u017eitia priestorov &#8211; Spolo\u010densk\u00e9ho centra Mal\u00e9 Bielice Spr\u00e1va majetku mesta, n.o., Partiz\u00e1nske, ako hospod\u00e1r spravuj\u00faci nehnute\u013enosti, ktor\u00fdch v\u00fdlu\u010dn\u00fdm [&hellip;]<\/p>\n","protected":false},"author":1,"featured_media":4906,"parent":0,"menu_order":0,"comment_status":"closed","ping_status":"closed","template":"","meta":{"site-sidebar-layout":"default","site-content-layout":"","ast-site-content-layout":"","site-content-style":"default","site-sidebar-style":"default","ast-global-header-display":"","ast-banner-title-visibility":"","ast-main-header-display":"","ast-hfb-above-header-display":"","ast-hfb-below-header-display":"","ast-hfb-mobile-header-display":"","site-post-title":"","ast-breadcrumbs-content":"","ast-featured-img":"","footer-sml-layout":"","theme-transparent-header-meta":"","adv-header-id-meta":"","stick-header-meta":"","header-above-stick-meta":"","header-main-stick-meta":"","header-below-stick-meta":"","astra-migrate-meta-layouts":"default","ast-page-background-enabled":"default","ast-page-background-meta":{"desktop":{"background-color":"var(--ast-global-color-5)","background-image":"","background-repeat":"repeat","background-position":"center center","background-size":"auto","background-attachment":"scroll","background-type":"","background-media":"","overlay-type":"","overlay-color":"","overlay-opacity":"","overlay-gradient":""},"tablet":{"background-color":"","background-image":"","background-repeat":"repeat","background-position":"center center","background-size":"auto","background-attachment":"scroll","background-type":"","background-media":"","overlay-type":"","overlay-color":"","overlay-opacity":"","overlay-gradient":""},"mobile":{"background-color":"","background-image":"","background-repeat":"repeat","background-position":"center center","background-size":"auto","background-attachment":"scroll","background-type":"","background-media":"","overlay-type":"","overlay-color":"","overlay-opacity":"","overlay-gradient":""}},"ast-content-background-meta":{"desktop":{"background-color":"var(--ast-global-color-4)","background-image":"","background-repeat":"repeat","background-position":"center center","background-size":"auto","background-attachment":"scroll","background-type":"","background-media":"","overlay-type":"","overlay-color":"","overlay-opacity":"","overlay-gradient":""},"tablet":{"background-color":"var(--ast-global-color-4)","background-image":"","background-repeat":"repeat","background-position":"center center","background-size":"auto","background-attachment":"scroll","background-type":"","background-media":"","overlay-type":"","overlay-color":"","overlay-opacity":"","overlay-gradient":""},"mobile":{"background-color":"var(--ast-global-color-4)","background-image":"","background-repeat":"repeat","background-position":"center center","background-size":"auto","background-attachment":"scroll","background-type":"","background-media":"","overlay-type":"","overlay-color":"","overlay-opacity":"","overlay-gradient":""}},"footnotes":""},"class_list":["post-495","page","type-page","status-publish","has-post-thumbnail","hentry"],"_links":{"self":[{"href":"https:\/\/smmpartizanske.sk\/index.php\/wp-json\/wp\/v2\/pages\/495","targetHints":{"allow":["GET"]}}],"collection":[{"href":"https:\/\/smmpartizanske.sk\/index.php\/wp-json\/wp\/v2\/pages"}],"about":[{"href":"https:\/\/smmpartizanske.sk\/index.php\/wp-json\/wp\/v2\/types\/page"}],"author":[{"embeddable":true,"href":"https:\/\/smmpartizanske.sk\/index.php\/wp-json\/wp\/v2\/users\/1"}],"replies":[{"embeddable":true,"href":"https:\/\/smmpartizanske.sk\/index.php\/wp-json\/wp\/v2\/comments?post=495"}],"version-history":[{"count":21,"href":"https:\/\/smmpartizanske.sk\/index.php\/wp-json\/wp\/v2\/pages\/495\/revisions"}],"predecessor-version":[{"id":16520,"href":"https:\/\/smmpartizanske.sk\/index.php\/wp-json\/wp\/v2\/pages\/495\/revisions\/16520"}],"wp:featuredmedia":[{"embeddable":true,"href":"https:\/\/smmpartizanske.sk\/index.php\/wp-json\/wp\/v2\/media\/4906"}],"wp:attachment":[{"href":"https:\/\/smmpartizanske.sk\/index.php\/wp-json\/wp\/v2\/media?parent=495"}],"curies":[{"name":"wp","href":"https:\/\/api.w.org\/{rel}","templated":true}]}}