{"id":292,"date":"2018-02-13T11:29:48","date_gmt":"2018-02-13T10:29:48","guid":{"rendered":"http:\/\/smmpartizanske.sk\/?page_id=292"},"modified":"2025-01-17T15:34:28","modified_gmt":"2025-01-17T14:34:28","slug":"stvrtrocne-prehlady-rok-2017","status":"publish","type":"page","link":"https:\/\/smmpartizanske.sk\/index.php\/verejne-obstaravanie\/stvrtrocne-prehlady-rok-2017\/","title":{"rendered":"\u0160tvr\u0165ro\u010dn\u00e9 preh\u013eady &#8211; rok 2017"},"content":{"rendered":"<h2 class=\"elementor-heading-title elementor-size-default\" style=\"text-align: center;\"><span style=\"color: #01559e;\"><strong>\u0160tvr\u0165ro\u010dn\u00e9 preh\u013eady &#8211; rok 2017 &#8211; III. \u0161tvr\u0165rok<\/strong><\/span><\/h2>\n<p>2. <strong>Predmet z\u00e1kazky<\/strong>: V\u00fdmena okien v podkrovn\u00fdch bytoch a spolo\u010dnej chodbe domu \u010d. 156 ul. R.Ja\u0161\u00edka Partiz\u00e1nske<\/p>\n<p><strong>Identifik\u00e1cia \u00faspe\u0161n\u00e9ho uch\u00e1dza\u010da<\/strong>:  HOOP s.r.o.,Gen. Svobodu 1069\/4, Partiz\u00e1nske, I\u010cO 43817793<\/p>\n<p><strong>Hodnota z\u00e1kazky bez DPH (\u20ac)<\/strong>: 5 124,80<\/p>\n<p><strong>Zverejnen\u00e9 : 14.9.2017<\/strong><\/p>\n<p>1. <strong>Predmet z\u00e1kazky<\/strong>: San\u00e1cia bal\u00f3nov domu \u010d. 945\/20,20A ul. Febru\u00e1rova Partiz\u00e1nske<\/p>\n<p><strong>Identifik\u00e1cia \u00faspe\u0161n\u00e9ho uch\u00e1dza\u010da<\/strong>:  BAU &#8211; STAV plus Slovakia s. r. o., 29. augusta 1503\/1A, Partiz\u00e1nske, I\u010cO 46773665<\/p>\n<p><strong>Hodnota z\u00e1kazky bez DPH (\u20ac)<\/strong>: 5 115,15<\/p>\n<p><strong>Zverejnen\u00e9 : 14.9.2017<\/strong><\/p>\n","protected":false},"excerpt":{"rendered":"<p>\u0160tvr\u0165ro\u010dn\u00e9 preh\u013eady &#8211; rok 2017 &#8211; III. \u0161tvr\u0165rok 2. Predmet z\u00e1kazky: V\u00fdmena okien v podkrovn\u00fdch bytoch a spolo\u010dnej chodbe domu [&hellip;]<\/p>\n","protected":false},"author":1,"featured_media":17436,"parent":141,"menu_order":0,"comment_status":"closed","ping_status":"closed","template":"","meta":{"site-sidebar-layout":"default","site-content-layout":"","ast-site-content-layout":"default","site-content-style":"default","site-sidebar-style":"default","ast-global-header-display":"","ast-banner-title-visibility":"","ast-main-header-display":"","ast-hfb-above-header-display":"","ast-hfb-below-header-display":"","ast-hfb-mobile-header-display":"","site-post-title":"","ast-breadcrumbs-content":"","ast-featured-img":"","footer-sml-layout":"","theme-transparent-header-meta":"default","adv-header-id-meta":"","stick-header-meta":"","header-above-stick-meta":"","header-main-stick-meta":"","header-below-stick-meta":"","astra-migrate-meta-layouts":"set","ast-page-background-enabled":"default","ast-page-background-meta":{"desktop":{"background-color":"var(--ast-global-color-5)","background-image":"","background-repeat":"repeat","background-position":"center center","background-size":"auto","background-attachment":"scroll","background-type":"","background-media":"","overlay-type":"","overlay-color":"","overlay-opacity":"","overlay-gradient":""},"tablet":{"background-color":"","background-image":"","background-repeat":"repeat","background-position":"center center","background-size":"auto","background-attachment":"scroll","background-type":"","background-media":"","overlay-type":"","overlay-color":"","overlay-opacity":"","overlay-gradient":""},"mobile":{"background-color":"","background-image":"","background-repeat":"repeat","background-position":"center center","background-size":"auto","background-attachment":"scroll","background-type":"","background-media":"","overlay-type":"","overlay-color":"","overlay-opacity":"","overlay-gradient":""}},"ast-content-background-meta":{"desktop":{"background-color":"var(--ast-global-color-4)","background-image":"","background-repeat":"repeat","background-position":"center center","background-size":"auto","background-attachment":"scroll","background-type":"","background-media":"","overlay-type":"","overlay-color":"","overlay-opacity":"","overlay-gradient":""},"tablet":{"background-color":"var(--ast-global-color-4)","background-image":"","background-repeat":"repeat","background-position":"center center","background-size":"auto","background-attachment":"scroll","background-type":"","background-media":"","overlay-type":"","overlay-color":"","overlay-opacity":"","overlay-gradient":""},"mobile":{"background-color":"var(--ast-global-color-4)","background-image":"","background-repeat":"repeat","background-position":"center center","background-size":"auto","background-attachment":"scroll","background-type":"","background-media":"","overlay-type":"","overlay-color":"","overlay-opacity":"","overlay-gradient":""}},"footnotes":""},"class_list":["post-292","page","type-page","status-publish","has-post-thumbnail","hentry"],"_links":{"self":[{"href":"https:\/\/smmpartizanske.sk\/index.php\/wp-json\/wp\/v2\/pages\/292","targetHints":{"allow":["GET"]}}],"collection":[{"href":"https:\/\/smmpartizanske.sk\/index.php\/wp-json\/wp\/v2\/pages"}],"about":[{"href":"https:\/\/smmpartizanske.sk\/index.php\/wp-json\/wp\/v2\/types\/page"}],"author":[{"embeddable":true,"href":"https:\/\/smmpartizanske.sk\/index.php\/wp-json\/wp\/v2\/users\/1"}],"replies":[{"embeddable":true,"href":"https:\/\/smmpartizanske.sk\/index.php\/wp-json\/wp\/v2\/comments?post=292"}],"version-history":[{"count":2,"href":"https:\/\/smmpartizanske.sk\/index.php\/wp-json\/wp\/v2\/pages\/292\/revisions"}],"predecessor-version":[{"id":17905,"href":"https:\/\/smmpartizanske.sk\/index.php\/wp-json\/wp\/v2\/pages\/292\/revisions\/17905"}],"up":[{"embeddable":true,"href":"https:\/\/smmpartizanske.sk\/index.php\/wp-json\/wp\/v2\/pages\/141"}],"wp:featuredmedia":[{"embeddable":true,"href":"https:\/\/smmpartizanske.sk\/index.php\/wp-json\/wp\/v2\/media\/17436"}],"wp:attachment":[{"href":"https:\/\/smmpartizanske.sk\/index.php\/wp-json\/wp\/v2\/media?parent=292"}],"curies":[{"name":"wp","href":"https:\/\/api.w.org\/{rel}","templated":true}]}}