{"id":290,"date":"2018-02-13T11:29:07","date_gmt":"2018-02-13T10:29:07","guid":{"rendered":"http:\/\/smmpartizanske.sk\/?page_id=290"},"modified":"2025-01-17T15:34:56","modified_gmt":"2025-01-17T14:34:56","slug":"stvrtrocne-prehlady-rok-2016","status":"publish","type":"page","link":"https:\/\/smmpartizanske.sk\/index.php\/verejne-obstaravanie\/stvrtrocne-prehlady-rok-2016\/","title":{"rendered":"\u0160tvr\u0165ro\u010dn\u00e9 preh\u013eady &#8211; rok 2016"},"content":{"rendered":"<h2 class=\"elementor-heading-title elementor-size-default\" style=\"text-align: center;\"><span style=\"color: #01559e;\"><strong>\u0160tvr\u0165ro\u010dn\u00e9 preh\u013eady &#8211; rok 2016<\/strong><\/span><\/h2>\n<p>1. <strong>Predmet z\u00e1kazky<\/strong>: Stavebn\u00e9 pr\u00e1ce -elektroin\u0161tala\u010dn\u00e9 a k\u00faren\u00e1rske pr\u00e1ce v \u0161atniach a soc. zariaden\u00ed z\u00e1kladnej \u0161koly na N\u00e1m. SNP 200\/22 v Partiz\u00e1nskom<\/p>\n<p><strong>Identifik\u00e1cia \u00faspe\u0161n\u00e9ho uch\u00e1dza\u010da<\/strong>: S.stav s.r.o., 958 44 Kl\u00e1tov\u00e1 Nov\u00e1 Ves 117<\/p>\n<p><strong>Hodnota z\u00e1kazky bez DPH (\u20ac)<\/strong>: 1.198,-<\/p>\n<p><strong>Zverejnen\u00e9:<\/strong> 16.02.2016<\/p>\n<p><strong>S\u00fahrnn\u00e1 spr\u00e1va o z\u00e1kazk\u00e1ch pod\u013ea \u00a7117 Z\u00e1k. \u010d. 343\/2015 Z.z. o verejnom obstar\u00e1van\u00ed ( od 18.4.2016) za II. \u0161tvr\u0165rok 2016<\/strong><\/p>\n<p>1. <strong>Predmet z\u00e1kazky<\/strong>: V\u00fdmena kanaliza\u010dn\u00e9ho potrubia v soci\u00e1lnych zariadeniach \u0161koly na n\u00e1m. SNP 200\/22 v Partiz\u00e1nskom<\/p>\n<p><strong>Identifik\u00e1cia \u00faspe\u0161n\u00e9ho uch\u00e1dza\u010da<\/strong>: Technick\u00e9 slu\u017eby mesta Partiz\u00e1nske, spol. s r.o.<\/p>\n<p><strong>Hodnota z\u00e1kazky bez DPH (\u20ac)<\/strong>: 6 450,-<\/p>\n<p><strong>Zverejnen\u00e9:<\/strong> 08.07.2016<\/p>\n","protected":false},"excerpt":{"rendered":"<p>\u0160tvr\u0165ro\u010dn\u00e9 preh\u013eady &#8211; rok 2016 1. Predmet z\u00e1kazky: Stavebn\u00e9 pr\u00e1ce -elektroin\u0161tala\u010dn\u00e9 a k\u00faren\u00e1rske pr\u00e1ce v \u0161atniach a soc. zariaden\u00ed z\u00e1kladnej [&hellip;]<\/p>\n","protected":false},"author":1,"featured_media":17436,"parent":141,"menu_order":0,"comment_status":"closed","ping_status":"closed","template":"","meta":{"site-sidebar-layout":"default","site-content-layout":"","ast-site-content-layout":"default","site-content-style":"default","site-sidebar-style":"default","ast-global-header-display":"","ast-banner-title-visibility":"","ast-main-header-display":"","ast-hfb-above-header-display":"","ast-hfb-below-header-display":"","ast-hfb-mobile-header-display":"","site-post-title":"","ast-breadcrumbs-content":"","ast-featured-img":"","footer-sml-layout":"","theme-transparent-header-meta":"default","adv-header-id-meta":"","stick-header-meta":"","header-above-stick-meta":"","header-main-stick-meta":"","header-below-stick-meta":"","astra-migrate-meta-layouts":"set","ast-page-background-enabled":"default","ast-page-background-meta":{"desktop":{"background-color":"var(--ast-global-color-5)","background-image":"","background-repeat":"repeat","background-position":"center center","background-size":"auto","background-attachment":"scroll","background-type":"","background-media":"","overlay-type":"","overlay-color":"","overlay-opacity":"","overlay-gradient":""},"tablet":{"background-color":"","background-image":"","background-repeat":"repeat","background-position":"center center","background-size":"auto","background-attachment":"scroll","background-type":"","background-media":"","overlay-type":"","overlay-color":"","overlay-opacity":"","overlay-gradient":""},"mobile":{"background-color":"","background-image":"","background-repeat":"repeat","background-position":"center center","background-size":"auto","background-attachment":"scroll","background-type":"","background-media":"","overlay-type":"","overlay-color":"","overlay-opacity":"","overlay-gradient":""}},"ast-content-background-meta":{"desktop":{"background-color":"var(--ast-global-color-4)","background-image":"","background-repeat":"repeat","background-position":"center center","background-size":"auto","background-attachment":"scroll","background-type":"","background-media":"","overlay-type":"","overlay-color":"","overlay-opacity":"","overlay-gradient":""},"tablet":{"background-color":"var(--ast-global-color-4)","background-image":"","background-repeat":"repeat","background-position":"center center","background-size":"auto","background-attachment":"scroll","background-type":"","background-media":"","overlay-type":"","overlay-color":"","overlay-opacity":"","overlay-gradient":""},"mobile":{"background-color":"var(--ast-global-color-4)","background-image":"","background-repeat":"repeat","background-position":"center center","background-size":"auto","background-attachment":"scroll","background-type":"","background-media":"","overlay-type":"","overlay-color":"","overlay-opacity":"","overlay-gradient":""}},"footnotes":""},"class_list":["post-290","page","type-page","status-publish","has-post-thumbnail","hentry"],"_links":{"self":[{"href":"https:\/\/smmpartizanske.sk\/index.php\/wp-json\/wp\/v2\/pages\/290","targetHints":{"allow":["GET"]}}],"collection":[{"href":"https:\/\/smmpartizanske.sk\/index.php\/wp-json\/wp\/v2\/pages"}],"about":[{"href":"https:\/\/smmpartizanske.sk\/index.php\/wp-json\/wp\/v2\/types\/page"}],"author":[{"embeddable":true,"href":"https:\/\/smmpartizanske.sk\/index.php\/wp-json\/wp\/v2\/users\/1"}],"replies":[{"embeddable":true,"href":"https:\/\/smmpartizanske.sk\/index.php\/wp-json\/wp\/v2\/comments?post=290"}],"version-history":[{"count":2,"href":"https:\/\/smmpartizanske.sk\/index.php\/wp-json\/wp\/v2\/pages\/290\/revisions"}],"predecessor-version":[{"id":17907,"href":"https:\/\/smmpartizanske.sk\/index.php\/wp-json\/wp\/v2\/pages\/290\/revisions\/17907"}],"up":[{"embeddable":true,"href":"https:\/\/smmpartizanske.sk\/index.php\/wp-json\/wp\/v2\/pages\/141"}],"wp:featuredmedia":[{"embeddable":true,"href":"https:\/\/smmpartizanske.sk\/index.php\/wp-json\/wp\/v2\/media\/17436"}],"wp:attachment":[{"href":"https:\/\/smmpartizanske.sk\/index.php\/wp-json\/wp\/v2\/media?parent=290"}],"curies":[{"name":"wp","href":"https:\/\/api.w.org\/{rel}","templated":true}]}}