{"id":288,"date":"2018-02-13T11:28:32","date_gmt":"2018-02-13T10:28:32","guid":{"rendered":"http:\/\/smmpartizanske.sk\/?page_id=288"},"modified":"2025-01-17T15:35:42","modified_gmt":"2025-01-17T14:35:42","slug":"stvrtrocne-prehlady-rok-2015","status":"publish","type":"page","link":"https:\/\/smmpartizanske.sk\/index.php\/verejne-obstaravanie\/stvrtrocne-prehlady-rok-2015\/","title":{"rendered":"\u0160tvr\u0165ro\u010dn\u00e9 preh\u013eady &#8211; rok 2015"},"content":{"rendered":"<h2 class=\"elementor-heading-title elementor-size-default\" style=\"text-align: center;\"><span style=\"color: #01559e;\"><strong>\u0160tvr\u0165ro\u010dn\u00e9 preh\u013eady &#8211; rok 2015<\/strong><\/span><\/h2>\n<p style=\"text-align: left;\">4. <strong>Predmet z\u00e1kazky:<\/strong> Mont\u00e1\u017e dorozumievacieho zariadenia na dome \u010d. 1029\/30,32,34,36 ul. Ve\u013ek\u00e1 okru\u017en\u00e1<\/p>\n<p style=\"text-align: left;\"><strong>Identifik\u00e1cia \u00faspe\u0161n\u00e9ho uch\u00e1dza\u010da:<\/strong> Anton Belis &#8211; TONY, Bielick\u00e1 152\/64, Partiz\u00e1nske<\/p>\n<p style=\"text-align: left;\"><strong>Hodnota z\u00e1kazky bez DPH (\u20ac):<\/strong> 3.329,-<\/p>\n<p style=\"text-align: left;\">Zverejnen\u00e9: 09.12.2015<\/p>\n<p style=\"text-align: left;\">3. <strong>Predmet z\u00e1kazky:<\/strong> Zriadenie \u0161atn\u00ed a soci\u00e1lnych zariaden\u00ed v budove z\u00e1kladnej \u0161koly na N\u00e1m. SNP 200\/22 v Partiz\u00e1nskom<\/p>\n<p style=\"text-align: left;\"><strong>Identifik\u00e1cia \u00faspe\u0161n\u00e9ho uch\u00e1dza\u010da:<\/strong> S-STAV, s. r. o., Kl\u00e1tov\u00e1 Nov\u00e1 Ves<\/p>\n<p style=\"text-align: left;\"><strong>Hodnota z\u00e1kazky bez DPH (\u20ac):<\/strong> 12.616,32<\/p>\n<p style=\"text-align: left;\">Zverejnen\u00e9: 02.12.2015<\/p>\n<p style=\"text-align: left;\">2. <strong>Predmet zak\u00e1zky:<\/strong> Elektronick\u00fd zabezpe\u010dovac\u00ed syst\u00e9m<\/p>\n<p style=\"text-align: left;\"><strong>Identifik\u00e1cia \u00faspe\u0161n\u00e9ho uch\u00e1dza\u010da:<\/strong> Selora s.r.o. Partiz\u00e1nske<\/p>\n<p style=\"text-align: left;\"><strong>Hodnota z\u00e1kazky bez DPH (\u20ac):<\/strong> 2.699,-<\/p>\n<p style=\"text-align: left;\">Zverejnen\u00e9: 04.11.2015<\/p>\n<h3><\/h3>\n<p style=\"text-align: left;\">1. <strong>Predmet zak\u00e1zky:<\/strong> V\u00fdmena okien za plastov\u00e9 v objekte SMM, n.o. Partiz\u00e1nske<\/p>\n<p style=\"text-align: left;\"><strong>Identifik\u00e1cia \u00faspe\u0161n\u00e9ho uch\u00e1dza\u010da:<\/strong> Roman Rau\u010dina, o.z. Slovaktual<\/p>\n<p style=\"text-align: left;\"><strong>Hodnota z\u00e1kazky bez DPH (\u20ac):<\/strong> 2.239,63,-<\/p>\n<p style=\"text-align: left;\">Zverejnen\u00e9: 05.10.2015<\/p>\n<h3><\/h3>\n<h3>S\u00fahrnn\u00e1 spr\u00e1va o zak\u00e1zkach pod\u013ea \u00a7 9 ods. 9 Z\u00e1kona o verejnom obstar\u00e1van\u00ed za III. \u0161tvr\u0165rok 2015<\/h3>\n<p style=\"text-align: left;\"> 1. <strong>Predmet zak\u00e1zky:<\/strong> V\u00fdmena vchodov\u00fdch dver\u00ed V. Okru\u017en\u00e1 1029\/30,32,34,36 v Partiz\u00e1nskom<\/p>\n<p style=\"text-align: left;\">    <strong>Identifik\u00e1cia \u00faspe\u0161n\u00e9ho uch\u00e1dza\u010da:<\/strong> VP plast, s.r.o.<\/p>\n<p style=\"text-align: left;\">    <strong>Hodnota z\u00e1kazky bez DPH (\u20ac):<\/strong> 5.921,60,-<\/p>\n<p style=\"text-align: left;\">    Zverejnen\u00e9: 28.8.2015<\/p>\n<h3><\/h3>\n<h3>S\u00fahrnn\u00e1 spr\u00e1va o z\u00e1kazkach pod\u013ea \u00a7 9 ods. 9 Z\u00e1kona o verejnom obstar\u00e1van\u00ed za II. \u0161tvr\u0165rok 2015<\/h3>\n<p style=\"text-align: left;\"> 1. <strong>Predmet zak\u00e1zky:<\/strong> \u00daprava ukotvenia stropu v kine Partiz\u00e1nske<\/p>\n<p style=\"text-align: left;\">    <strong>Identifik\u00e1cia \u00faspe\u0161n\u00e9ho uch\u00e1dza\u010da:<\/strong> AV MEDIA, a.s.<\/p>\n<p style=\"text-align: left;\">    <strong>Hodnota z\u00e1kazky bez DPH (\u20ac):<\/strong> 2.000,-<\/p>\n<p style=\"text-align: left;\">    Zverejnen\u00e9: 24.6.2015<\/p>\n","protected":false},"excerpt":{"rendered":"<p>\u0160tvr\u0165ro\u010dn\u00e9 preh\u013eady &#8211; rok 2015 4. Predmet z\u00e1kazky: Mont\u00e1\u017e dorozumievacieho zariadenia na dome \u010d. 1029\/30,32,34,36 ul. Ve\u013ek\u00e1 okru\u017en\u00e1 Identifik\u00e1cia \u00faspe\u0161n\u00e9ho [&hellip;]<\/p>\n","protected":false},"author":1,"featured_media":17436,"parent":141,"menu_order":0,"comment_status":"closed","ping_status":"closed","template":"","meta":{"site-sidebar-layout":"default","site-content-layout":"","ast-site-content-layout":"default","site-content-style":"default","site-sidebar-style":"default","ast-global-header-display":"","ast-banner-title-visibility":"","ast-main-header-display":"","ast-hfb-above-header-display":"","ast-hfb-below-header-display":"","ast-hfb-mobile-header-display":"","site-post-title":"","ast-breadcrumbs-content":"","ast-featured-img":"","footer-sml-layout":"","theme-transparent-header-meta":"default","adv-header-id-meta":"","stick-header-meta":"","header-above-stick-meta":"","header-main-stick-meta":"","header-below-stick-meta":"","astra-migrate-meta-layouts":"set","ast-page-background-enabled":"default","ast-page-background-meta":{"desktop":{"background-color":"var(--ast-global-color-5)","background-image":"","background-repeat":"repeat","background-position":"center center","background-size":"auto","background-attachment":"scroll","background-type":"","background-media":"","overlay-type":"","overlay-color":"","overlay-opacity":"","overlay-gradient":""},"tablet":{"background-color":"","background-image":"","background-repeat":"repeat","background-position":"center center","background-size":"auto","background-attachment":"scroll","background-type":"","background-media":"","overlay-type":"","overlay-color":"","overlay-opacity":"","overlay-gradient":""},"mobile":{"background-color":"","background-image":"","background-repeat":"repeat","background-position":"center center","background-size":"auto","background-attachment":"scroll","background-type":"","background-media":"","overlay-type":"","overlay-color":"","overlay-opacity":"","overlay-gradient":""}},"ast-content-background-meta":{"desktop":{"background-color":"var(--ast-global-color-4)","background-image":"","background-repeat":"repeat","background-position":"center center","background-size":"auto","background-attachment":"scroll","background-type":"","background-media":"","overlay-type":"","overlay-color":"","overlay-opacity":"","overlay-gradient":""},"tablet":{"background-color":"var(--ast-global-color-4)","background-image":"","background-repeat":"repeat","background-position":"center center","background-size":"auto","background-attachment":"scroll","background-type":"","background-media":"","overlay-type":"","overlay-color":"","overlay-opacity":"","overlay-gradient":""},"mobile":{"background-color":"var(--ast-global-color-4)","background-image":"","background-repeat":"repeat","background-position":"center center","background-size":"auto","background-attachment":"scroll","background-type":"","background-media":"","overlay-type":"","overlay-color":"","overlay-opacity":"","overlay-gradient":""}},"footnotes":""},"class_list":["post-288","page","type-page","status-publish","has-post-thumbnail","hentry"],"_links":{"self":[{"href":"https:\/\/smmpartizanske.sk\/index.php\/wp-json\/wp\/v2\/pages\/288","targetHints":{"allow":["GET"]}}],"collection":[{"href":"https:\/\/smmpartizanske.sk\/index.php\/wp-json\/wp\/v2\/pages"}],"about":[{"href":"https:\/\/smmpartizanske.sk\/index.php\/wp-json\/wp\/v2\/types\/page"}],"author":[{"embeddable":true,"href":"https:\/\/smmpartizanske.sk\/index.php\/wp-json\/wp\/v2\/users\/1"}],"replies":[{"embeddable":true,"href":"https:\/\/smmpartizanske.sk\/index.php\/wp-json\/wp\/v2\/comments?post=288"}],"version-history":[{"count":2,"href":"https:\/\/smmpartizanske.sk\/index.php\/wp-json\/wp\/v2\/pages\/288\/revisions"}],"predecessor-version":[{"id":17908,"href":"https:\/\/smmpartizanske.sk\/index.php\/wp-json\/wp\/v2\/pages\/288\/revisions\/17908"}],"up":[{"embeddable":true,"href":"https:\/\/smmpartizanske.sk\/index.php\/wp-json\/wp\/v2\/pages\/141"}],"wp:featuredmedia":[{"embeddable":true,"href":"https:\/\/smmpartizanske.sk\/index.php\/wp-json\/wp\/v2\/media\/17436"}],"wp:attachment":[{"href":"https:\/\/smmpartizanske.sk\/index.php\/wp-json\/wp\/v2\/media?parent=288"}],"curies":[{"name":"wp","href":"https:\/\/api.w.org\/{rel}","templated":true}]}}