{"id":286,"date":"2018-02-13T11:27:48","date_gmt":"2018-02-13T10:27:48","guid":{"rendered":"http:\/\/smmpartizanske.sk\/?page_id=286"},"modified":"2025-01-17T15:17:18","modified_gmt":"2025-01-17T14:17:18","slug":"zakazky-2015","status":"publish","type":"page","link":"https:\/\/smmpartizanske.sk\/index.php\/verejne-obstaravanie\/zakazky-2015\/","title":{"rendered":"Z\u00e1kazky pod\u013ea \u00a7 9 ods.9 &#8211; rok 2015"},"content":{"rendered":"<h2 class=\"elementor-heading-title elementor-size-default\" style=\"text-align: center;\"><span style=\"color: #01559e;\"><strong>Z\u00e1kazky pod\u013ea \u00a7 9 ods.9 &#8211; rok 2015<\/strong><\/span><\/h2>\n<p style=\"text-align: left;\">6. <strong>Predmet zak\u00e1zky:<\/strong> <a href=\"http:\/\/smmpartizanske.sk\/wp-content\/uploads\/2015\/11\/6.pdf\" target=\"_blank\" rel=\"noopener\">Mont\u00e1\u017e dorozumievacieho zariadenia na dome \u010d. 1029\/30,32,34,36 ul. Ve\u013ek\u00e1 okru\u017en\u00e1<\/a><\/p>\n<p style=\"text-align: left;\"><strong>Hodnota z\u00e1kazky bez DPH (\u20ac):<\/strong> 7.000, &#8211;<\/p>\n<p style=\"text-align: left;\">Zverejnen\u00e9: 30.11.2015<\/p>\n<p>&nbsp;<\/p>\n<p style=\"text-align: left;\">5. <strong>Predmet zak\u00e1zky:<\/strong> <a href=\"http:\/\/smmpartizanske.sk\/wp-content\/uploads\/2015\/11\/5.pdf\" target=\"_blank\" rel=\"noopener\">Zriadenie \u0161atn\u00ed a soci\u00e1lnych zariaden\u00ed v budove z\u00e1kladnej \u0161koly na N\u00e1m. SNP 200\/22 v Partiz\u00e1nskom<\/a><\/p>\n<p style=\"text-align: left;\"><strong>Hodnota z\u00e1kazky bez DPH (\u20ac):<\/strong> 16.300,-<\/p>\n<p style=\"text-align: left;\">Zverejnen\u00e9: 20.11.2015<\/p>\n<p style=\"text-align: left;\">4. <strong>Predmet zak\u00e1zky:<\/strong> <a href=\"http:\/\/smmpartizanske.sk\/wp-content\/uploads\/2015\/11\/004.pdf\" target=\"_blank\" rel=\"noopener\">Elektronick\u00fd zabezpe\u010dovac\u00ed syst\u00e9m Febru\u00e1rov\u00e1 945\/20,20A<\/a><\/p>\n<p style=\"text-align: left;\"><strong>Hodnota z\u00e1kazky bez DPH (\u20ac):<\/strong> 3.000,-<\/p>\n<p style=\"text-align: left;\">Zverejnen\u00e9: 27.10.2015<\/p>\n<p>&nbsp;<\/p>\n<p style=\"text-align: left;\">3. <strong>Predmet zak\u00e1zky:<\/strong> <a href=\"http:\/\/smmpartizanske.sk\/wp-content\/uploads\/2015\/11\/003.pdf\" target=\"_blank\" rel=\"noopener\">V\u00fdmena okien za plastov\u00e9 v objekte SMM, n.o. Partiz\u00e1nske<\/a><\/p>\n<p style=\"text-align: left;\"><strong>Hodnota z\u00e1kazky bez DPH (\u20ac):<\/strong> 2.500,-<\/p>\n<p style=\"text-align: left;\">Zverejnen\u00e9: 30.9.2015<\/p>\n<p>&nbsp;<\/p>\n<p style=\"text-align: left;\">2. <strong>Predmet zak\u00e1zky:<\/strong> <a href=\"http:\/\/smmpartizanske.sk\/wp-content\/uploads\/2015\/08\/0002.pdf\" target=\"_blank\" rel=\"noopener\">V\u00fdmena vchodov\u00fdch dver\u00ed V. Okru\u017en\u00e1 1029\/30,32,34,36 v Partiz\u00e1nskom<\/a><\/p>\n<p style=\"text-align: left;\"><strong>Hodnota z\u00e1kazky bez DPH (\u20ac):<\/strong> 6.000,-<\/p>\n<p style=\"text-align: left;\">Zverejnen\u00e9: 24.8.2015<\/p>\n<p>&nbsp;<\/p>\n<p style=\"text-align: left;\">1. <strong>Predmet zak\u00e1zky:<\/strong> <a href=\"http:\/\/smmpartizanske.sk\/wp-content\/uploads\/2015\/08\/0001.pdf\" target=\"_blank\" rel=\"noopener\">\u00daprava ukotvenia stropu v kine Partiz\u00e1nske<\/a><\/p>\n<p style=\"text-align: left;\"><strong> Hodnota z\u00e1kazky bez DPH (\u20ac):<\/strong> 2.000,-<\/p>\n<p style=\"text-align: left;\">Zverejnen\u00e9: 24.6.2015<\/p>\n","protected":false},"excerpt":{"rendered":"<p>Z\u00e1kazky pod\u013ea \u00a7 9 ods.9 &#8211; rok 2015 6. Predmet zak\u00e1zky: Mont\u00e1\u017e dorozumievacieho zariadenia na dome \u010d. 1029\/30,32,34,36 ul. Ve\u013ek\u00e1 [&hellip;]<\/p>\n","protected":false},"author":1,"featured_media":17436,"parent":141,"menu_order":0,"comment_status":"closed","ping_status":"closed","template":"","meta":{"site-sidebar-layout":"default","site-content-layout":"","ast-site-content-layout":"default","site-content-style":"default","site-sidebar-style":"default","ast-global-header-display":"","ast-banner-title-visibility":"","ast-main-header-display":"","ast-hfb-above-header-display":"","ast-hfb-below-header-display":"","ast-hfb-mobile-header-display":"","site-post-title":"","ast-breadcrumbs-content":"","ast-featured-img":"","footer-sml-layout":"","theme-transparent-header-meta":"default","adv-header-id-meta":"","stick-header-meta":"","header-above-stick-meta":"","header-main-stick-meta":"","header-below-stick-meta":"","astra-migrate-meta-layouts":"set","ast-page-background-enabled":"default","ast-page-background-meta":{"desktop":{"background-color":"var(--ast-global-color-5)","background-image":"","background-repeat":"repeat","background-position":"center center","background-size":"auto","background-attachment":"scroll","background-type":"","background-media":"","overlay-type":"","overlay-color":"","overlay-opacity":"","overlay-gradient":""},"tablet":{"background-color":"","background-image":"","background-repeat":"repeat","background-position":"center center","background-size":"auto","background-attachment":"scroll","background-type":"","background-media":"","overlay-type":"","overlay-color":"","overlay-opacity":"","overlay-gradient":""},"mobile":{"background-color":"","background-image":"","background-repeat":"repeat","background-position":"center center","background-size":"auto","background-attachment":"scroll","background-type":"","background-media":"","overlay-type":"","overlay-color":"","overlay-opacity":"","overlay-gradient":""}},"ast-content-background-meta":{"desktop":{"background-color":"var(--ast-global-color-4)","background-image":"","background-repeat":"repeat","background-position":"center center","background-size":"auto","background-attachment":"scroll","background-type":"","background-media":"","overlay-type":"","overlay-color":"","overlay-opacity":"","overlay-gradient":""},"tablet":{"background-color":"var(--ast-global-color-4)","background-image":"","background-repeat":"repeat","background-position":"center center","background-size":"auto","background-attachment":"scroll","background-type":"","background-media":"","overlay-type":"","overlay-color":"","overlay-opacity":"","overlay-gradient":""},"mobile":{"background-color":"var(--ast-global-color-4)","background-image":"","background-repeat":"repeat","background-position":"center center","background-size":"auto","background-attachment":"scroll","background-type":"","background-media":"","overlay-type":"","overlay-color":"","overlay-opacity":"","overlay-gradient":""}},"footnotes":""},"class_list":["post-286","page","type-page","status-publish","has-post-thumbnail","hentry"],"_links":{"self":[{"href":"https:\/\/smmpartizanske.sk\/index.php\/wp-json\/wp\/v2\/pages\/286","targetHints":{"allow":["GET"]}}],"collection":[{"href":"https:\/\/smmpartizanske.sk\/index.php\/wp-json\/wp\/v2\/pages"}],"about":[{"href":"https:\/\/smmpartizanske.sk\/index.php\/wp-json\/wp\/v2\/types\/page"}],"author":[{"embeddable":true,"href":"https:\/\/smmpartizanske.sk\/index.php\/wp-json\/wp\/v2\/users\/1"}],"replies":[{"embeddable":true,"href":"https:\/\/smmpartizanske.sk\/index.php\/wp-json\/wp\/v2\/comments?post=286"}],"version-history":[{"count":3,"href":"https:\/\/smmpartizanske.sk\/index.php\/wp-json\/wp\/v2\/pages\/286\/revisions"}],"predecessor-version":[{"id":17886,"href":"https:\/\/smmpartizanske.sk\/index.php\/wp-json\/wp\/v2\/pages\/286\/revisions\/17886"}],"up":[{"embeddable":true,"href":"https:\/\/smmpartizanske.sk\/index.php\/wp-json\/wp\/v2\/pages\/141"}],"wp:featuredmedia":[{"embeddable":true,"href":"https:\/\/smmpartizanske.sk\/index.php\/wp-json\/wp\/v2\/media\/17436"}],"wp:attachment":[{"href":"https:\/\/smmpartizanske.sk\/index.php\/wp-json\/wp\/v2\/media?parent=286"}],"curies":[{"name":"wp","href":"https:\/\/api.w.org\/{rel}","templated":true}]}}