{"id":284,"date":"2018-02-13T11:27:14","date_gmt":"2018-02-13T10:27:14","guid":{"rendered":"http:\/\/smmpartizanske.sk\/?page_id=284"},"modified":"2025-01-17T15:22:53","modified_gmt":"2025-01-17T14:22:53","slug":"zakazky-2016","status":"publish","type":"page","link":"https:\/\/smmpartizanske.sk\/index.php\/verejne-obstaravanie\/zakazky-2016\/","title":{"rendered":"Z\u00e1kazky pod\u013ea \u00a7 117 z\u00e1k. \u010d. 343\/2015 &#8211; rok 2016"},"content":{"rendered":"<h2 class=\"elementor-heading-title elementor-size-default\" style=\"text-align: center;\"><span style=\"color: #01559e;\"><strong>Z\u00e1kazky pod\u013ea \u00a7 117 z\u00e1k. \u010d. 343\/2015 &#8211; rok 2016<\/strong><\/span><\/h2>\n<p>7. Predmet z\u00e1kazky: <a href=\"http:\/\/smmpartizanske.sk\/wp-content\/uploads\/2016\/11\/72016.pdf\" target=\"_blank\" rel=\"noopener\">V\u00fdmena okien v 5 bytoch dom \u010d. 156 ul. R. Ja\u0161\u00edka <\/a><\/p>\n<p>Hodnota z\u00e1kazky bez DPH (\u20ac): 2 452,38<\/p>\n<p>Zverejnen\u00e9: 23.11.2016<\/p>\n<p>6. Predmet z\u00e1kazky: <a href=\"http:\/\/smmpartizanske.sk\/wp-content\/uploads\/2016\/11\/6_2016.pdf\" target=\"_blank\" rel=\"noopener\">V\u00fdmena balk\u00f3nov\u00fdch okien na schodi\u0161ti dom \u010d. 652 ul. R. Ja\u0161\u00edka <\/a><\/p>\n<p>Hodnota z\u00e1kazky bez DPH (\u20ac): 1 854,47<\/p>\n<p>Zverejnen\u00e9: 02.11.2016<\/p>\n<p>5. Predmet z\u00e1kazky: <a href=\"http:\/\/smmpartizanske.sk\/wp-content\/uploads\/2016\/09\/5_2016.pdf\" target=\"_blank\" rel=\"noopener\">V\u00fdmena schodiskov\u00fdch okien dom \u010d. 173 ul. \u0160kult\u00e9tyho<\/a><\/p>\n<p>Hodnota z\u00e1kazky bez DPH (\u20ac): 2.882,24<\/p>\n<p>Zverejnen\u00e9: 30.09.2016<\/p>\n<p>4. Predmet z\u00e1kazky: <a href=\"http:\/\/smmpartizanske.sk\/wp-content\/uploads\/2016\/09\/4_2016.pdf\" target=\"_blank\" rel=\"noopener\">V\u00fdmena schodiskov\u00fdch okien dom \u010d. 156 ul. R. Ja\u0161\u00edka<\/a><\/p>\n<p>Hodnota z\u00e1kazky bez DPH (\u20ac): 1.303,84<\/p>\n<p>Zverejnen\u00e9: 30.09.2016<\/p>\n<p>3. Predmet z\u00e1kazky: <a href=\"http:\/\/smmpartizanske.sk\/wp-content\/uploads\/2016\/09\/3_2016.pdf\" target=\"_blank\" rel=\"noopener\">V\u00fdmena schodiskov\u00fdch okien dom \u010d. 686 ul. N\u00e1dra\u017en\u00e1 <\/a><\/p>\n<p>Hodnota z\u00e1kazky bez DPH (\u20ac): 1.904,75<\/p>\n<p>Zverejnen\u00e9: 30.09.2016<\/p>\n<p>2. Predmet z\u00e1kazky: <a href=\"http:\/\/smmpartizanske.sk\/wp-content\/uploads\/2016\/06\/2_2016.pdf\" target=\"_blank\" rel=\"noopener\">V\u00fdmena kanaliza\u010dn\u00e9ho potrubia v soci\u00e1lnych zariadeniach \u0161koly na N\u00e1m. SNP 200\/22 v Partiz\u00e1nskom<\/a><\/p>\n<p>Hodnota z\u00e1kazky bez DPH (\u20ac): 7.081,19<\/p>\n<p>Zverejnen\u00e9: 23.06.2016<\/p>\n<p>1. Predmet z\u00e1kazky: <a href=\"http:\/\/smmpartizanske.sk\/wp-content\/uploads\/2016\/02\/01_2016.pdf\" target=\"_blank\" rel=\"noopener\">Stavebn\u00e9 pr\u00e1ce -elektroin\u0161tala\u010dn\u00e9 a k\u00faren\u00e1rske pr\u00e1ce v \u0161atniach a soc. zariaden\u00ed z\u00e1kladnej \u0161koly na N\u00e1m. SNP 200\/22 v Partiz\u00e1nskom<\/a><\/p>\n<p>Hodnota z\u00e1kazky bez DPH (\u20ac): 1.300,-<\/p>\n<p>Zverejnen\u00e9: 10.02.2016<\/p>\n","protected":false},"excerpt":{"rendered":"<p>Z\u00e1kazky pod\u013ea \u00a7 117 z\u00e1k. \u010d. 343\/2015 &#8211; rok 2016 7. Predmet z\u00e1kazky: V\u00fdmena okien v 5 bytoch dom \u010d. [&hellip;]<\/p>\n","protected":false},"author":1,"featured_media":17436,"parent":141,"menu_order":0,"comment_status":"closed","ping_status":"closed","template":"","meta":{"site-sidebar-layout":"default","site-content-layout":"","ast-site-content-layout":"default","site-content-style":"default","site-sidebar-style":"default","ast-global-header-display":"","ast-banner-title-visibility":"","ast-main-header-display":"","ast-hfb-above-header-display":"","ast-hfb-below-header-display":"","ast-hfb-mobile-header-display":"","site-post-title":"","ast-breadcrumbs-content":"","ast-featured-img":"","footer-sml-layout":"","theme-transparent-header-meta":"default","adv-header-id-meta":"","stick-header-meta":"","header-above-stick-meta":"","header-main-stick-meta":"","header-below-stick-meta":"","astra-migrate-meta-layouts":"set","ast-page-background-enabled":"default","ast-page-background-meta":{"desktop":{"background-color":"var(--ast-global-color-5)","background-image":"","background-repeat":"repeat","background-position":"center center","background-size":"auto","background-attachment":"scroll","background-type":"","background-media":"","overlay-type":"","overlay-color":"","overlay-opacity":"","overlay-gradient":""},"tablet":{"background-color":"","background-image":"","background-repeat":"repeat","background-position":"center center","background-size":"auto","background-attachment":"scroll","background-type":"","background-media":"","overlay-type":"","overlay-color":"","overlay-opacity":"","overlay-gradient":""},"mobile":{"background-color":"","background-image":"","background-repeat":"repeat","background-position":"center center","background-size":"auto","background-attachment":"scroll","background-type":"","background-media":"","overlay-type":"","overlay-color":"","overlay-opacity":"","overlay-gradient":""}},"ast-content-background-meta":{"desktop":{"background-color":"var(--ast-global-color-4)","background-image":"","background-repeat":"repeat","background-position":"center center","background-size":"auto","background-attachment":"scroll","background-type":"","background-media":"","overlay-type":"","overlay-color":"","overlay-opacity":"","overlay-gradient":""},"tablet":{"background-color":"var(--ast-global-color-4)","background-image":"","background-repeat":"repeat","background-position":"center center","background-size":"auto","background-attachment":"scroll","background-type":"","background-media":"","overlay-type":"","overlay-color":"","overlay-opacity":"","overlay-gradient":""},"mobile":{"background-color":"var(--ast-global-color-4)","background-image":"","background-repeat":"repeat","background-position":"center center","background-size":"auto","background-attachment":"scroll","background-type":"","background-media":"","overlay-type":"","overlay-color":"","overlay-opacity":"","overlay-gradient":""}},"footnotes":""},"class_list":["post-284","page","type-page","status-publish","has-post-thumbnail","hentry"],"_links":{"self":[{"href":"https:\/\/smmpartizanske.sk\/index.php\/wp-json\/wp\/v2\/pages\/284","targetHints":{"allow":["GET"]}}],"collection":[{"href":"https:\/\/smmpartizanske.sk\/index.php\/wp-json\/wp\/v2\/pages"}],"about":[{"href":"https:\/\/smmpartizanske.sk\/index.php\/wp-json\/wp\/v2\/types\/page"}],"author":[{"embeddable":true,"href":"https:\/\/smmpartizanske.sk\/index.php\/wp-json\/wp\/v2\/users\/1"}],"replies":[{"embeddable":true,"href":"https:\/\/smmpartizanske.sk\/index.php\/wp-json\/wp\/v2\/comments?post=284"}],"version-history":[{"count":3,"href":"https:\/\/smmpartizanske.sk\/index.php\/wp-json\/wp\/v2\/pages\/284\/revisions"}],"predecessor-version":[{"id":17894,"href":"https:\/\/smmpartizanske.sk\/index.php\/wp-json\/wp\/v2\/pages\/284\/revisions\/17894"}],"up":[{"embeddable":true,"href":"https:\/\/smmpartizanske.sk\/index.php\/wp-json\/wp\/v2\/pages\/141"}],"wp:featuredmedia":[{"embeddable":true,"href":"https:\/\/smmpartizanske.sk\/index.php\/wp-json\/wp\/v2\/media\/17436"}],"wp:attachment":[{"href":"https:\/\/smmpartizanske.sk\/index.php\/wp-json\/wp\/v2\/media?parent=284"}],"curies":[{"name":"wp","href":"https:\/\/api.w.org\/{rel}","templated":true}]}}