{"id":282,"date":"2018-02-13T11:26:18","date_gmt":"2018-02-13T10:26:18","guid":{"rendered":"http:\/\/smmpartizanske.sk\/?page_id=282"},"modified":"2025-01-17T15:22:32","modified_gmt":"2025-01-17T14:22:32","slug":"zakazky-2017","status":"publish","type":"page","link":"https:\/\/smmpartizanske.sk\/index.php\/verejne-obstaravanie\/zakazky-2017\/","title":{"rendered":"Z\u00e1kazky pod\u013ea \u00a7 117 z\u00e1k. \u010d. 343\/2015 \u2013 rok 2017"},"content":{"rendered":"<h2 class=\"elementor-heading-title elementor-size-default\" style=\"text-align: center;\"><span style=\"color: #01559e;\"><strong>Z\u00e1kazky pod\u013ea \u00a7 117 z\u00e1k. \u010d. 343\/2015 \u2013 rok 2017<\/strong><\/span><\/h2>\n<p>10. Predmet z\u00e1kazky: <a href=\"http:\/\/smmpartizanske.sk\/wp-content\/uploads\/2017\/11\/prikaz112017-1.pdf\" target=\"_blank\" rel=\"noopener\">V\u00fdmena vstupn\u00fdch dver\u00ed do ObZS, Bielick\u00e1 370\/4, Partiz\u00e1nske<\/a><\/p>\n<p>Hodnota z\u00e1kazky bez DPH (\u20ac) : 948,67<\/p>\n<p>Zverejnen\u00e9: 15.11.2017<\/p>\n<p>9. Predmet z\u00e1kazky: <a href=\"http:\/\/smmpartizanske.sk\/wp-content\/uploads\/2017\/11\/prikaz102017.pdf\" target=\"_blank\" rel=\"noopener\">V\u00fdmena vstupn\u00fdch dver\u00ed do budovy \u0161koly na N\u00e1m. SNP \u010d. 200\/22 v Partiz\u00e1nskom<\/a><\/p>\n<p>Hodnota z\u00e1kazky bez DPH (\u20ac) : 2.499,67<\/p>\n<p>Zverejnen\u00e9: 15.11.2017<\/p>\n<p>8. Predmet z\u00e1kazky: <a href=\"http:\/\/smmpartizanske.sk\/wp-content\/uploads\/2017\/11\/opravastrechy.pdf\" target=\"_blank\" rel=\"noopener\">Oprava strechy nad telocvi\u010d\u0148ou na N\u00e1m. SNP 200\/22 Partiz\u00e1nske<\/a><\/p>\n<p>Hodnota z\u00e1kazky bez DPH (\u20ac) : 2.170,-<\/p>\n<p>Zverejnen\u00e9: 14.11.2017<\/p>\n<p>7. Predmet z\u00e1kazky: <a href=\"http:\/\/smmpartizanske.sk\/wp-content\/uploads\/2017\/11\/maliarskeprace.pdf\" target=\"_blank\" rel=\"noopener\">Maliarske pr\u00e1ce v objekte Mestskej polikliniky na ul. Hrn\u010d\u00edrikova 222\/6, Partiz\u00e1nske<\/a>.<\/p>\n<p>Hodnota z\u00e1kazky bez DPH (\u20ac) : 3.464,50<\/p>\n<p>Zverejnen\u00e9: 7.11.2017<\/p>\n<p>6. Predmet z\u00e1kazky: <a href=\"http:\/\/smmpartizanske.sk\/wp-content\/uploads\/2017\/10\/prikaz72017.pdf\" target=\"_blank\" rel=\"noopener\">&#8222;Vyvlo\u017ekovanie kom\u00edna a oprava dymovodov&#8220; v objekte na ul. 29. augusta 1191\/51, 958 01 Partiz\u00e1nske<\/a><\/p>\n<p>Hodnota z\u00e1kazky bez DPH (\u20ac) : 1.900,-<\/p>\n<p>Zverejnen\u00e9: 9.10.2017<\/p>\n<p>5. Predmet z\u00e1kazky: <a href=\"http:\/\/smmpartizanske.sk\/wp-content\/uploads\/2017\/09\/vymenaokien.pdf\" target=\"_blank\" rel=\"noopener\">V\u00fdmena okien v podkrovn\u00fdch bytoch a spolo\u010dnej chodbe domu \u010d. 156 ul. R. Ja\u0161\u00edka Partiz\u00e1nske<\/a><\/p>\n<p>Hodnota z\u00e1kazky bez DPH (\u20ac) : 5.100,-<\/p>\n<p>Zverejnen\u00e9: 25.8.2017<\/p>\n<p>4. Predmet z\u00e1kazky: <a href=\"http:\/\/smmpartizanske.sk\/wp-content\/uploads\/2017\/09\/sanaciabalkonov-1.pdf\" target=\"_blank\" rel=\"noopener\">San\u00e1cia balk\u00f3nov domu \u010d. 945\/20,20A ul. Febru\u00e1rova Partiz\u00e1nske<\/a><\/p>\n<p>Hodnota z\u00e1kazky bez DPH (\u20ac) : 5.190,-<\/p>\n<p>Zverejnen\u00e9: 25.8.2017<\/p>\n<p>3. Predmet z\u00e1kazky: <a href=\"http:\/\/smmpartizanske.sk\/wp-content\/uploads\/2017\/03\/prikaz20173.pdf\" target=\"_blank\" rel=\"noopener\">Oprava logi\u00ed ( podlahy ) na dome \u010d. 652 ul. R. Ja\u0161\u00edka<\/a><\/p>\n<p>Hodnota z\u00e1kazky bez DPH (\u20ac): 1.922,10<\/p>\n<p>Zverejnen\u00e9: 30.03.2017<\/p>\n<p>2. Predmet z\u00e1kazky: <a href=\"http:\/\/smmpartizanske.sk\/wp-content\/uploads\/2017\/03\/prikaz22017.pdf\" target=\"_blank\" rel=\"noopener\">Oprava logi\u00ed ( podlahy ) na dome \u010d. 173 ul. \u0160kult\u00e9tyho<\/a><\/p>\n<p>Hodnota z\u00e1kazky bez DPH (\u20ac): 1.889,-<\/p>\n<p>Zverejnen\u00e9: 30.03.2017<\/p>\n<p>1. Predmet z\u00e1kazky: <a href=\"http:\/\/smmpartizanske.sk\/wp-content\/uploads\/2017\/03\/prikaz20171.pdf\" target=\"_blank\" rel=\"noopener\">V\u00fdmena predn\u00fdch schodiskov\u00fdch okien dom \u010d. 173 \u0160kult\u00e9tyho<\/a><\/p>\n<p>Hodnota z\u00e1kazky bez DPH (\u20ac): 2.029,29<\/p>\n<p>Zverejnen\u00e9: 16.02.2017<\/p>\n","protected":false},"excerpt":{"rendered":"<p>Z\u00e1kazky pod\u013ea \u00a7 117 z\u00e1k. \u010d. 343\/2015 \u2013 rok 2017 10. Predmet z\u00e1kazky: V\u00fdmena vstupn\u00fdch dver\u00ed do ObZS, Bielick\u00e1 370\/4, [&hellip;]<\/p>\n","protected":false},"author":1,"featured_media":17436,"parent":141,"menu_order":0,"comment_status":"closed","ping_status":"closed","template":"","meta":{"site-sidebar-layout":"default","site-content-layout":"","ast-site-content-layout":"default","site-content-style":"default","site-sidebar-style":"default","ast-global-header-display":"","ast-banner-title-visibility":"","ast-main-header-display":"","ast-hfb-above-header-display":"","ast-hfb-below-header-display":"","ast-hfb-mobile-header-display":"","site-post-title":"","ast-breadcrumbs-content":"","ast-featured-img":"","footer-sml-layout":"","theme-transparent-header-meta":"default","adv-header-id-meta":"","stick-header-meta":"","header-above-stick-meta":"","header-main-stick-meta":"","header-below-stick-meta":"","astra-migrate-meta-layouts":"set","ast-page-background-enabled":"default","ast-page-background-meta":{"desktop":{"background-color":"var(--ast-global-color-5)","background-image":"","background-repeat":"repeat","background-position":"center center","background-size":"auto","background-attachment":"scroll","background-type":"","background-media":"","overlay-type":"","overlay-color":"","overlay-opacity":"","overlay-gradient":""},"tablet":{"background-color":"","background-image":"","background-repeat":"repeat","background-position":"center center","background-size":"auto","background-attachment":"scroll","background-type":"","background-media":"","overlay-type":"","overlay-color":"","overlay-opacity":"","overlay-gradient":""},"mobile":{"background-color":"","background-image":"","background-repeat":"repeat","background-position":"center center","background-size":"auto","background-attachment":"scroll","background-type":"","background-media":"","overlay-type":"","overlay-color":"","overlay-opacity":"","overlay-gradient":""}},"ast-content-background-meta":{"desktop":{"background-color":"var(--ast-global-color-4)","background-image":"","background-repeat":"repeat","background-position":"center center","background-size":"auto","background-attachment":"scroll","background-type":"","background-media":"","overlay-type":"","overlay-color":"","overlay-opacity":"","overlay-gradient":""},"tablet":{"background-color":"var(--ast-global-color-4)","background-image":"","background-repeat":"repeat","background-position":"center center","background-size":"auto","background-attachment":"scroll","background-type":"","background-media":"","overlay-type":"","overlay-color":"","overlay-opacity":"","overlay-gradient":""},"mobile":{"background-color":"var(--ast-global-color-4)","background-image":"","background-repeat":"repeat","background-position":"center center","background-size":"auto","background-attachment":"scroll","background-type":"","background-media":"","overlay-type":"","overlay-color":"","overlay-opacity":"","overlay-gradient":""}},"footnotes":""},"class_list":["post-282","page","type-page","status-publish","has-post-thumbnail","hentry"],"_links":{"self":[{"href":"https:\/\/smmpartizanske.sk\/index.php\/wp-json\/wp\/v2\/pages\/282","targetHints":{"allow":["GET"]}}],"collection":[{"href":"https:\/\/smmpartizanske.sk\/index.php\/wp-json\/wp\/v2\/pages"}],"about":[{"href":"https:\/\/smmpartizanske.sk\/index.php\/wp-json\/wp\/v2\/types\/page"}],"author":[{"embeddable":true,"href":"https:\/\/smmpartizanske.sk\/index.php\/wp-json\/wp\/v2\/users\/1"}],"replies":[{"embeddable":true,"href":"https:\/\/smmpartizanske.sk\/index.php\/wp-json\/wp\/v2\/comments?post=282"}],"version-history":[{"count":3,"href":"https:\/\/smmpartizanske.sk\/index.php\/wp-json\/wp\/v2\/pages\/282\/revisions"}],"predecessor-version":[{"id":17893,"href":"https:\/\/smmpartizanske.sk\/index.php\/wp-json\/wp\/v2\/pages\/282\/revisions\/17893"}],"up":[{"embeddable":true,"href":"https:\/\/smmpartizanske.sk\/index.php\/wp-json\/wp\/v2\/pages\/141"}],"wp:featuredmedia":[{"embeddable":true,"href":"https:\/\/smmpartizanske.sk\/index.php\/wp-json\/wp\/v2\/media\/17436"}],"wp:attachment":[{"href":"https:\/\/smmpartizanske.sk\/index.php\/wp-json\/wp\/v2\/media?parent=282"}],"curies":[{"name":"wp","href":"https:\/\/api.w.org\/{rel}","templated":true}]}}