{"id":17417,"date":"2025-01-10T20:44:26","date_gmt":"2025-01-10T19:44:26","guid":{"rendered":"https:\/\/smmpartizanske.sk\/?page_id=17417"},"modified":"2025-01-25T09:26:00","modified_gmt":"2025-01-25T08:26:00","slug":"obchodna-verejna-sutaz","status":"publish","type":"page","link":"https:\/\/smmpartizanske.sk\/index.php\/obchodna-verejna-sutaz\/","title":{"rendered":"Obchodn\u00e1 verejn\u00e1 s\u00fa\u0165a\u017e"},"content":{"rendered":"\t\t<div data-elementor-type=\"wp-page\" data-elementor-id=\"17417\" class=\"elementor elementor-17417\">\n\t\t\t\t<div class=\"elementor-element elementor-element-0e6c831 e-flex e-con-boxed e-con e-parent\" data-id=\"0e6c831\" data-element_type=\"container\" data-settings=\"{&quot;background_background&quot;:&quot;classic&quot;}\">\n\t\t\t\t\t<div class=\"e-con-inner\">\n\t\t\t\t<div class=\"elementor-element elementor-element-747bc85 elementor-widget elementor-widget-heading\" data-id=\"747bc85\" data-element_type=\"widget\" data-widget_type=\"heading.default\">\n\t\t\t\t<div class=\"elementor-widget-container\">\n\t\t\t\t\t<h2 class=\"elementor-heading-title elementor-size-default\">NAJNOV\u0160IE OVS<\/h2>\t\t\t\t<\/div>\n\t\t\t\t<\/div>\n\t\t\t\t<div class=\"elementor-element elementor-element-f5a9651 elementor-grid-eael-col-3 elementor-grid-tablet-eael-col-2 elementor-grid-mobile-eael-col-1 elementor-widget elementor-widget-eael-post-grid\" data-id=\"f5a9651\" data-element_type=\"widget\" data-settings=\"{&quot;eael_post_grid_columns&quot;:&quot;eael-col-3&quot;,&quot;eael_post_grid_columns_tablet&quot;:&quot;eael-col-2&quot;,&quot;eael_post_grid_columns_mobile&quot;:&quot;eael-col-1&quot;}\" data-widget_type=\"eael-post-grid.default\">\n\t\t\t\t<div class=\"elementor-widget-container\">\n\t\t\t\t\t<div id=\"eael-post-grid-f5a9651\" class=\"eael-post-grid-container\">\n            <div class=\"eael-post-grid eael-post-appender eael-post-appender-f5a9651 eael-post-grid-style-two\" data-layout-mode=\"grid\"><article class=\"eael-grid-post eael-post-grid-column\" data-id=\"18762\">\n    <div class=\"eael-grid-post-holder\">\n        <div class=\"eael-grid-post-holder-inner\"><div class=\"eael-entry-media\"><div class=\"eael-entry-overlay fade-in\"><i class=\"fas fa-search\" aria-hidden=\"true\"><\/i><a href=\"https:\/\/smmpartizanske.sk\/index.php\/2026\/03\/18\/budova-ds-alfa-februarova-1478-partizanskey\/\"><\/a><\/div><div class=\"eael-entry-thumbnail eael-image-ratio\">\n                            <img fetchpriority=\"high\" decoding=\"async\" width=\"300\" height=\"185\" src=\"https:\/\/smmpartizanske.sk\/wp-content\/uploads\/2024\/10\/ovs2-300x185.jpg\" class=\"attachment-medium size-medium wp-image-17367\" alt=\"\" srcset=\"https:\/\/smmpartizanske.sk\/wp-content\/uploads\/2024\/10\/ovs2-300x185.jpg 300w, https:\/\/smmpartizanske.sk\/wp-content\/uploads\/2024\/10\/ovs2-768x475.jpg 768w, https:\/\/smmpartizanske.sk\/wp-content\/uploads\/2024\/10\/ovs2.jpg 825w\" sizes=\"(max-width: 300px) 100vw, 300px\" \/>\n                            <\/div>\n                    <\/div><div class=\"eael-entry-wrapper\"><header class=\"eael-entry-header\"><h2 class=\"eael-entry-title\"><a class=\"eael-grid-post-link\" href=\"https:\/\/smmpartizanske.sk\/index.php\/2026\/03\/18\/budova-ds-alfa-februarova-1478-partizanskey\/\" title=\"Budova DS ALFA, Febru\u00e1rov\u00e1 1478, Partiz\u00e1nske\">Budova DS ALFA, Febru\u00e1rov\u00e1 1478, Partiz\u00e1nske<\/a><\/h2><\/header><div class=\"eael-entry-header-after style-two\"><div class=\"eael-entry-meta\"><span class=\"eael-meta-posted-on\"><i class=\"far fa-clock\"><\/i><time datetime=\"18. marca 2026\">18. marca 2026<\/time><\/span><\/div><\/div><\/div><\/div>\n    <\/div>\n<\/article><article class=\"eael-grid-post eael-post-grid-column\" data-id=\"18749\">\n    <div class=\"eael-grid-post-holder\">\n        <div class=\"eael-grid-post-holder-inner\"><div class=\"eael-entry-media\"><div class=\"eael-entry-overlay fade-in\"><i class=\"fas fa-search\" aria-hidden=\"true\"><\/i><a href=\"https:\/\/smmpartizanske.sk\/index.php\/2026\/03\/18\/polyfunkcna-budova-rudolfa-jasika-156-4-partizanske-2\/\"><\/a><\/div><div class=\"eael-entry-thumbnail eael-image-ratio\">\n                            <img decoding=\"async\" width=\"300\" height=\"210\" src=\"https:\/\/smmpartizanske.sk\/wp-content\/uploads\/2025\/01\/slobodaren9_1-1-300x210.jpg\" class=\"attachment-medium size-medium wp-image-17469\" alt=\"\" srcset=\"https:\/\/smmpartizanske.sk\/wp-content\/uploads\/2025\/01\/slobodaren9_1-1-300x210.jpg 300w, https:\/\/smmpartizanske.sk\/wp-content\/uploads\/2025\/01\/slobodaren9_1-1-768x538.jpg 768w, https:\/\/smmpartizanske.sk\/wp-content\/uploads\/2025\/01\/slobodaren9_1-1.jpg 960w\" sizes=\"(max-width: 300px) 100vw, 300px\" \/>\n                            <\/div>\n                    <\/div><div class=\"eael-entry-wrapper\"><header class=\"eael-entry-header\"><h2 class=\"eael-entry-title\"><a class=\"eael-grid-post-link\" href=\"https:\/\/smmpartizanske.sk\/index.php\/2026\/03\/18\/polyfunkcna-budova-rudolfa-jasika-156-4-partizanske-2\/\" title=\"Polyfunk\u010dn\u00e1 budova, Rudolfa Ja\u0161\u00edka 156\/4, Partiz\u00e1nske\">Polyfunk\u010dn\u00e1 budova, Rudolfa Ja\u0161\u00edka 156\/4, Partiz\u00e1nske<\/a><\/h2><\/header><div class=\"eael-entry-header-after style-two\"><div class=\"eael-entry-meta\"><span class=\"eael-meta-posted-on\"><i class=\"far fa-clock\"><\/i><time datetime=\"18. marca 2026\">18. marca 2026<\/time><\/span><\/div><\/div><\/div><\/div>\n    <\/div>\n<\/article><article class=\"eael-grid-post eael-post-grid-column\" data-id=\"18743\">\n    <div class=\"eael-grid-post-holder\">\n        <div class=\"eael-grid-post-holder-inner\"><div class=\"eael-entry-media\"><div class=\"eael-entry-overlay fade-in\"><i class=\"fas fa-search\" aria-hidden=\"true\"><\/i><a href=\"https:\/\/smmpartizanske.sk\/index.php\/2026\/03\/18\/ds-luhy-ul-nadrazna\/\"><\/a><\/div><div class=\"eael-entry-thumbnail eael-image-ratio\">\n                            <img decoding=\"async\" width=\"300\" height=\"173\" src=\"https:\/\/smmpartizanske.sk\/wp-content\/uploads\/2025\/01\/dom_sluzieb_luhy_1-1-300x173.jpg\" class=\"attachment-medium size-medium wp-image-17463\" alt=\"\" srcset=\"https:\/\/smmpartizanske.sk\/wp-content\/uploads\/2025\/01\/dom_sluzieb_luhy_1-1-300x173.jpg 300w, https:\/\/smmpartizanske.sk\/wp-content\/uploads\/2025\/01\/dom_sluzieb_luhy_1-1-768x442.jpg 768w, https:\/\/smmpartizanske.sk\/wp-content\/uploads\/2025\/01\/dom_sluzieb_luhy_1-1.jpg 960w\" sizes=\"(max-width: 300px) 100vw, 300px\" \/>\n                            <\/div>\n                    <\/div><div class=\"eael-entry-wrapper\"><header class=\"eael-entry-header\"><h2 class=\"eael-entry-title\"><a class=\"eael-grid-post-link\" href=\"https:\/\/smmpartizanske.sk\/index.php\/2026\/03\/18\/ds-luhy-ul-nadrazna\/\" title=\"DS-LUHY, ul. N\u00e1dra\u017en\u00e1\">DS-LUHY, ul. N\u00e1dra\u017en\u00e1<\/a><\/h2><\/header><div class=\"eael-entry-header-after style-two\"><div class=\"eael-entry-meta\"><span class=\"eael-meta-posted-on\"><i class=\"far fa-clock\"><\/i><time datetime=\"18. marca 2026\">18. marca 2026<\/time><\/span><\/div><\/div><\/div><\/div>\n    <\/div>\n<\/article><article class=\"eael-grid-post eael-post-grid-column\" data-id=\"18736\">\n    <div class=\"eael-grid-post-holder\">\n        <div class=\"eael-grid-post-holder-inner\"><div class=\"eael-entry-media\"><div class=\"eael-entry-overlay fade-in\"><i class=\"fas fa-search\" aria-hidden=\"true\"><\/i><a href=\"https:\/\/smmpartizanske.sk\/index.php\/2026\/03\/18\/polyfunkcna-budova-februarova-152-1-2\/\"><\/a><\/div><div class=\"eael-entry-thumbnail eael-image-ratio\">\n                            <img loading=\"lazy\" decoding=\"async\" width=\"300\" height=\"185\" src=\"https:\/\/smmpartizanske.sk\/wp-content\/uploads\/2024\/10\/ovs3-300x185.jpg\" class=\"attachment-medium size-medium wp-image-17368\" alt=\"\" srcset=\"https:\/\/smmpartizanske.sk\/wp-content\/uploads\/2024\/10\/ovs3-300x185.jpg 300w, https:\/\/smmpartizanske.sk\/wp-content\/uploads\/2024\/10\/ovs3-768x475.jpg 768w, https:\/\/smmpartizanske.sk\/wp-content\/uploads\/2024\/10\/ovs3.jpg 825w\" sizes=\"(max-width: 300px) 100vw, 300px\" \/>\n                            <\/div>\n                    <\/div><div class=\"eael-entry-wrapper\"><header class=\"eael-entry-header\"><h2 class=\"eael-entry-title\"><a class=\"eael-grid-post-link\" href=\"https:\/\/smmpartizanske.sk\/index.php\/2026\/03\/18\/polyfunkcna-budova-februarova-152-1-2\/\" title=\"Polyfunk\u010dn\u00e1 budova- Febru\u00e1rov\u00e1 152\/1\">Polyfunk\u010dn\u00e1 budova- Febru\u00e1rov\u00e1 152\/1<\/a><\/h2><\/header><div class=\"eael-entry-header-after style-two\"><div class=\"eael-entry-meta\"><span class=\"eael-meta-posted-on\"><i class=\"far fa-clock\"><\/i><time datetime=\"18. marca 2026\">18. marca 2026<\/time><\/span><\/div><\/div><\/div><\/div>\n    <\/div>\n<\/article><article class=\"eael-grid-post eael-post-grid-column\" data-id=\"18654\">\n    <div class=\"eael-grid-post-holder\">\n        <div class=\"eael-grid-post-holder-inner\"><div class=\"eael-entry-media\"><div class=\"eael-entry-overlay fade-in\"><i class=\"fas fa-search\" aria-hidden=\"true\"><\/i><a href=\"https:\/\/smmpartizanske.sk\/index.php\/2025\/12\/19\/mestske-panoramaticke-3d-kino-ul-gen-svobodu-1141-3\/\"><\/a><\/div><div class=\"eael-entry-thumbnail eael-image-ratio\">\n                            <img loading=\"lazy\" decoding=\"async\" width=\"300\" height=\"180\" src=\"https:\/\/smmpartizanske.sk\/wp-content\/uploads\/2025\/01\/kino-1-300x180.jpg\" class=\"attachment-medium size-medium wp-image-17466\" alt=\"\" srcset=\"https:\/\/smmpartizanske.sk\/wp-content\/uploads\/2025\/01\/kino-1-300x180.jpg 300w, https:\/\/smmpartizanske.sk\/wp-content\/uploads\/2025\/01\/kino-1-768x460.jpg 768w, https:\/\/smmpartizanske.sk\/wp-content\/uploads\/2025\/01\/kino-1.jpg 960w\" sizes=\"(max-width: 300px) 100vw, 300px\" \/>\n                            <\/div>\n                    <\/div><div class=\"eael-entry-wrapper\"><header class=\"eael-entry-header\"><h2 class=\"eael-entry-title\"><a class=\"eael-grid-post-link\" href=\"https:\/\/smmpartizanske.sk\/index.php\/2025\/12\/19\/mestske-panoramaticke-3d-kino-ul-gen-svobodu-1141-3\/\" title=\"Mestsk\u00e9 panoramatick\u00e9 3D kino, ul. Gen. Svobodu 1141\/ 3\">Mestsk\u00e9 panoramatick\u00e9 3D kino, ul. Gen. Svobodu 1141\/ 3<\/a><\/h2><\/header><div class=\"eael-entry-header-after style-two\"><div class=\"eael-entry-meta\"><span class=\"eael-meta-posted-on\"><i class=\"far fa-clock\"><\/i><time datetime=\"19. decembra 2025\">19. decembra 2025<\/time><\/span><\/div><\/div><\/div><\/div>\n    <\/div>\n<\/article><article class=\"eael-grid-post eael-post-grid-column\" data-id=\"821\">\n    <div class=\"eael-grid-post-holder\">\n        <div class=\"eael-grid-post-holder-inner\"><div class=\"eael-entry-media\"><div class=\"eael-entry-overlay fade-in\"><i class=\"fas fa-search\" aria-hidden=\"true\"><\/i><a href=\"https:\/\/smmpartizanske.sk\/index.php\/2025\/10\/14\/polyfunkcna-budova-ul-r-jasika-65214-partizanske\/\"><\/a><\/div><div class=\"eael-entry-thumbnail eael-image-ratio\">\n                            <img loading=\"lazy\" decoding=\"async\" width=\"300\" height=\"168\" src=\"https:\/\/smmpartizanske.sk\/wp-content\/uploads\/2025\/01\/slobodaren10-1-300x168.jpg\" class=\"attachment-medium size-medium wp-image-17470\" alt=\"\" srcset=\"https:\/\/smmpartizanske.sk\/wp-content\/uploads\/2025\/01\/slobodaren10-1-300x168.jpg 300w, https:\/\/smmpartizanske.sk\/wp-content\/uploads\/2025\/01\/slobodaren10-1-768x430.jpg 768w, https:\/\/smmpartizanske.sk\/wp-content\/uploads\/2025\/01\/slobodaren10-1.jpg 960w\" sizes=\"(max-width: 300px) 100vw, 300px\" \/>\n                            <\/div>\n                    <\/div><div class=\"eael-entry-wrapper\"><header class=\"eael-entry-header\"><h2 class=\"eael-entry-title\"><a class=\"eael-grid-post-link\" href=\"https:\/\/smmpartizanske.sk\/index.php\/2025\/10\/14\/polyfunkcna-budova-ul-r-jasika-65214-partizanske\/\" title=\"Polyfunk\u010dn\u00e1 budova, ul. R. Ja\u0161\u00edka 652\/14, Partiz\u00e1nske\">Polyfunk\u010dn\u00e1 budova, ul. R. Ja\u0161\u00edka 652\/14, Partiz\u00e1nske<\/a><\/h2><\/header><div class=\"eael-entry-header-after style-two\"><div class=\"eael-entry-meta\"><span class=\"eael-meta-posted-on\"><i class=\"far fa-clock\"><\/i><time datetime=\"14. okt\u00f3bra 2025\">14. okt\u00f3bra 2025<\/time><\/span><\/div><\/div><\/div><\/div>\n    <\/div>\n<\/article><\/div>\n            <div class=\"clearfix\"><\/div>\n        <\/div>\t\t\t\t<\/div>\n\t\t\t\t<\/div>\n\t\t<div class=\"elementor-element elementor-element-7250851 e-grid e-con-full e-con e-child\" data-id=\"7250851\" data-element_type=\"container\">\n\t\t\t\t<div class=\"elementor-element elementor-element-d351f0a elementor-align-justify elementor-widget elementor-widget-button\" data-id=\"d351f0a\" data-element_type=\"widget\" data-widget_type=\"button.default\">\n\t\t\t\t<div class=\"elementor-widget-container\">\n\t\t\t\t\t\t\t\t\t<div class=\"elementor-button-wrapper\">\n\t\t\t\t\t<a class=\"elementor-button elementor-button-link elementor-size-sm\" href=\"https:\/\/smmpartizanske.sk\/index.php\/archiv-ovs\/\">\n\t\t\t\t\t\t<span class=\"elementor-button-content-wrapper\">\n\t\t\t\t\t\t\t\t\t<span class=\"elementor-button-text\">Arch\u00edv OVS<\/span>\n\t\t\t\t\t<\/span>\n\t\t\t\t\t<\/a>\n\t\t\t\t<\/div>\n\t\t\t\t\t\t\t\t<\/div>\n\t\t\t\t<\/div>\n\t\t\t\t<div class=\"elementor-element elementor-element-415b82e elementor-align-justify elementor-widget elementor-widget-button\" data-id=\"415b82e\" data-element_type=\"widget\" data-widget_type=\"button.default\">\n\t\t\t\t<div class=\"elementor-widget-container\">\n\t\t\t\t\t\t\t\t\t<div class=\"elementor-button-wrapper\">\n\t\t\t\t\t<a class=\"elementor-button elementor-button-link elementor-size-sm\" href=\"https:\/\/smmpartizanske.sk\/index.php\/protokoly-ovs\/\">\n\t\t\t\t\t\t<span class=\"elementor-button-content-wrapper\">\n\t\t\t\t\t\t\t\t\t<span class=\"elementor-button-text\">Protokoly OVS<\/span>\n\t\t\t\t\t<\/span>\n\t\t\t\t\t<\/a>\n\t\t\t\t<\/div>\n\t\t\t\t\t\t\t\t<\/div>\n\t\t\t\t<\/div>\n\t\t\t\t<\/div>\n\t\t\t\t\t<\/div>\n\t\t\t\t<\/div>\n\t\t\t\t<\/div>\n\t\t","protected":false},"excerpt":{"rendered":"<p>NAJNOV\u0160IE OVS Mestsk\u00e1 poliklinika, Hrn\u010d\u00edrikova 222\/6, Partiz\u00e1nske 25. okt\u00f3bra 2024 Budova DS ALFA, Febru\u00e1rov\u00e1 1478, Partiz\u00e1nske 25. okt\u00f3bra 2024 Polyfunk\u010dn\u00e1 [&hellip;]<\/p>\n","protected":false},"author":4,"featured_media":17436,"parent":0,"menu_order":0,"comment_status":"closed","ping_status":"closed","template":"elementor_header_footer","meta":{"site-sidebar-layout":"no-sidebar","site-content-layout":"","ast-site-content-layout":"full-width-container","site-content-style":"default","site-sidebar-style":"default","ast-global-header-display":"","ast-banner-title-visibility":"","ast-main-header-display":"","ast-hfb-above-header-display":"","ast-hfb-below-header-display":"","ast-hfb-mobile-header-display":"","site-post-title":"disabled","ast-breadcrumbs-content":"","ast-featured-img":"disabled","footer-sml-layout":"","theme-transparent-header-meta":"","adv-header-id-meta":"","stick-header-meta":"","header-above-stick-meta":"","header-main-stick-meta":"","header-below-stick-meta":"","astra-migrate-meta-layouts":"default","ast-page-background-enabled":"default","ast-page-background-meta":{"desktop":{"background-color":"var(--ast-global-color-5)","background-image":"","background-repeat":"repeat","background-position":"center center","background-size":"auto","background-attachment":"scroll","background-type":"","background-media":"","overlay-type":"","overlay-color":"","overlay-opacity":"","overlay-gradient":""},"tablet":{"background-color":"","background-image":"","background-repeat":"repeat","background-position":"center center","background-size":"auto","background-attachment":"scroll","background-type":"","background-media":"","overlay-type":"","overlay-color":"","overlay-opacity":"","overlay-gradient":""},"mobile":{"background-color":"","background-image":"","background-repeat":"repeat","background-position":"center center","background-size":"auto","background-attachment":"scroll","background-type":"","background-media":"","overlay-type":"","overlay-color":"","overlay-opacity":"","overlay-gradient":""}},"ast-content-background-meta":{"desktop":{"background-color":"var(--ast-global-color-4)","background-image":"","background-repeat":"repeat","background-position":"center center","background-size":"auto","background-attachment":"scroll","background-type":"","background-media":"","overlay-type":"","overlay-color":"","overlay-opacity":"","overlay-gradient":""},"tablet":{"background-color":"var(--ast-global-color-4)","background-image":"","background-repeat":"repeat","background-position":"center center","background-size":"auto","background-attachment":"scroll","background-type":"","background-media":"","overlay-type":"","overlay-color":"","overlay-opacity":"","overlay-gradient":""},"mobile":{"background-color":"var(--ast-global-color-4)","background-image":"","background-repeat":"repeat","background-position":"center center","background-size":"auto","background-attachment":"scroll","background-type":"","background-media":"","overlay-type":"","overlay-color":"","overlay-opacity":"","overlay-gradient":""}},"footnotes":""},"class_list":["post-17417","page","type-page","status-publish","has-post-thumbnail","hentry"],"_links":{"self":[{"href":"https:\/\/smmpartizanske.sk\/index.php\/wp-json\/wp\/v2\/pages\/17417","targetHints":{"allow":["GET"]}}],"collection":[{"href":"https:\/\/smmpartizanske.sk\/index.php\/wp-json\/wp\/v2\/pages"}],"about":[{"href":"https:\/\/smmpartizanske.sk\/index.php\/wp-json\/wp\/v2\/types\/page"}],"author":[{"embeddable":true,"href":"https:\/\/smmpartizanske.sk\/index.php\/wp-json\/wp\/v2\/users\/4"}],"replies":[{"embeddable":true,"href":"https:\/\/smmpartizanske.sk\/index.php\/wp-json\/wp\/v2\/comments?post=17417"}],"version-history":[{"count":19,"href":"https:\/\/smmpartizanske.sk\/index.php\/wp-json\/wp\/v2\/pages\/17417\/revisions"}],"predecessor-version":[{"id":18148,"href":"https:\/\/smmpartizanske.sk\/index.php\/wp-json\/wp\/v2\/pages\/17417\/revisions\/18148"}],"wp:featuredmedia":[{"embeddable":true,"href":"https:\/\/smmpartizanske.sk\/index.php\/wp-json\/wp\/v2\/media\/17436"}],"wp:attachment":[{"href":"https:\/\/smmpartizanske.sk\/index.php\/wp-json\/wp\/v2\/media?parent=17417"}],"curies":[{"name":"wp","href":"https:\/\/api.w.org\/{rel}","templated":true}]}}