{"id":17399,"date":"2025-01-10T20:19:10","date_gmt":"2025-01-10T19:19:10","guid":{"rendered":"https:\/\/smmpartizanske.sk\/?page_id=17399"},"modified":"2025-01-10T20:27:18","modified_gmt":"2025-01-10T19:27:18","slug":"oznamy","status":"publish","type":"page","link":"https:\/\/smmpartizanske.sk\/index.php\/oznamy\/","title":{"rendered":"Oznamy"},"content":{"rendered":"\t\t<div data-elementor-type=\"wp-page\" data-elementor-id=\"17399\" class=\"elementor elementor-17399\">\n\t\t\t\t<div class=\"elementor-element elementor-element-bdd1433 e-flex e-con-boxed e-con e-parent\" data-id=\"bdd1433\" data-element_type=\"container\" data-settings=\"{&quot;background_background&quot;:&quot;classic&quot;}\">\n\t\t\t\t\t<div class=\"e-con-inner\">\n\t\t\t\t<div class=\"elementor-element elementor-element-caf7577 elementor-widget elementor-widget-heading\" data-id=\"caf7577\" data-element_type=\"widget\" data-widget_type=\"heading.default\">\n\t\t\t\t<div class=\"elementor-widget-container\">\n\t\t\t\t\t<h2 class=\"elementor-heading-title elementor-size-default\">OZNAMY<\/h2>\t\t\t\t<\/div>\n\t\t\t\t<\/div>\n\t\t\t\t<div class=\"elementor-element elementor-element-cba9f57 oznamy-post-grid elementor-grid-eael-col-3 elementor-grid-tablet-eael-col-2 elementor-grid-mobile-eael-col-1 elementor-widget elementor-widget-eael-post-grid\" data-id=\"cba9f57\" data-element_type=\"widget\" data-settings=\"{&quot;eael_post_grid_columns&quot;:&quot;eael-col-3&quot;,&quot;eael_post_grid_columns_tablet&quot;:&quot;eael-col-2&quot;,&quot;eael_post_grid_columns_mobile&quot;:&quot;eael-col-1&quot;}\" data-widget_type=\"eael-post-grid.default\">\n\t\t\t\t<div class=\"elementor-widget-container\">\n\t\t\t\t\t<div id=\"eael-post-grid-cba9f57\" class=\"eael-post-grid-container\">\n            <div class=\"eael-post-grid eael-post-appender eael-post-appender-cba9f57 eael-post-grid-style-two\" data-layout-mode=\"grid\"><article class=\"eael-grid-post eael-post-grid-column\" data-id=\"18686\">\n    <div class=\"eael-grid-post-holder\">\n        <div class=\"eael-grid-post-holder-inner\"><div class=\"eael-entry-wrapper\"><header class=\"eael-entry-header\"><h2 class=\"eael-entry-title\"><a class=\"eael-grid-post-link\" href=\"https:\/\/smmpartizanske.sk\/index.php\/2026\/03\/13\/volne-nebytove-priestory\/\" title=\"Vo\u013en\u00e9 nebytov\u00e9 priestory\">Vo\u013en\u00e9 nebytov\u00e9 priestory<\/a><\/h2><\/header><div class=\"eael-entry-header-after style-two\"><div class=\"eael-entry-meta\"><span class=\"eael-meta-posted-on\"><i class=\"far fa-clock\"><\/i><time datetime=\"13. marca 2026\">13. marca 2026<\/time><\/span><\/div><\/div><\/div><\/div>\n    <\/div>\n<\/article><article class=\"eael-grid-post eael-post-grid-column\" data-id=\"18728\">\n    <div class=\"eael-grid-post-holder\">\n        <div class=\"eael-grid-post-holder-inner\"><div class=\"eael-entry-wrapper\"><header class=\"eael-entry-header\"><h2 class=\"eael-entry-title\"><a class=\"eael-grid-post-link\" href=\"https:\/\/smmpartizanske.sk\/index.php\/2026\/03\/03\/kulturny-dom-sc-male-bielice-uzatvoreny\/\" title=\"Kult\u00farny dom SC Mal\u00e9 Bielice &#8211; uzatvoren\u00fd\">Kult\u00farny dom SC Mal\u00e9 Bielice &#8211; uzatvoren\u00fd<\/a><\/h2><\/header><div class=\"eael-entry-header-after style-two\"><div class=\"eael-entry-meta\"><span class=\"eael-meta-posted-on\"><i class=\"far fa-clock\"><\/i><time datetime=\"3. marca 2026\">3. marca 2026<\/time><\/span><\/div><\/div><\/div><\/div>\n    <\/div>\n<\/article><article class=\"eael-grid-post eael-post-grid-column\" data-id=\"18676\">\n    <div class=\"eael-grid-post-holder\">\n        <div class=\"eael-grid-post-holder-inner\"><div class=\"eael-entry-wrapper\"><header class=\"eael-entry-header\"><h2 class=\"eael-entry-title\"><a class=\"eael-grid-post-link\" href=\"https:\/\/smmpartizanske.sk\/index.php\/2026\/01\/16\/cennik-udrzby-a-dopravy-od-1-1-2026\/\" title=\"Cenn\u00edk \u00fadr\u017eby a dopravy od 1.1.2026\">Cenn\u00edk \u00fadr\u017eby a dopravy od 1.1.2026<\/a><\/h2><\/header><div class=\"eael-entry-header-after style-two\"><div class=\"eael-entry-meta\"><span class=\"eael-meta-posted-on\"><i class=\"far fa-clock\"><\/i><time datetime=\"16. janu\u00e1ra 2026\">16. janu\u00e1ra 2026<\/time><\/span><\/div><\/div><\/div><\/div>\n    <\/div>\n<\/article><article class=\"eael-grid-post eael-post-grid-column\" data-id=\"18656\">\n    <div class=\"eael-grid-post-holder\">\n        <div class=\"eael-grid-post-holder-inner\"><div class=\"eael-entry-wrapper\"><header class=\"eael-entry-header\"><h2 class=\"eael-entry-title\"><a class=\"eael-grid-post-link\" href=\"https:\/\/smmpartizanske.sk\/index.php\/2025\/12\/22\/zverejnenie-jednotkovej-ceny-tepla\/\" title=\"Zverejnenie jednotkovej ceny tepla\">Zverejnenie jednotkovej ceny tepla<\/a><\/h2><\/header><div class=\"eael-entry-header-after style-two\"><div class=\"eael-entry-meta\"><span class=\"eael-meta-posted-on\"><i class=\"far fa-clock\"><\/i><time datetime=\"22. decembra 2025\">22. decembra 2025<\/time><\/span><\/div><\/div><\/div><\/div>\n    <\/div>\n<\/article><article class=\"eael-grid-post eael-post-grid-column\" data-id=\"18393\">\n    <div class=\"eael-grid-post-holder\">\n        <div class=\"eael-grid-post-holder-inner\"><div class=\"eael-entry-wrapper\"><header class=\"eael-entry-header\"><h2 class=\"eael-entry-title\"><a class=\"eael-grid-post-link\" href=\"https:\/\/smmpartizanske.sk\/index.php\/2025\/12\/13\/oznam-o-uzatvoreni-budovy\/\" title=\"Oznam o uzatvoren\u00ed budovy\">Oznam o uzatvoren\u00ed budovy<\/a><\/h2><\/header><div class=\"eael-entry-header-after style-two\"><div class=\"eael-entry-meta\"><span class=\"eael-meta-posted-on\"><i class=\"far fa-clock\"><\/i><time datetime=\"13. decembra 2025\">13. decembra 2025<\/time><\/span><\/div><\/div><\/div><\/div>\n    <\/div>\n<\/article><article class=\"eael-grid-post eael-post-grid-column\" data-id=\"16941\">\n    <div class=\"eael-grid-post-holder\">\n        <div class=\"eael-grid-post-holder-inner\"><div class=\"eael-entry-wrapper\"><header class=\"eael-entry-header\"><h2 class=\"eael-entry-title\"><a class=\"eael-grid-post-link\" href=\"https:\/\/smmpartizanske.sk\/index.php\/2025\/11\/15\/ponuka-volnych-nebytovych-priestorov\/\" title=\"Ponuka vo\u013en\u00fdch nebytov\u00fdch priestorov\">Ponuka vo\u013en\u00fdch nebytov\u00fdch priestorov<\/a><\/h2><\/header><div class=\"eael-entry-header-after style-two\"><div class=\"eael-entry-meta\"><span class=\"eael-meta-posted-on\"><i class=\"far fa-clock\"><\/i><time datetime=\"15. novembra 2025\">15. novembra 2025<\/time><\/span><\/div><\/div><\/div><\/div>\n    <\/div>\n<\/article><article class=\"eael-grid-post eael-post-grid-column\" data-id=\"17868\">\n    <div class=\"eael-grid-post-holder\">\n        <div class=\"eael-grid-post-holder-inner\"><div class=\"eael-entry-wrapper\"><header class=\"eael-entry-header\"><h2 class=\"eael-entry-title\"><a class=\"eael-grid-post-link\" href=\"https:\/\/smmpartizanske.sk\/index.php\/2025\/01\/01\/oznam-o-zmene-cennika-udrzby-od-1-1-2026\/\" title=\"Oznam o zmene cenn\u00edka \u00fadr\u017eby od 1.1.2026\">Oznam o zmene cenn\u00edka \u00fadr\u017eby od 1.1.2026<\/a><\/h2><\/header><div class=\"eael-entry-header-after style-two\"><div class=\"eael-entry-meta\"><span class=\"eael-meta-posted-on\"><i class=\"far fa-clock\"><\/i><time datetime=\"1. janu\u00e1ra 2025\">1. janu\u00e1ra 2025<\/time><\/span><\/div><\/div><\/div><\/div>\n    <\/div>\n<\/article><article class=\"eael-grid-post eael-post-grid-column\" data-id=\"7005\">\n    <div class=\"eael-grid-post-holder\">\n        <div class=\"eael-grid-post-holder-inner\"><div class=\"eael-entry-wrapper\"><header class=\"eael-entry-header\"><h2 class=\"eael-entry-title\"><a class=\"eael-grid-post-link\" href=\"https:\/\/smmpartizanske.sk\/index.php\/2023\/12\/29\/oznam-pre-uzivatelov-najomnych-bytov-na-ul-nabrezna-205-a-nabrezna-208\/\" title=\"Oznam pre u\u017e\u00edvate\u013eov n\u00e1jomn\u00fdch bytov na N\u00e1bre\u017en\u00e1 208\">Oznam pre u\u017e\u00edvate\u013eov n\u00e1jomn\u00fdch bytov na N\u00e1bre\u017en\u00e1 208<\/a><\/h2><\/header><div class=\"eael-entry-header-after style-two\"><div class=\"eael-entry-meta\"><span class=\"eael-meta-posted-on\"><i class=\"far fa-clock\"><\/i><time datetime=\"29. decembra 2023\">29. decembra 2023<\/time><\/span><\/div><\/div><\/div><\/div>\n    <\/div>\n<\/article><article class=\"eael-grid-post eael-post-grid-column\" data-id=\"10404\">\n    <div class=\"eael-grid-post-holder\">\n        <div class=\"eael-grid-post-holder-inner\"><div class=\"eael-entry-wrapper\"><header class=\"eael-entry-header\"><h2 class=\"eael-entry-title\"><a class=\"eael-grid-post-link\" href=\"https:\/\/smmpartizanske.sk\/index.php\/2023\/12\/29\/oznam-o-zmene-cennika-udrzby-od-1-1-2020\/\" title=\"Oznam o zmene cenn\u00edka \u00fadr\u017eby od 1.1.2024\">Oznam o zmene cenn\u00edka \u00fadr\u017eby od 1.1.2024<\/a><\/h2><\/header><div class=\"eael-entry-header-after style-two\"><div class=\"eael-entry-meta\"><span class=\"eael-meta-posted-on\"><i class=\"far fa-clock\"><\/i><time datetime=\"29. decembra 2023\">29. decembra 2023<\/time><\/span><\/div><\/div><\/div><\/div>\n    <\/div>\n<\/article><article class=\"eael-grid-post eael-post-grid-column\" data-id=\"7003\">\n    <div class=\"eael-grid-post-holder\">\n        <div class=\"eael-grid-post-holder-inner\"><div class=\"eael-entry-wrapper\"><header class=\"eael-entry-header\"><h2 class=\"eael-entry-title\"><a class=\"eael-grid-post-link\" href=\"https:\/\/smmpartizanske.sk\/index.php\/2018\/06\/19\/oznam-pre-najomnikov-bytoveho-domu-na-ul-februarova-945-20-20a\/\" title=\"Oznam pre n\u00e1jomn\u00edkov  bytov\u00e9ho domu na ul. Febru\u00e1rov\u00e1 945\/20-20A\">Oznam pre n\u00e1jomn\u00edkov  bytov\u00e9ho domu na ul. Febru\u00e1rov\u00e1 945\/20-20A<\/a><\/h2><\/header><div class=\"eael-entry-header-after style-two\"><div class=\"eael-entry-meta\"><span class=\"eael-meta-posted-on\"><i class=\"far fa-clock\"><\/i><time datetime=\"19. j\u00fana 2018\">19. j\u00fana 2018<\/time><\/span><\/div><\/div><\/div><\/div>\n    <\/div>\n<\/article><article class=\"eael-grid-post eael-post-grid-column\" data-id=\"7001\">\n    <div class=\"eael-grid-post-holder\">\n        <div class=\"eael-grid-post-holder-inner\"><div class=\"eael-entry-wrapper\"><header class=\"eael-entry-header\"><h2 class=\"eael-entry-title\"><a class=\"eael-grid-post-link\" href=\"https:\/\/smmpartizanske.sk\/index.php\/2018\/06\/19\/oznam-pre-majitelov-psov\/\" title=\"Oznam pre majite\u013eov psov\">Oznam pre majite\u013eov psov<\/a><\/h2><\/header><div class=\"eael-entry-header-after style-two\"><div class=\"eael-entry-meta\"><span class=\"eael-meta-posted-on\"><i class=\"far fa-clock\"><\/i><time datetime=\"19. j\u00fana 2018\">19. j\u00fana 2018<\/time><\/span><\/div><\/div><\/div><\/div>\n    <\/div>\n<\/article><article class=\"eael-grid-post eael-post-grid-column\" data-id=\"1264\">\n    <div class=\"eael-grid-post-holder\">\n        <div class=\"eael-grid-post-holder-inner\"><div class=\"eael-entry-wrapper\"><header class=\"eael-entry-header\"><h2 class=\"eael-entry-title\"><a class=\"eael-grid-post-link\" href=\"https:\/\/smmpartizanske.sk\/index.php\/2018\/01\/01\/zatvorenie-budovy-pocas-nestrankovych-hodin\/\" title=\"Od 01.01.2018 je budova v nestr\u00e1nkov\u00e9 dni (v utorok a \u0161tvrtok ) zatvoren\u00e1.\">Od 01.01.2018 je budova v nestr\u00e1nkov\u00e9 dni (v utorok a \u0161tvrtok ) zatvoren\u00e1.<\/a><\/h2><\/header><div class=\"eael-entry-header-after style-two\"><div class=\"eael-entry-meta\"><span class=\"eael-meta-posted-on\"><i class=\"far fa-clock\"><\/i><time datetime=\"1. janu\u00e1ra 2018\">1. janu\u00e1ra 2018<\/time><\/span><\/div><\/div><\/div><\/div>\n    <\/div>\n<\/article><\/div>\n            <div class=\"clearfix\"><\/div>\n        <\/div>\t\t\t\t<\/div>\n\t\t\t\t<\/div>\n\t\t\t\t\t<\/div>\n\t\t\t\t<\/div>\n\t\t\t\t<\/div>\n\t\t","protected":false},"excerpt":{"rendered":"<p>OZNAMY Ponuka vo\u013en\u00fdch nebytov\u00fdch priestorov 3. okt\u00f3bra 2024 Oznam o zmene cenn\u00edka \u00fadr\u017eby od 1.1.2024 29. decembra 2023 Oznam pre [&hellip;]<\/p>\n","protected":false},"author":4,"featured_media":17436,"parent":0,"menu_order":0,"comment_status":"closed","ping_status":"closed","template":"elementor_header_footer","meta":{"site-sidebar-layout":"no-sidebar","site-content-layout":"","ast-site-content-layout":"full-width-container","site-content-style":"default","site-sidebar-style":"default","ast-global-header-display":"","ast-banner-title-visibility":"","ast-main-header-display":"","ast-hfb-above-header-display":"","ast-hfb-below-header-display":"","ast-hfb-mobile-header-display":"","site-post-title":"disabled","ast-breadcrumbs-content":"","ast-featured-img":"disabled","footer-sml-layout":"","theme-transparent-header-meta":"","adv-header-id-meta":"","stick-header-meta":"","header-above-stick-meta":"","header-main-stick-meta":"","header-below-stick-meta":"","astra-migrate-meta-layouts":"default","ast-page-background-enabled":"default","ast-page-background-meta":{"desktop":{"background-color":"var(--ast-global-color-5)","background-image":"","background-repeat":"repeat","background-position":"center center","background-size":"auto","background-attachment":"scroll","background-type":"","background-media":"","overlay-type":"","overlay-color":"","overlay-opacity":"","overlay-gradient":""},"tablet":{"background-color":"","background-image":"","background-repeat":"repeat","background-position":"center center","background-size":"auto","background-attachment":"scroll","background-type":"","background-media":"","overlay-type":"","overlay-color":"","overlay-opacity":"","overlay-gradient":""},"mobile":{"background-color":"","background-image":"","background-repeat":"repeat","background-position":"center center","background-size":"auto","background-attachment":"scroll","background-type":"","background-media":"","overlay-type":"","overlay-color":"","overlay-opacity":"","overlay-gradient":""}},"ast-content-background-meta":{"desktop":{"background-color":"var(--ast-global-color-4)","background-image":"","background-repeat":"repeat","background-position":"center center","background-size":"auto","background-attachment":"scroll","background-type":"","background-media":"","overlay-type":"","overlay-color":"","overlay-opacity":"","overlay-gradient":""},"tablet":{"background-color":"var(--ast-global-color-4)","background-image":"","background-repeat":"repeat","background-position":"center center","background-size":"auto","background-attachment":"scroll","background-type":"","background-media":"","overlay-type":"","overlay-color":"","overlay-opacity":"","overlay-gradient":""},"mobile":{"background-color":"var(--ast-global-color-4)","background-image":"","background-repeat":"repeat","background-position":"center center","background-size":"auto","background-attachment":"scroll","background-type":"","background-media":"","overlay-type":"","overlay-color":"","overlay-opacity":"","overlay-gradient":""}},"footnotes":""},"class_list":["post-17399","page","type-page","status-publish","has-post-thumbnail","hentry"],"_links":{"self":[{"href":"https:\/\/smmpartizanske.sk\/index.php\/wp-json\/wp\/v2\/pages\/17399","targetHints":{"allow":["GET"]}}],"collection":[{"href":"https:\/\/smmpartizanske.sk\/index.php\/wp-json\/wp\/v2\/pages"}],"about":[{"href":"https:\/\/smmpartizanske.sk\/index.php\/wp-json\/wp\/v2\/types\/page"}],"author":[{"embeddable":true,"href":"https:\/\/smmpartizanske.sk\/index.php\/wp-json\/wp\/v2\/users\/4"}],"replies":[{"embeddable":true,"href":"https:\/\/smmpartizanske.sk\/index.php\/wp-json\/wp\/v2\/comments?post=17399"}],"version-history":[{"count":5,"href":"https:\/\/smmpartizanske.sk\/index.php\/wp-json\/wp\/v2\/pages\/17399\/revisions"}],"predecessor-version":[{"id":18612,"href":"https:\/\/smmpartizanske.sk\/index.php\/wp-json\/wp\/v2\/pages\/17399\/revisions\/18612"}],"wp:featuredmedia":[{"embeddable":true,"href":"https:\/\/smmpartizanske.sk\/index.php\/wp-json\/wp\/v2\/media\/17436"}],"wp:attachment":[{"href":"https:\/\/smmpartizanske.sk\/index.php\/wp-json\/wp\/v2\/media?parent=17399"}],"curies":[{"name":"wp","href":"https:\/\/api.w.org\/{rel}","templated":true}]}}