{"id":16997,"date":"2024-10-11T12:33:59","date_gmt":"2024-10-11T10:33:59","guid":{"rendered":"http:\/\/smmpartizanske.sk\/?page_id=16997"},"modified":"2025-01-17T15:30:49","modified_gmt":"2025-01-17T14:30:49","slug":"zakazka-v-sulade-so-zak-c-343-2015-z-z-o-verejnom-obstaravani","status":"publish","type":"page","link":"https:\/\/smmpartizanske.sk\/index.php\/verejne-obstaravanie\/zakazka-v-sulade-so-zak-c-343-2015-z-z-o-verejnom-obstaravani\/","title":{"rendered":"Z\u00e1kazka v s\u00falade so z\u00e1k.\u010d.343\/2015 Z.Z. o verejnom obstar\u00e1van\u00ed &#8211; rok 2024"},"content":{"rendered":"<h2 class=\"elementor-heading-title elementor-size-default\" style=\"text-align: center;\"><span style=\"color: #01559e;\"><strong>Z\u00e1kazka v s\u00falade so z\u00e1k.\u010d.343\/2015 Z.Z. o verejnom obstar\u00e1van\u00ed &#8211; rok 2024<\/strong><\/span><\/h2>\n<p>4a. V\u00fdsledok verejn\u00e9ho obstar\u00e1vania\u00a0 z\u00e1kazky: <a href=\"http:\/\/smmpartizanske.sk\/wp-content\/uploads\/2024\/10\/Z\u00e1pis-z-prieskumu-trhu-VO_4_2024.pdf\" target=\"_blank\" rel=\"noopener\">Dod\u00e1vka zemn\u00e9ho plynu\u00a0\u00a0<\/a><\/p>\n<p>Hodnota z\u00e1kazky bez DPH (\u20ac): 0,03945 \/ kWh<\/p>\n<p>Zverejnen\u00e9: 11.10.2024<\/p>\n<p>&nbsp;<\/p>\n<p>4. Predmet z\u00e1kazky: <a href=\"http:\/\/smmpartizanske.sk\/wp-content\/uploads\/2024\/10\/na-zverejnenie-PDF-plyn.pdf\" target=\"_blank\" rel=\"noopener\">Dod\u00e1vka zemn\u00e9ho plynu\u00a0\u00a0<\/a><\/p>\n<p>Pr\u00edloha \u010d.1\u00a0 \u00a0<a href=\"http:\/\/smmpartizanske.sk\/wp-content\/uploads\/2024\/10\/Pr\u00edloha-\u010d.1.pdf\" target=\"_blank\" rel=\"noopener\">Pr\u00edloha \u010d.1<\/a><\/p>\n<p>Pr\u00edloha \u010d.2\u00a0\u00a0<a href=\"http:\/\/smmpartizanske.sk\/wp-content\/uploads\/2024\/10\/pr\u00edloha-\u010d.2.pdf\" target=\"_blank\" rel=\"noopener\">Pr\u00edloha \u010d.2<\/a><\/p>\n<p>Pr\u00edloha \u010d.3\u00a0\u00a0<a href=\"http:\/\/smmpartizanske.sk\/wp-content\/uploads\/2024\/10\/Pr\u00edloha-\u010d-3-1.pdf\" target=\"_blank\" rel=\"noopener\">Pr\u00edloha \u010d.3<\/a><\/p>\n<p>Hodnota z\u00e1kazky bez DPH (\u20ac): 27.797,61<\/p>\n<p>Zverejnen\u00e9: 7.10.2024<\/p>\n<p>&nbsp;<\/p>\n<p>3a. V\u00fdsledok verejn\u00e9ho obstar\u00e1vania\u00a0 z\u00e1kazky: <a href=\"http:\/\/smmpartizanske.sk\/wp-content\/uploads\/2024\/10\/Z\u00e1pis-z-prieskumu-trhu-VO_3_2024.pdf\" target=\"_blank\" rel=\"noopener\">Dod\u00e1vka elektrickej energie\u00a0 <\/a><\/p>\n<p>Hodnota z\u00e1kazky bez DPH (\u20ac): 103,90 \/ MWh<\/p>\n<p>Zverejnen\u00e9: 11.10.2024<\/p>\n<p>&nbsp;<\/p>\n<p>3. Predmet z\u00e1kazky: <a href=\"http:\/\/smmpartizanske.sk\/wp-content\/uploads\/2024\/10\/na-zverejnie-PDF.pdf\" target=\"_blank\" rel=\"noopener\">Dod\u00e1vka elektrickej energie\u00a0 <\/a><\/p>\n<p>Pr\u00edloha \u010d.1\u00a0 \u00a0<a href=\"http:\/\/smmpartizanske.sk\/wp-content\/uploads\/2024\/10\/Pr\u00edloha-\u010d-1.pdf\" target=\"_blank\" rel=\"noopener\">Pr\u00edloha \u010d.1<\/a><\/p>\n<p>Pr\u00edloha \u010d.2\u00a0\u00a0<a href=\"http:\/\/smmpartizanske.sk\/wp-content\/uploads\/2024\/10\/Priloha-\u010d.2.pdf\" target=\"_blank\" rel=\"noopener\">Pr\u00edloha \u010d.2<\/a><\/p>\n<p>Pr\u00edloha \u010d.3\u00a0\u00a0<a href=\"http:\/\/smmpartizanske.sk\/wp-content\/uploads\/2024\/10\/Pr\u00edloha-\u010d-3.pdf\" target=\"_blank\" rel=\"noopener\">Pr\u00edloha \u010d.3<\/a><\/p>\n<p>Hodnota z\u00e1kazky bez DPH (\u20ac): 31.816,27<\/p>\n<p>Zverejnen\u00e9: 7.10.2024<\/p>\n<p>&nbsp;<\/p>\n<p>2a. V\u00fdsledok verejn\u00e9ho obstar\u00e1vania\u00a0 z\u00e1kazky: <a href=\"http:\/\/smmpartizanske.sk\/wp-content\/uploads\/2024\/10\/Z\u00e1pis-z-VO_2_2024.pdf\" target=\"_blank\" rel=\"noopener\">Oprava po\u017eiarnych uz\u00e1verov na budove \u010d.945\/20-20A ul. Febru\u00e1rov\u00e1, Partiz\u00e1nske<\/a><\/p>\n<p>Hodnota z\u00e1kazky bez DPH (\u20ac): 2 989,70<\/p>\n<p>Zverejnen\u00e9: 3.9.2024<\/p>\n<p>&nbsp;<\/p>\n<p>2. Predmet z\u00e1kazky: <a href=\"http:\/\/smmpartizanske.sk\/wp-content\/uploads\/2024\/08\/pr\u00edkaz-a-v\u00fdzva-na-zverejnenie.pdf\" target=\"_blank\" rel=\"noopener\">Oprava po\u017eiarnych uz\u00e1verov na budove \u010d.945\/20-20A ul. Febru\u00e1rov\u00e1, Partiz\u00e1nske<\/a><\/p>\n<p>Pr\u00edloha \u010d.2\u00a0<a href=\"http:\/\/smmpartizanske.sk\/wp-content\/uploads\/2024\/08\/Pr\u00edloha-\u010d.2.xls\" target=\"_blank\" rel=\"noopener\">Pr\u00edloha \u010d.2<\/a><\/p>\n<p>Hodnota z\u00e1kazky bez DPH (\u20ac): 2 990,-<\/p>\n<p>Zverejnen\u00e9: 22.8.2024<\/p>\n","protected":false},"excerpt":{"rendered":"<p>Z\u00e1kazka v s\u00falade so z\u00e1k.\u010d.343\/2015 Z.Z. o verejnom obstar\u00e1van\u00ed &#8211; rok 2024 4a. V\u00fdsledok verejn\u00e9ho obstar\u00e1vania\u00a0 z\u00e1kazky: Dod\u00e1vka zemn\u00e9ho plynu\u00a0\u00a0 [&hellip;]<\/p>\n","protected":false},"author":2,"featured_media":17436,"parent":141,"menu_order":0,"comment_status":"closed","ping_status":"closed","template":"","meta":{"site-sidebar-layout":"default","site-content-layout":"","ast-site-content-layout":"default","site-content-style":"default","site-sidebar-style":"default","ast-global-header-display":"","ast-banner-title-visibility":"","ast-main-header-display":"","ast-hfb-above-header-display":"","ast-hfb-below-header-display":"","ast-hfb-mobile-header-display":"","site-post-title":"","ast-breadcrumbs-content":"","ast-featured-img":"","footer-sml-layout":"","theme-transparent-header-meta":"default","adv-header-id-meta":"","stick-header-meta":"","header-above-stick-meta":"","header-main-stick-meta":"","header-below-stick-meta":"","astra-migrate-meta-layouts":"set","ast-page-background-enabled":"default","ast-page-background-meta":{"desktop":{"background-color":"var(--ast-global-color-5)","background-image":"","background-repeat":"repeat","background-position":"center center","background-size":"auto","background-attachment":"scroll","background-type":"","background-media":"","overlay-type":"","overlay-color":"","overlay-opacity":"","overlay-gradient":""},"tablet":{"background-color":"","background-image":"","background-repeat":"repeat","background-position":"center center","background-size":"auto","background-attachment":"scroll","background-type":"","background-media":"","overlay-type":"","overlay-color":"","overlay-opacity":"","overlay-gradient":""},"mobile":{"background-color":"","background-image":"","background-repeat":"repeat","background-position":"center center","background-size":"auto","background-attachment":"scroll","background-type":"","background-media":"","overlay-type":"","overlay-color":"","overlay-opacity":"","overlay-gradient":""}},"ast-content-background-meta":{"desktop":{"background-color":"var(--ast-global-color-4)","background-image":"","background-repeat":"repeat","background-position":"center center","background-size":"auto","background-attachment":"scroll","background-type":"","background-media":"","overlay-type":"","overlay-color":"","overlay-opacity":"","overlay-gradient":""},"tablet":{"background-color":"var(--ast-global-color-4)","background-image":"","background-repeat":"repeat","background-position":"center center","background-size":"auto","background-attachment":"scroll","background-type":"","background-media":"","overlay-type":"","overlay-color":"","overlay-opacity":"","overlay-gradient":""},"mobile":{"background-color":"var(--ast-global-color-4)","background-image":"","background-repeat":"repeat","background-position":"center center","background-size":"auto","background-attachment":"scroll","background-type":"","background-media":"","overlay-type":"","overlay-color":"","overlay-opacity":"","overlay-gradient":""}},"footnotes":""},"class_list":["post-16997","page","type-page","status-publish","has-post-thumbnail","hentry"],"_links":{"self":[{"href":"https:\/\/smmpartizanske.sk\/index.php\/wp-json\/wp\/v2\/pages\/16997","targetHints":{"allow":["GET"]}}],"collection":[{"href":"https:\/\/smmpartizanske.sk\/index.php\/wp-json\/wp\/v2\/pages"}],"about":[{"href":"https:\/\/smmpartizanske.sk\/index.php\/wp-json\/wp\/v2\/types\/page"}],"author":[{"embeddable":true,"href":"https:\/\/smmpartizanske.sk\/index.php\/wp-json\/wp\/v2\/users\/2"}],"replies":[{"embeddable":true,"href":"https:\/\/smmpartizanske.sk\/index.php\/wp-json\/wp\/v2\/comments?post=16997"}],"version-history":[{"count":14,"href":"https:\/\/smmpartizanske.sk\/index.php\/wp-json\/wp\/v2\/pages\/16997\/revisions"}],"predecessor-version":[{"id":17895,"href":"https:\/\/smmpartizanske.sk\/index.php\/wp-json\/wp\/v2\/pages\/16997\/revisions\/17895"}],"up":[{"embeddable":true,"href":"https:\/\/smmpartizanske.sk\/index.php\/wp-json\/wp\/v2\/pages\/141"}],"wp:featuredmedia":[{"embeddable":true,"href":"https:\/\/smmpartizanske.sk\/index.php\/wp-json\/wp\/v2\/media\/17436"}],"wp:attachment":[{"href":"https:\/\/smmpartizanske.sk\/index.php\/wp-json\/wp\/v2\/media?parent=16997"}],"curies":[{"name":"wp","href":"https:\/\/api.w.org\/{rel}","templated":true}]}}