{"id":16475,"date":"2023-04-14T10:48:57","date_gmt":"2023-04-14T08:48:57","guid":{"rendered":"http:\/\/smmpartizanske.sk\/?page_id=16475"},"modified":"2025-01-17T15:17:42","modified_gmt":"2025-01-17T14:17:42","slug":"zakazky-rok-2023","status":"publish","type":"page","link":"https:\/\/smmpartizanske.sk\/index.php\/verejne-obstaravanie\/zakazky-rok-2023\/","title":{"rendered":"Z\u00e1kazky pod\u013ea \u00a7 117 z\u00e1k. \u010d. 343\/2015 \u2013 rok 2023"},"content":{"rendered":"<h2 class=\"elementor-heading-title elementor-size-default\" style=\"text-align: center;\"><span style=\"color: #01559e;\"><strong>Z\u00e1kazky pod\u013ea \u00a7 117 z\u00e1k. \u010d. 343\/2015 \u2013 rok 2023<\/strong><\/span><\/h2>\n<p>03. Predmet z\u00e1kazky: <a href=\"http:\/\/smmpartizanske.sk\/wp-content\/uploads\/2023\/04\/Pr\u00edkaz-a-v\u00fdzva-na-zverejnenie.pdf\" target=\"_blank\" rel=\"noopener\">&#8222;\u00dadr\u017ebov\u00e9 \u010distenie a monitoring kanaliza\u010dn\u00fdch \u0161\u00e1cht&#8220;<\/a><\/p>\n<p>Pr\u00edloha \u010d.1:\u00a0\u00a0<a href=\"http:\/\/smmpartizanske.sk\/wp-content\/uploads\/2023\/04\/Pr\u00edloha-\u010d.1.pdf\" target=\"_blank\" rel=\"noopener\">Zoznam objektov v spr\u00e1ve SMM, n.o.,<\/a><\/p>\n<p>Pr\u00edloha \u010d.2:\u00a0\u00a0<a href=\"http:\/\/smmpartizanske.sk\/wp-content\/uploads\/2023\/04\/Pr\u00edloha-\u010d.2.pdf\" target=\"_blank\" rel=\"noopener\">N\u00e1vrh na plnenie krit\u00e9ri\u00ed<\/a><\/p>\n<p>Pr\u00edloha \u010d.3:\u00a0\u00a0<a href=\"http:\/\/smmpartizanske.sk\/wp-content\/uploads\/2023\/04\/Pr\u00edloha-\u010d.3.pdf\" target=\"_blank\" rel=\"noopener\">\u010cestn\u00e9 vyhl\u00e1senie uch\u00e1dza\u010da<\/a><\/p>\n<p>Pr\u00edloha \u010d.4:\u00a0\u00a0<a href=\"http:\/\/smmpartizanske.sk\/wp-content\/uploads\/2023\/04\/Pr\u00edloha-\u010d.-4-N\u00e1vrh-Zmluvy.pdf\" target=\"_blank\" rel=\"noopener\">N\u00e1vrh zmluvy<\/a><\/p>\n<p>Hodnota z\u00e1kazky bez DPH (\u20ac) :\u00a0 19.000,00 \u20ac<\/p>\n<p>Zverejnen\u00e9: 14.4.2023<\/p>\n<p>02. Predmet z\u00e1kazky: <a href=\"http:\/\/smmpartizanske.sk\/wp-content\/uploads\/2023\/03\/Pr\u00edkaz_2_2023.pdf\" target=\"_blank\" rel=\"noopener\">Deratiza\u010dn\u00e9, dezinsek\u010dn\u00e9 a dezinfek\u010dn\u00e9 slu\u017eby v n\u00e1jomn\u00fdch bytoch a nebytov\u00fdch priestoroch<\/a><\/p>\n<p>Pr\u00edloha \u010d.1:\u00a0\u00a0<a href=\"http:\/\/smmpartizanske.sk\/wp-content\/uploads\/2023\/03\/Pr\u00edloha-\u010d1-4.docx\" target=\"_blank\" rel=\"noopener\">N\u00e1vrh na plnenie krit\u00e9ri\u00ed<\/a><\/p>\n<p>Pr\u00edloha \u010d.2:\u00a0\u00a0<a href=\"http:\/\/smmpartizanske.sk\/wp-content\/uploads\/2023\/03\/Pr\u00edloha-\u010d.2.pdf\" target=\"_blank\" rel=\"noopener\">Zoznam bytov\u00fdch a nebytov\u00fdch priestorov<\/a><\/p>\n<p>Hodnota z\u00e1kazky bez DPH (\u20ac) :\u00a0 2.800,00 \u20ac<\/p>\n<p>Zverejnen\u00e9: 30.3.2023<\/p>\n<p>01A. V\u00fdsledok verejn\u00e9ho obstar\u00e1vania z\u00e1kazky:\u00a0<a href=\"http:\/\/smmpartizanske.sk\/wp-content\/uploads\/2023\/03\/Z\u00e1pis-z-anal\u00fdzy-trhu-VO_1_2023.pdf\" target=\"_blank\" rel=\"noopener\">V\u00fdmena vchodov\u00fdch dver\u00ed na budove \u010d.152\/1 ul. Febru\u00e1rova Partiz\u00e1nske<\/a><\/p>\n<p>Hodnota z\u00e1kazky bez DPH (\u20ac) :\u00a0 1.898,30 \u20ac<\/p>\n<p>Zverejnen\u00e9: 7.3.2023<\/p>\n<p>01. Predmet z\u00e1kazky:\u00a0<a href=\"http:\/\/smmpartizanske.sk\/wp-content\/uploads\/2023\/03\/VO_1_2023_na-zverej..pdf\" target=\"_blank\" rel=\"noopener\">V\u00fdmena vchodov\u00fdch dver\u00ed na budove \u010d.152\/1 ul. Febru\u00e1rova Partiz\u00e1nske<\/a><\/p>\n<p>Pr\u00edloha \u010d.2:\u00a0\u00a0\u00a0<a href=\"http:\/\/smmpartizanske.sk\/wp-content\/uploads\/2023\/03\/VO_1_2023_nacrt-dveri.pdf\" target=\"_blank\" rel=\"noopener\">N\u00e1\u010drt dver\u00ed<\/a><\/p>\n<p>Hodnota z\u00e1kazky bez DPH (\u20ac) :\u00a0 1.739,06 \u20ac<\/p>\n<p>Zverejnen\u00e9: 2.3.2023<\/p>\n","protected":false},"excerpt":{"rendered":"<p>Z\u00e1kazky pod\u013ea \u00a7 117 z\u00e1k. \u010d. 343\/2015 \u2013 rok 2023 03. Predmet z\u00e1kazky: &#8222;\u00dadr\u017ebov\u00e9 \u010distenie a monitoring kanaliza\u010dn\u00fdch \u0161\u00e1cht&#8220; Pr\u00edloha [&hellip;]<\/p>\n","protected":false},"author":4,"featured_media":17436,"parent":141,"menu_order":0,"comment_status":"closed","ping_status":"closed","template":"","meta":{"site-sidebar-layout":"default","site-content-layout":"","ast-site-content-layout":"default","site-content-style":"default","site-sidebar-style":"default","ast-global-header-display":"","ast-banner-title-visibility":"","ast-main-header-display":"","ast-hfb-above-header-display":"","ast-hfb-below-header-display":"","ast-hfb-mobile-header-display":"","site-post-title":"","ast-breadcrumbs-content":"","ast-featured-img":"","footer-sml-layout":"","theme-transparent-header-meta":"default","adv-header-id-meta":"","stick-header-meta":"","header-above-stick-meta":"","header-main-stick-meta":"","header-below-stick-meta":"","astra-migrate-meta-layouts":"set","ast-page-background-enabled":"default","ast-page-background-meta":{"desktop":{"background-color":"var(--ast-global-color-5)","background-image":"","background-repeat":"repeat","background-position":"center center","background-size":"auto","background-attachment":"scroll","background-type":"","background-media":"","overlay-type":"","overlay-color":"","overlay-opacity":"","overlay-gradient":""},"tablet":{"background-color":"","background-image":"","background-repeat":"repeat","background-position":"center center","background-size":"auto","background-attachment":"scroll","background-type":"","background-media":"","overlay-type":"","overlay-color":"","overlay-opacity":"","overlay-gradient":""},"mobile":{"background-color":"","background-image":"","background-repeat":"repeat","background-position":"center center","background-size":"auto","background-attachment":"scroll","background-type":"","background-media":"","overlay-type":"","overlay-color":"","overlay-opacity":"","overlay-gradient":""}},"ast-content-background-meta":{"desktop":{"background-color":"var(--ast-global-color-4)","background-image":"","background-repeat":"repeat","background-position":"center center","background-size":"auto","background-attachment":"scroll","background-type":"","background-media":"","overlay-type":"","overlay-color":"","overlay-opacity":"","overlay-gradient":""},"tablet":{"background-color":"var(--ast-global-color-4)","background-image":"","background-repeat":"repeat","background-position":"center center","background-size":"auto","background-attachment":"scroll","background-type":"","background-media":"","overlay-type":"","overlay-color":"","overlay-opacity":"","overlay-gradient":""},"mobile":{"background-color":"var(--ast-global-color-4)","background-image":"","background-repeat":"repeat","background-position":"center center","background-size":"auto","background-attachment":"scroll","background-type":"","background-media":"","overlay-type":"","overlay-color":"","overlay-opacity":"","overlay-gradient":""}},"footnotes":""},"class_list":["post-16475","page","type-page","status-publish","has-post-thumbnail","hentry"],"_links":{"self":[{"href":"https:\/\/smmpartizanske.sk\/index.php\/wp-json\/wp\/v2\/pages\/16475","targetHints":{"allow":["GET"]}}],"collection":[{"href":"https:\/\/smmpartizanske.sk\/index.php\/wp-json\/wp\/v2\/pages"}],"about":[{"href":"https:\/\/smmpartizanske.sk\/index.php\/wp-json\/wp\/v2\/types\/page"}],"author":[{"embeddable":true,"href":"https:\/\/smmpartizanske.sk\/index.php\/wp-json\/wp\/v2\/users\/4"}],"replies":[{"embeddable":true,"href":"https:\/\/smmpartizanske.sk\/index.php\/wp-json\/wp\/v2\/comments?post=16475"}],"version-history":[{"count":15,"href":"https:\/\/smmpartizanske.sk\/index.php\/wp-json\/wp\/v2\/pages\/16475\/revisions"}],"predecessor-version":[{"id":17887,"href":"https:\/\/smmpartizanske.sk\/index.php\/wp-json\/wp\/v2\/pages\/16475\/revisions\/17887"}],"up":[{"embeddable":true,"href":"https:\/\/smmpartizanske.sk\/index.php\/wp-json\/wp\/v2\/pages\/141"}],"wp:featuredmedia":[{"embeddable":true,"href":"https:\/\/smmpartizanske.sk\/index.php\/wp-json\/wp\/v2\/media\/17436"}],"wp:attachment":[{"href":"https:\/\/smmpartizanske.sk\/index.php\/wp-json\/wp\/v2\/media?parent=16475"}],"curies":[{"name":"wp","href":"https:\/\/api.w.org\/{rel}","templated":true}]}}