{"id":16160,"date":"2022-07-02T09:33:05","date_gmt":"2022-07-02T07:33:05","guid":{"rendered":"http:\/\/smmpartizanske.sk\/?page_id=16160"},"modified":"2025-01-31T10:27:23","modified_gmt":"2025-01-31T09:27:23","slug":"evidencia-ziadatelov-o-byt-prehlad-a-aktualny-stav-ziadosti","status":"publish","type":"page","link":"https:\/\/smmpartizanske.sk\/index.php\/evidencia-ziadatelov-o-byt-prehlad-a-aktualny-stav-ziadosti\/","title":{"rendered":"Evidencia \u017eiadate\u013eov o byt \u2013 preh\u013ead a aktu\u00e1lny stav \u017eiadosti"},"content":{"rendered":"<h2 class=\"elementor-heading-title elementor-size-default\" style=\"text-align: center;\"><span style=\"color: #01559e;\"><strong>Evidencia \u017eiadate\u013eov o byt \u2013 preh\u013ead a aktu\u00e1lny stav \u017eiadosti<\/strong><\/span><\/h2>\n<div class=\"paar my-data-table\"><h2>Pridelenie bytu<\/h2><table id=\"\" class=\"form-table-class1 form-table-class2\" style=\"overflow: auto; \">\n\t\t\t\t\t\t\t\t\t\t<thead>\n\t\t\t\t\t\t\t\t\t\t\t<tr><th class=\"manage-column\" data-key=\"Meno \u017eiadate\u013ea\">Meno \u017eiadate\u013ea<\/th><th class=\"manage-column\" data-key=\"Priezvisko \u017eiadate\u013ea\">Priezvisko \u017eiadate\u013ea<\/th><th class=\"manage-column\" data-key=\"D\u00e1tum \u017eiadosti\">D\u00e1tum \u017eiadosti<\/th><th class=\"manage-column\" data-key=\"Stav\">Stav<\/th><\/tr>\n\t\t\t\t\t\t\t\t\t<\/thead>\n\t\t\t\t\t\t\t\t\t<tbody><tr><td data-head=\"Meno \u017eiadate\u013ea\">Jennifer<\/td><td data-head=\"Priezvisko \u017eiadate\u013ea\">Bu\u010dekov\u00e1<\/td><td data-head=\"D\u00e1tum \u017eiadosti\">\u00a0<\/td><td data-head=\"Stav\">\u010dak\u00e1 na zaradenie do zoznamu<\/td><\/tr><tr><td data-head=\"Meno \u017eiadate\u013ea\">Jennifer<\/td><td data-head=\"Priezvisko \u017eiadate\u013ea\">Bu\u010dekov\u00e1<\/td><td data-head=\"D\u00e1tum \u017eiadosti\">\u00a0<\/td><td data-head=\"Stav\">\u010dak\u00e1 na zaradenie do zoznamu<\/td><\/tr><tr><td data-head=\"Meno \u017eiadate\u013ea\">S\u00e1ra<\/td><td data-head=\"Priezvisko \u017eiadate\u013ea\">Langerova<\/td><td data-head=\"D\u00e1tum \u017eiadosti\">\u00a0<\/td><td data-head=\"Stav\">\u010dak\u00e1 na zaradenie do zoznamu<\/td><\/tr><tr><td data-head=\"Meno \u017eiadate\u013ea\">S\u00e1ra<\/td><td data-head=\"Priezvisko \u017eiadate\u013ea\">Langerova<\/td><td data-head=\"D\u00e1tum \u017eiadosti\">\u00a0<\/td><td data-head=\"Stav\">\u010dak\u00e1 na zaradenie do zoznamu<\/td><\/tr><tr><td data-head=\"Meno \u017eiadate\u013ea\">S\u00e1ra<\/td><td data-head=\"Priezvisko \u017eiadate\u013ea\">Lakato\u0161ov\u00e1<\/td><td data-head=\"D\u00e1tum \u017eiadosti\">\u00a0<\/td><td data-head=\"Stav\">\u010dak\u00e1 na zaradenie do zoznamu<\/td><\/tr><tr><td data-head=\"Meno \u017eiadate\u013ea\">S\u00e1ra<\/td><td data-head=\"Priezvisko \u017eiadate\u013ea\">Lakato\u0161ov\u00e1<\/td><td data-head=\"D\u00e1tum \u017eiadosti\">\u00a0<\/td><td data-head=\"Stav\">\u010dak\u00e1 na zaradenie do zoznamu<\/td><\/tr><tr><td data-head=\"Meno \u017eiadate\u013ea\">S\u00e1ra<\/td><td data-head=\"Priezvisko \u017eiadate\u013ea\">Lakato\u0161ov\u00e1<\/td><td data-head=\"D\u00e1tum \u017eiadosti\">\u00a0<\/td><td data-head=\"Stav\">\u010dak\u00e1 na zaradenie do zoznamu<\/td><\/tr><tr><td data-head=\"Meno \u017eiadate\u013ea\">Lubomira<\/td><td data-head=\"Priezvisko \u017eiadate\u013ea\">Veresova<\/td><td data-head=\"D\u00e1tum \u017eiadosti\">\u00a0<\/td><td data-head=\"Stav\">\u010dak\u00e1 na zaradenie do zoznamu<\/td><\/tr><tr><td data-head=\"Meno \u017eiadate\u013ea\">Lubomira<\/td><td data-head=\"Priezvisko \u017eiadate\u013ea\">Veresova<\/td><td data-head=\"D\u00e1tum \u017eiadosti\">\u00a0<\/td><td data-head=\"Stav\">\u010dak\u00e1 na zaradenie do zoznamu<\/td><\/tr><tr><td data-head=\"Meno \u017eiadate\u013ea\">Lubomira<\/td><td data-head=\"Priezvisko \u017eiadate\u013ea\">Veresova<\/td><td data-head=\"D\u00e1tum \u017eiadosti\">\u00a0<\/td><td data-head=\"Stav\">\u010dak\u00e1 na zaradenie do zoznamu<\/td><\/tr><tr><td data-head=\"Meno \u017eiadate\u013ea\">Lubomira<\/td><td data-head=\"Priezvisko \u017eiadate\u013ea\">Veresova<\/td><td data-head=\"D\u00e1tum \u017eiadosti\">\u00a0<\/td><td data-head=\"Stav\">\u010dak\u00e1 na zaradenie do zoznamu<\/td><\/tr><tr><td data-head=\"Meno \u017eiadate\u013ea\">Lubomira<\/td><td data-head=\"Priezvisko \u017eiadate\u013ea\">Veresova<\/td><td data-head=\"D\u00e1tum \u017eiadosti\">\u00a0<\/td><td data-head=\"Stav\">\u010dak\u00e1 na zaradenie do zoznamu<\/td><\/tr><tr><td data-head=\"Meno \u017eiadate\u013ea\">Lubomira<\/td><td data-head=\"Priezvisko \u017eiadate\u013ea\">Veresova<\/td><td data-head=\"D\u00e1tum \u017eiadosti\">\u00a0<\/td><td data-head=\"Stav\">\u010dak\u00e1 na zaradenie do zoznamu<\/td><\/tr><tr><td data-head=\"Meno \u017eiadate\u013ea\">Lubomira<\/td><td data-head=\"Priezvisko \u017eiadate\u013ea\">Veresova<\/td><td data-head=\"D\u00e1tum \u017eiadosti\">\u00a0<\/td><td data-head=\"Stav\">\u010dak\u00e1 na zaradenie do zoznamu<\/td><\/tr><tr><td data-head=\"Meno \u017eiadate\u013ea\">Lubomira<\/td><td data-head=\"Priezvisko \u017eiadate\u013ea\">Veresova<\/td><td data-head=\"D\u00e1tum \u017eiadosti\">\u00a0<\/td><td data-head=\"Stav\">\u010dak\u00e1 na zaradenie do zoznamu<\/td><\/tr><tr><td data-head=\"Meno \u017eiadate\u013ea\">Lubomira<\/td><td data-head=\"Priezvisko \u017eiadate\u013ea\">Veresova<\/td><td data-head=\"D\u00e1tum \u017eiadosti\">\u00a0<\/td><td data-head=\"Stav\">\u010dak\u00e1 na zaradenie do zoznamu<\/td><\/tr><tr><td data-head=\"Meno \u017eiadate\u013ea\">Lubomira<\/td><td data-head=\"Priezvisko \u017eiadate\u013ea\">Veresova<\/td><td data-head=\"D\u00e1tum \u017eiadosti\">\u00a0<\/td><td data-head=\"Stav\">\u010dak\u00e1 na zaradenie do zoznamu<\/td><\/tr><tr><td data-head=\"Meno \u017eiadate\u013ea\">Lubomira<\/td><td data-head=\"Priezvisko \u017eiadate\u013ea\">Veresova<\/td><td data-head=\"D\u00e1tum \u017eiadosti\">\u00a0<\/td><td data-head=\"Stav\">\u010dak\u00e1 na zaradenie do zoznamu<\/td><\/tr><tr><td data-head=\"Meno \u017eiadate\u013ea\">Lubomira<\/td><td data-head=\"Priezvisko \u017eiadate\u013ea\">Veresova<\/td><td data-head=\"D\u00e1tum \u017eiadosti\">\u00a0<\/td><td data-head=\"Stav\">\u010dak\u00e1 na zaradenie do zoznamu<\/td><\/tr><tr><td data-head=\"Meno \u017eiadate\u013ea\">Jana<\/td><td data-head=\"Priezvisko \u017eiadate\u013ea\">Lacikova<\/td><td data-head=\"D\u00e1tum \u017eiadosti\">\u00a0<\/td><td data-head=\"Stav\">\u010dak\u00e1 na zaradenie do zoznamu<\/td><\/tr><tr><td data-head=\"Meno \u017eiadate\u013ea\">Jana<\/td><td data-head=\"Priezvisko \u017eiadate\u013ea\">Lacikova<\/td><td data-head=\"D\u00e1tum \u017eiadosti\">\u00a0<\/td><td data-head=\"Stav\">\u010dak\u00e1 na zaradenie do zoznamu<\/td><\/tr><tr><td data-head=\"Meno \u017eiadate\u013ea\">Jana<\/td><td data-head=\"Priezvisko \u017eiadate\u013ea\">Lacikova<\/td><td data-head=\"D\u00e1tum \u017eiadosti\">\u00a0<\/td><td data-head=\"Stav\">\u010dak\u00e1 na zaradenie do zoznamu<\/td><\/tr><tr><td data-head=\"Meno \u017eiadate\u013ea\">Jana<\/td><td data-head=\"Priezvisko \u017eiadate\u013ea\">Lacikova<\/td><td data-head=\"D\u00e1tum \u017eiadosti\">\u00a0<\/td><td data-head=\"Stav\">\u010dak\u00e1 na zaradenie do zoznamu<\/td><\/tr><tr><td data-head=\"Meno \u017eiadate\u013ea\">Jana<\/td><td data-head=\"Priezvisko \u017eiadate\u013ea\">Lacikova<\/td><td data-head=\"D\u00e1tum \u017eiadosti\">\u00a0<\/td><td data-head=\"Stav\">\u010dak\u00e1 na zaradenie do zoznamu<\/td><\/tr><tr><td data-head=\"Meno \u017eiadate\u013ea\">Erika<\/td><td data-head=\"Priezvisko \u017eiadate\u013ea\">\u0160ev\u010d\u00edkov\u00e1<\/td><td data-head=\"D\u00e1tum \u017eiadosti\">\u00a0<\/td><td data-head=\"Stav\">\u010dak\u00e1 na zaradenie do zoznamu<\/td><\/tr><tr><td data-head=\"Meno \u017eiadate\u013ea\">Erika<\/td><td data-head=\"Priezvisko \u017eiadate\u013ea\">\u0160ev\u010d\u00edkov\u00e1<\/td><td data-head=\"D\u00e1tum \u017eiadosti\">\u00a0<\/td><td data-head=\"Stav\">\u010dak\u00e1 na zaradenie do zoznamu<\/td><\/tr><tr><td data-head=\"Meno \u017eiadate\u013ea\">Erika<\/td><td data-head=\"Priezvisko \u017eiadate\u013ea\">\u0160ev\u010d\u00edkov\u00e1<\/td><td data-head=\"D\u00e1tum \u017eiadosti\">\u00a0<\/td><td data-head=\"Stav\">\u010dak\u00e1 na zaradenie do zoznamu<\/td><\/tr><tr><td data-head=\"Meno \u017eiadate\u013ea\">Erika<\/td><td data-head=\"Priezvisko \u017eiadate\u013ea\">\u0160ev\u010d\u00edkov\u00e1<\/td><td data-head=\"D\u00e1tum \u017eiadosti\">\u00a0<\/td><td data-head=\"Stav\">\u010dak\u00e1 na zaradenie do zoznamu<\/td><\/tr><tr><td data-head=\"Meno \u017eiadate\u013ea\">Veronika<\/td><td data-head=\"Priezvisko \u017eiadate\u013ea\">\u0160i\u0161kov\u00e1<\/td><td data-head=\"D\u00e1tum \u017eiadosti\">\u00a0<\/td><td data-head=\"Stav\">\u010dak\u00e1 na zaradenie do zoznamu<\/td><\/tr><tr><td data-head=\"Meno \u017eiadate\u013ea\">Veronika<\/td><td data-head=\"Priezvisko \u017eiadate\u013ea\">\u0160i\u0161kov\u00e1<\/td><td data-head=\"D\u00e1tum \u017eiadosti\">\u00a0<\/td><td data-head=\"Stav\">\u010dak\u00e1 na zaradenie do zoznamu<\/td><\/tr><tr><td data-head=\"Meno \u017eiadate\u013ea\">Veronika<\/td><td data-head=\"Priezvisko \u017eiadate\u013ea\">\u0160i\u0161kov\u00e1<\/td><td data-head=\"D\u00e1tum \u017eiadosti\">\u00a0<\/td><td data-head=\"Stav\">\u010dak\u00e1 na zaradenie do zoznamu<\/td><\/tr><\/tbody>\n\t\t\t\t\t\t\t\t<\/table><\/div>\n","protected":false},"excerpt":{"rendered":"<p>Evidencia \u017eiadate\u013eov o byt \u2013 preh\u013ead a aktu\u00e1lny stav \u017eiadosti<\/p>\n","protected":false},"author":4,"featured_media":17436,"parent":0,"menu_order":0,"comment_status":"closed","ping_status":"closed","template":"","meta":{"site-sidebar-layout":"default","site-content-layout":"","ast-site-content-layout":"default","site-content-style":"default","site-sidebar-style":"default","ast-global-header-display":"","ast-banner-title-visibility":"","ast-main-header-display":"","ast-hfb-above-header-display":"","ast-hfb-below-header-display":"","ast-hfb-mobile-header-display":"","site-post-title":"","ast-breadcrumbs-content":"","ast-featured-img":"","footer-sml-layout":"","theme-transparent-header-meta":"default","adv-header-id-meta":"","stick-header-meta":"","header-above-stick-meta":"","header-main-stick-meta":"","header-below-stick-meta":"","astra-migrate-meta-layouts":"set","ast-page-background-enabled":"default","ast-page-background-meta":{"desktop":{"background-color":"var(--ast-global-color-5)","background-image":"","background-repeat":"repeat","background-position":"center center","background-size":"auto","background-attachment":"scroll","background-type":"","background-media":"","overlay-type":"","overlay-color":"","overlay-opacity":"","overlay-gradient":""},"tablet":{"background-color":"","background-image":"","background-repeat":"repeat","background-position":"center center","background-size":"auto","background-attachment":"scroll","background-type":"","background-media":"","overlay-type":"","overlay-color":"","overlay-opacity":"","overlay-gradient":""},"mobile":{"background-color":"","background-image":"","background-repeat":"repeat","background-position":"center center","background-size":"auto","background-attachment":"scroll","background-type":"","background-media":"","overlay-type":"","overlay-color":"","overlay-opacity":"","overlay-gradient":""}},"ast-content-background-meta":{"desktop":{"background-color":"var(--ast-global-color-4)","background-image":"","background-repeat":"repeat","background-position":"center center","background-size":"auto","background-attachment":"scroll","background-type":"","background-media":"","overlay-type":"","overlay-color":"","overlay-opacity":"","overlay-gradient":""},"tablet":{"background-color":"var(--ast-global-color-4)","background-image":"","background-repeat":"repeat","background-position":"center center","background-size":"auto","background-attachment":"scroll","background-type":"","background-media":"","overlay-type":"","overlay-color":"","overlay-opacity":"","overlay-gradient":""},"mobile":{"background-color":"var(--ast-global-color-4)","background-image":"","background-repeat":"repeat","background-position":"center center","background-size":"auto","background-attachment":"scroll","background-type":"","background-media":"","overlay-type":"","overlay-color":"","overlay-opacity":"","overlay-gradient":""}},"footnotes":""},"class_list":["post-16160","page","type-page","status-publish","has-post-thumbnail","hentry"],"_links":{"self":[{"href":"https:\/\/smmpartizanske.sk\/index.php\/wp-json\/wp\/v2\/pages\/16160","targetHints":{"allow":["GET"]}}],"collection":[{"href":"https:\/\/smmpartizanske.sk\/index.php\/wp-json\/wp\/v2\/pages"}],"about":[{"href":"https:\/\/smmpartizanske.sk\/index.php\/wp-json\/wp\/v2\/types\/page"}],"author":[{"embeddable":true,"href":"https:\/\/smmpartizanske.sk\/index.php\/wp-json\/wp\/v2\/users\/4"}],"replies":[{"embeddable":true,"href":"https:\/\/smmpartizanske.sk\/index.php\/wp-json\/wp\/v2\/comments?post=16160"}],"version-history":[{"count":29,"href":"https:\/\/smmpartizanske.sk\/index.php\/wp-json\/wp\/v2\/pages\/16160\/revisions"}],"predecessor-version":[{"id":18253,"href":"https:\/\/smmpartizanske.sk\/index.php\/wp-json\/wp\/v2\/pages\/16160\/revisions\/18253"}],"wp:featuredmedia":[{"embeddable":true,"href":"https:\/\/smmpartizanske.sk\/index.php\/wp-json\/wp\/v2\/media\/17436"}],"wp:attachment":[{"href":"https:\/\/smmpartizanske.sk\/index.php\/wp-json\/wp\/v2\/media?parent=16160"}],"curies":[{"name":"wp","href":"https:\/\/api.w.org\/{rel}","templated":true}]}}