{"id":15590,"date":"2022-11-25T15:43:49","date_gmt":"2022-11-25T14:43:49","guid":{"rendered":"http:\/\/smmpartizanske.sk\/?page_id=15590"},"modified":"2025-01-17T15:19:26","modified_gmt":"2025-01-17T14:19:26","slug":"zakazky-rok-2022","status":"publish","type":"page","link":"https:\/\/smmpartizanske.sk\/index.php\/verejne-obstaravanie\/zakazky-rok-2022\/","title":{"rendered":"Z\u00e1kazky pod\u013ea \u00a7 117 z\u00e1k. \u010d. 343\/2015 \u2013 rok 2022"},"content":{"rendered":"<h2 class=\"elementor-heading-title elementor-size-default\" style=\"text-align: center;\"><span style=\"color: #01559e;\"><strong>Z\u00e1kazky pod\u013ea \u00a7 117 z\u00e1k. \u010d. 343\/2015 \u2013 rok 2022<\/strong><\/span><\/h2>\n<p>08A. V\u00fdsledok verejn\u00e9ho obstar\u00e1vania z\u00e1kazky: <a href=\"http:\/\/smmpartizanske.sk\/wp-content\/uploads\/2022\/12\/Z\u00e1pis-z-anal\u00fdzy-trhu-VO_8_2022.pdf\" target=\"_blank\" rel=\"noopener\">V\u00fdmena 11 kusov okien na budove \u010d.640\/6 ul. Febru\u00e1rova (Stomatol\u00f3gia), Partiz\u00e1nske<\/a><\/p>\n<p>Zverejnen\u00e9: 25.11.2022<\/p>\n<p>08. Predmet z\u00e1kazky: <a href=\"http:\/\/smmpartizanske.sk\/wp-content\/uploads\/2022\/11\/Prikaz-a-vyzva-na-zverejnenie.pdf\" target=\"_blank\" rel=\"noopener\">V\u00fdmena 11 kusov okien na budove \u010d.640\/6 ul. Febru\u00e1rova (Stomatol\u00f3gia), Partiz\u00e1nske<\/a><\/p>\n<p>Pr\u00edloha \u010d.2:\u00a0\u00a0<a href=\"http:\/\/smmpartizanske.sk\/wp-content\/uploads\/2022\/11\/n\u00e1\u010drt-okien.pdf\" target=\"_blank\" rel=\"noopener\">N\u00e1\u010drt okien<\/a><\/p>\n<p>Hodnota z\u00e1kazky bez DPH (\u20ac) :\u00a0 4.850,00 \u20ac<\/p>\n<p>Zverejnen\u00e9: 18.11.2022<\/p>\n<p>07A. V\u00fdsledok verejn\u00e9ho obstar\u00e1vanie z\u00e1kazky: <a href=\"http:\/\/smmpartizanske.sk\/wp-content\/uploads\/2022\/12\/Z\u00e1pis-z-prieskumu-trhu-VO_7_2022.pdf\" target=\"_blank\" rel=\"noopener\">Dodanie a mont\u00e1\u017e klimatiza\u010dn\u00fdch jednotiek, budova SMM, n.o., Partiz\u00e1nske<\/a><\/p>\n<p>Zverejnen\u00e9 21.11.2022<\/p>\n<p>07. Predmet z\u00e1kazky: <a href=\"http:\/\/smmpartizanske.sk\/wp-content\/uploads\/2022\/11\/Prikaz-a-vyzva-7_2022.pdf\" target=\"_blank\" rel=\"noopener\">Dodanie a mont\u00e1\u017e klimatiza\u010dn\u00fdch jednotiek, budova SMM, n.o., Partiz\u00e1nske<\/a><\/p>\n<p>Pr\u00edloha \u010d.2:\u00a0<a href=\"http:\/\/smmpartizanske.sk\/wp-content\/uploads\/2022\/11\/Pr\u00edloha-\u010d_2_VO_7_2022.docx\" target=\"_blank\" rel=\"noopener\">\u00a0V\u00fdkaz v\u00fdmer<\/a><\/p>\n<p>Hodnota z\u00e1kazky bez DPH (\u20ac) :\u00a0 7.050,00 \u20ac<\/p>\n<p>06A. V\u00fdsledok verejn\u00e9ho obstar\u00e1vania z\u00e1kazky:\u00a0<a href=\"http:\/\/smmpartizanske.sk\/wp-content\/uploads\/2022\/10\/Z\u00e1pis-z-anal\u00fdzy-trhu-VO_6_2022.pdf\" target=\"_blank\" rel=\"noopener\">Drobn\u00e9 stavebn\u00e9 pr\u00e1ce v budove \u010d. 640\/6 ul. Febru\u00e1rov\u00e1 (Stomatol\u00f3gia), Partiz\u00e1nske<\/a><\/p>\n<p>Zverejnen\u00e9: 18.10.2022<\/p>\n<p>06. Predmet z\u00e1kazky: <a href=\"http:\/\/smmpartizanske.sk\/wp-content\/uploads\/2022\/10\/Pr\u00edkaz-a-v\u00fdzva-VO_6_2022_na-zverejnenie.pdf\" target=\"_blank\" rel=\"noopener\">Drobn\u00e9 stavebn\u00e9 pr\u00e1ce v budove \u010d. 640\/6 ul. Febru\u00e1rov\u00e1 (Stomatol\u00f3gia), Partiz\u00e1nske<\/a><\/p>\n<p>Pr\u00edloha \u010d.2:\u00a0<a href=\"http:\/\/smmpartizanske.sk\/wp-content\/uploads\/2022\/10\/Pr\u00edloha-\u010d_2_VO_6_2022.docx\" target=\"_blank\" rel=\"noopener\">\u00a0V\u00fdkaz v\u00fdmer<\/a><\/p>\n<p>Hodnota z\u00e1kazky bez DPH (\u20ac) :\u00a0 4.750,00 \u20ac<\/p>\n<p>Zverejnen\u00e9: 4.10.2022<\/p>\n<p>05A. V\u00fdsledok verejn\u00e9ho obstar\u00e1vania z\u00e1kazky: <a href=\"http:\/\/smmpartizanske.sk\/wp-content\/uploads\/2022\/10\/Z\u00e1pis-z-prieskumu-trhu-VO_5_2022-\u2013-k\u00f3pia.pdf\" target=\"_blank\" rel=\"noopener\">V\u00fdmena okien (schodi\u0161te) na budove \u010d.686\/4 ul. N\u00e1dra\u017en\u00e1, Partiz\u00e1nske<\/a><\/p>\n<p>Zverejnen\u00e9: 4.10.2022<\/p>\n<p>05. Predmet z\u00e1kazky: <a href=\"http:\/\/smmpartizanske.sk\/wp-content\/uploads\/2022\/09\/prikaz-a-v\u00fdzva-na-zverejnenie-5_2022.pdf\" target=\"_blank\" rel=\"noopener\">V\u00fdmena okien (schodi\u0161te) na budove \u010d.686\/4 ul. N\u00e1dra\u017en\u00e1, Partiz\u00e1nske<\/a><\/p>\n<p>Pr\u00edloha \u010d.2:\u00a0\u00a0<a href=\"http:\/\/smmpartizanske.sk\/wp-content\/uploads\/2022\/09\/N\u00e1\u010drt-okien-5_2022.pdf\" target=\"_blank\" rel=\"noopener\">N\u00e1\u010drt okien<\/a><\/p>\n<p>Hodnota z\u00e1kazky bez DPH (\u20ac) :\u00a0 6.720,00 \u20ac<\/p>\n<p>Zverejnen\u00e9: 23.9.2022<\/p>\n<p>04A.V\u00fdsledok verejn\u00e9ho obstar\u00e1vanie\u00a0\u00a0z\u00e1kazky: <a href=\"http:\/\/smmpartizanske.sk\/wp-content\/uploads\/2022\/10\/Z\u00e1pis-z-anal\u00fdzy-trhu-VO_4_2022.pdf\" target=\"_blank\" rel=\"noopener\">V\u00fdmena 8 kusov okien na budove \u010d.640\/6 ul. Febru\u00e1rova (Stomatol\u00f3gia), Partiz\u00e1nske<\/a><\/p>\n<p>Zverejnen\u00e9: 4.10.2022<\/p>\n<p>04. Predmet z\u00e1kazky: <a href=\"http:\/\/smmpartizanske.sk\/wp-content\/uploads\/2022\/09\/Pr\u00edkaz-a-v\u00fdzva-4_2022-na-zverejnenie-1.pdf\" target=\"_blank\" rel=\"noopener\">V\u00fdmena 8 kusov okien na budove \u010d.640\/6 ul. Febru\u00e1rova (Stomatol\u00f3gia), Partiz\u00e1nske<\/a><\/p>\n<p>Pr\u00edloha \u010d.2:\u00a0\u00a0<a href=\"http:\/\/smmpartizanske.sk\/wp-content\/uploads\/2022\/09\/N\u00e1\u010drt-okien-4_2022.pdf\" target=\"_blank\" rel=\"noopener\">N\u00e1\u010drt okien<\/a><\/p>\n<p>Hodnota z\u00e1kazky bez DPH (\u20ac) :\u00a0 4.999,00 \u20ac<\/p>\n<p>Zverejnen\u00e9: 23.9.2022<\/p>\n<p>03A. V\u00fdsledok verejn\u00e9ho obstar\u00e1vania z\u00e1kazky: <a href=\"http:\/\/smmpartizanske.sk\/wp-content\/uploads\/2022\/10\/Z\u00e1pis-z-prieskumu-trhu-VO_3_2022.pdf\" target=\"_blank\" rel=\"noopener\">Oprava a zateplenie strechy na pr\u00edstavbe domu R. Ja\u0161\u00edka 652, Partiz\u00e1nske<\/a><\/p>\n<p>Zverejnen\u00e9: 4.10.2022<\/p>\n<p>03. Predmet z\u00e1kazky: <a href=\"http:\/\/smmpartizanske.sk\/wp-content\/uploads\/2022\/09\/Prikaz-\u010d.3-a-vymer-na-zverejnenie.pdf\" target=\"_blank\" rel=\"noopener\">Oprava a zateplenie strechy na pr\u00edstavbe domu R. Ja\u0161\u00edka 652, Partiz\u00e1nske<\/a><\/p>\n<p>Pr\u00edloha \u010d.2:\u00a0\u00a0<a href=\"http:\/\/smmpartizanske.sk\/wp-content\/uploads\/2022\/09\/Pr\u00edloha-\u010d_1_VO_3_2022.docx\" target=\"_blank\" rel=\"noopener\">V\u00fdkaz v\u00fdmer<\/a><\/p>\n<p>Hodnota z\u00e1kazky bez DPH (\u20ac) :\u00a0 9.990,00 \u20ac<\/p>\n<p>Zverejnen\u00e9: 16.9.2022<\/p>\n<p>02A. V\u00fdsledok verejn\u00e9ho obstar\u00e1vania: <a href=\"http:\/\/smmpartizanske.sk\/wp-content\/uploads\/2022\/06\/zapis_z_prieskumu_trhu_2_2022.pdf\" target=\"_blank\" rel=\"noopener\">K\u00fapa ojazden\u00e9ho \u00fa\u017eitkov\u00e9ho SMV pre potreby SMM, n.o., Partiz\u00e1nske<\/a><\/p>\n<p>Zverejnen\u00e9: 13.6.2022<\/p>\n<p>02. Predmet z\u00e1kazky: <a href=\"http:\/\/smmpartizanske.sk\/wp-content\/uploads\/2022\/06\/Pr\u00edkaz-a-V\u00fdzva-\u010d.-2_2022-na-zverejnenie-1.pdf\" target=\"_blank\" rel=\"noopener\">K\u00fapa ojazden\u00e9ho \u00fa\u017eitkov\u00e9ho SMV pre potreby SMM, n.o., Partiz\u00e1nske<\/a><\/p>\n<p>Pr\u00edloha \u010d.1:\u00a0 <a href=\"http:\/\/smmpartizanske.sk\/wp-content\/uploads\/2022\/06\/pr\u00edloha-VO-zak\u00fapenie-auta.docx\" target=\"_blank\" rel=\"noopener\">Cenov\u00e1 ponuka<\/a><\/p>\n<p>Hodnota z\u00e1kazky bez DPH (\u20ac) :\u00a0 9000,00 \u20ac<\/p>\n<p>Zverejnen\u00e9: 13.6.2022<\/p>\n<p>01A. V\u00fdsledok verejn\u00e9ho obstar\u00e1vania na predmet z\u00e1kazky: <a href=\"http:\/\/smmpartizanske.sk\/wp-content\/uploads\/2022\/04\/Z\u00e1pis-z-prieskumu-trhu.pdf\" target=\"_blank\" rel=\"noopener\">Rekon\u0161trukcia vonkaj\u0161ieho schodiska DS-ALFA, Partiz\u00e1nske<\/a><\/p>\n<p>Zverejnen\u00e9: 16.3.2022<\/p>\n<p>01. Predmet z\u00e1kazky: <a href=\"http:\/\/smmpartizanske.sk\/wp-content\/uploads\/2022\/02\/Pr\u00edkaz-riadite\u013ea-na-zadanie-z\u00e1kazky-\u010d.-1_2022-1.docx\" target=\"_blank\" rel=\"noopener\">Rekon\u0161trukcia vonkaj\u0161ieho schodiska DS-ALFA, Partiz\u00e1nske<\/a><\/p>\n<p>Pr\u00edloha \u010d.2:\u00a0\u00a0<a href=\"http:\/\/smmpartizanske.sk\/wp-content\/uploads\/2022\/02\/Vykaz-vymer-schody_N.xls\" target=\"_blank\" rel=\"noopener\">V\u00fdkaz v\u00fdmer<\/a><\/p>\n<p>Hodnota z\u00e1kazky bez DPH (\u20ac) :\u00a0 12000,00 \u20ac<\/p>\n<p>Zverejnen\u00e9: 22.2.2022<\/p>\n","protected":false},"excerpt":{"rendered":"<p>Z\u00e1kazky pod\u013ea \u00a7 117 z\u00e1k. \u010d. 343\/2015 \u2013 rok 2022 08A. V\u00fdsledok verejn\u00e9ho obstar\u00e1vania z\u00e1kazky: V\u00fdmena 11 kusov okien na [&hellip;]<\/p>\n","protected":false},"author":4,"featured_media":17436,"parent":141,"menu_order":0,"comment_status":"closed","ping_status":"closed","template":"","meta":{"site-sidebar-layout":"default","site-content-layout":"","ast-site-content-layout":"default","site-content-style":"default","site-sidebar-style":"default","ast-global-header-display":"","ast-banner-title-visibility":"","ast-main-header-display":"","ast-hfb-above-header-display":"","ast-hfb-below-header-display":"","ast-hfb-mobile-header-display":"","site-post-title":"","ast-breadcrumbs-content":"","ast-featured-img":"","footer-sml-layout":"","theme-transparent-header-meta":"default","adv-header-id-meta":"","stick-header-meta":"","header-above-stick-meta":"","header-main-stick-meta":"","header-below-stick-meta":"","astra-migrate-meta-layouts":"set","ast-page-background-enabled":"default","ast-page-background-meta":{"desktop":{"background-color":"var(--ast-global-color-5)","background-image":"","background-repeat":"repeat","background-position":"center center","background-size":"auto","background-attachment":"scroll","background-type":"","background-media":"","overlay-type":"","overlay-color":"","overlay-opacity":"","overlay-gradient":""},"tablet":{"background-color":"","background-image":"","background-repeat":"repeat","background-position":"center center","background-size":"auto","background-attachment":"scroll","background-type":"","background-media":"","overlay-type":"","overlay-color":"","overlay-opacity":"","overlay-gradient":""},"mobile":{"background-color":"","background-image":"","background-repeat":"repeat","background-position":"center center","background-size":"auto","background-attachment":"scroll","background-type":"","background-media":"","overlay-type":"","overlay-color":"","overlay-opacity":"","overlay-gradient":""}},"ast-content-background-meta":{"desktop":{"background-color":"var(--ast-global-color-4)","background-image":"","background-repeat":"repeat","background-position":"center center","background-size":"auto","background-attachment":"scroll","background-type":"","background-media":"","overlay-type":"","overlay-color":"","overlay-opacity":"","overlay-gradient":""},"tablet":{"background-color":"var(--ast-global-color-4)","background-image":"","background-repeat":"repeat","background-position":"center center","background-size":"auto","background-attachment":"scroll","background-type":"","background-media":"","overlay-type":"","overlay-color":"","overlay-opacity":"","overlay-gradient":""},"mobile":{"background-color":"var(--ast-global-color-4)","background-image":"","background-repeat":"repeat","background-position":"center center","background-size":"auto","background-attachment":"scroll","background-type":"","background-media":"","overlay-type":"","overlay-color":"","overlay-opacity":"","overlay-gradient":""}},"footnotes":""},"class_list":["post-15590","page","type-page","status-publish","has-post-thumbnail","hentry"],"_links":{"self":[{"href":"https:\/\/smmpartizanske.sk\/index.php\/wp-json\/wp\/v2\/pages\/15590","targetHints":{"allow":["GET"]}}],"collection":[{"href":"https:\/\/smmpartizanske.sk\/index.php\/wp-json\/wp\/v2\/pages"}],"about":[{"href":"https:\/\/smmpartizanske.sk\/index.php\/wp-json\/wp\/v2\/types\/page"}],"author":[{"embeddable":true,"href":"https:\/\/smmpartizanske.sk\/index.php\/wp-json\/wp\/v2\/users\/4"}],"replies":[{"embeddable":true,"href":"https:\/\/smmpartizanske.sk\/index.php\/wp-json\/wp\/v2\/comments?post=15590"}],"version-history":[{"count":30,"href":"https:\/\/smmpartizanske.sk\/index.php\/wp-json\/wp\/v2\/pages\/15590\/revisions"}],"predecessor-version":[{"id":17888,"href":"https:\/\/smmpartizanske.sk\/index.php\/wp-json\/wp\/v2\/pages\/15590\/revisions\/17888"}],"up":[{"embeddable":true,"href":"https:\/\/smmpartizanske.sk\/index.php\/wp-json\/wp\/v2\/pages\/141"}],"wp:featuredmedia":[{"embeddable":true,"href":"https:\/\/smmpartizanske.sk\/index.php\/wp-json\/wp\/v2\/media\/17436"}],"wp:attachment":[{"href":"https:\/\/smmpartizanske.sk\/index.php\/wp-json\/wp\/v2\/media?parent=15590"}],"curies":[{"name":"wp","href":"https:\/\/api.w.org\/{rel}","templated":true}]}}