{"id":141,"date":"2024-08-23T07:31:30","date_gmt":"2024-08-23T05:31:30","guid":{"rendered":"http:\/\/smmpartizanske.sk\/?page_id=141"},"modified":"2025-01-17T15:16:37","modified_gmt":"2025-01-17T14:16:37","slug":"verejne-obstaravanie","status":"publish","type":"page","link":"https:\/\/smmpartizanske.sk\/index.php\/verejne-obstaravanie\/","title":{"rendered":"Verejn\u00e9 obstar\u00e1vanie"},"content":{"rendered":"<h2 class=\"elementor-heading-title elementor-size-default\" style=\"text-align: center;\"><span style=\"color: #01559e;\"><strong>Verejn\u00e9 obstar\u00e1vanie<\/strong><\/span><\/h2>\n<h3>Profil verejn\u00e9ho obstar\u00e1vate\u013ea<\/h3>\n<p>Spr\u00e1va majetku mesta, n.o., Partiz\u00e1nske je pod\u013ea \u00a7 7 ods. 2 Z\u00e1kona \u010d. 343\/2015 Z. z. o verejnom obstar\u00e1van\u00ed a o zmene a doplnen\u00ed niektor\u00fdch z\u00e1konov v znen\u00ed neskor\u0161\u00edch predpisov verejn\u00fdm obstar\u00e1vate\u013eom a pri zad\u00e1van\u00ed z\u00e1kaziek na dodanie tovarov, uskuto\u010dnenie stavebn\u00fdch pr\u00e1c a poskytovanie slu\u017eieb je povinn\u00e1 pou\u017e\u00edva\u0165 postupy pod\u013ea tohto z\u00e1kona.<\/p>\n<p><strong>Verejn\u00fd obstar\u00e1vate\u013e:<\/strong> Spr\u00e1va majetku mesta, n.o., Partiz\u00e1nske<br \/>\n<strong>S\u00eddlo:<\/strong> 29.augusta 1191\/51, 958 01 Partiz\u00e1nske<br \/>\n<strong>\u0160tatut\u00e1rny z\u00e1stupca:<\/strong> Ing. Branislav La\u010dn\u00fd, riadite\u013e | <a href=\"mailto:smm@slovanet.sk\">sekretariat@smmpartizanske.sk<\/a><br \/>\n<strong>I\u010cO:<\/strong> 379 23 145<\/p>\n<p>Zad\u00e1vanie z\u00e1kaziek zabezpe\u010duje SMM, n.o., Partiz\u00e1nske v s\u00falade so Smernicou upravuj\u00facou postupy pri verejnom obstar\u00e1van\u00ed z\u00e1kaziek na dodanie tovarov, uskuto\u010dnenie stavebn\u00fdch pr\u00e1c a poskytovanie slu\u017eieb.<\/p>\n<p>Z\u00e1kazky pod\u013ea \u00a7 117 Z\u00e1kona \u010d. 343\/2015 Z. z. verejn\u00fd obstar\u00e1vate\u013e zverej\u0148uje vo svojom profile, na svojej webovej str\u00e1nke, v \u0161tvr\u0165ro\u010dn\u00fdch preh\u013eadoch.<\/p>\n<p><strong>ROK 2024:<\/strong><\/p>\n<p><a href=\"http:\/\/smmpartizanske.sk\/?p=16997\">Z\u00e1kazky v s\u00falade so Z\u00e1k. \u010d. 343\/2015 Z.z. o verejnom obstar\u00e1van\u00ed (2)<\/a><br \/>\nZ\u00e1kazky podlimitn\u00e9<br \/>\nZ\u00e1kazky nadlimitn\u00e9<\/p>\n<hr class=\"symple-divider double \" style=\"margin-top: 20px;margin-bottom: 20px;\" \/>\n<p><strong>ROK 2023:<\/strong><\/p>\n<p><a href=\"http:\/\/smmpartizanske.sk\/index.php\/verejne-obstaravanie\/zakazky-rok-2023\/\">Z\u00e1kazky s n\u00edzkymi hodnotami pod\u013ea \u00a7 117 Z\u00e1k. \u010d. 343\/2015 Z.z. o verejnom obstar\u00e1van\u00ed(2)<\/a><br \/>\nZ\u00e1kazky podlimitn\u00e9<br \/>\nZ\u00e1kazky nadlimitn\u00e9<br \/>\n<a title=\"\u0160tvr\u0165ro\u010dn\u00e9 preh\u013eady \u2013 rok 2023\" href=\"http:\/\/smmpartizanske.sk\/index.php\/verejne-obstaravanie\/stvrtrocne-prehlady-rok-2023\/\">\u0160tvr\u0165ro\u010dn\u00e9 preh\u013eady<\/a><\/p>\n<hr class=\"symple-divider double \" style=\"margin-top: 20px;margin-bottom: 20px;\" \/>\n<p><strong>ROK 2022:<\/strong><\/p>\n<p><a href=\"http:\/\/smmpartizanske.sk\/index.php\/verejne-obstaravanie\/zakazky-rok-2022\/\">Z\u00e1kazky s n\u00edzkymi hodnotami pod\u013ea \u00a7 117 Z\u00e1k. \u010d. 343\/2015 Z.z. o verejnom obstar\u00e1van\u00ed(6)<\/a><br \/>\nZ\u00e1kazky podlimitn\u00e9<br \/>\nZ\u00e1kazky nadlimitn\u00e9<br \/>\n<a title=\"\u0160tvr\u0165ro\u010dn\u00e9 preh\u013eady \u2013 rok 2022\" href=\"http:\/\/smmpartizanske.sk\/index.php\/verejne-obstaravanie\/stvrtrocne-prehlady-rok-2022\/\">\u0160tvr\u0165ro\u010dn\u00e9 preh\u013eady<\/a><\/p>\n<hr class=\"symple-divider double \" style=\"margin-top: 20px;margin-bottom: 20px;\" \/>\n<p><strong>ROK 2021:<\/strong><\/p>\n<p><a href=\"http:\/\/smmpartizanske.sk\/index.php\/verejne-obstaravanie\/zakazky-2021\/\">Z\u00e1kazky s n\u00edzkymi hodnotami pod\u013ea \u00a7 117 Z\u00e1k. \u010d. 343\/2015 Z.z. o verejnom obstar\u00e1van\u00ed(8)<\/a><br \/>\nZ\u00e1kazky podlimitn\u00e9<br \/>\nZ\u00e1kazky nadlimitn\u00e9<br \/>\n<a title=\"\u0160tvr\u0165ro\u010dn\u00e9 preh\u013eady \u2013 rok 2021\" href=\"http:\/\/smmpartizanske.sk\/index.php\/verejne-obstaravanie\/stvrtrocne-prehlady-rok-2021\/\">\u0160tvr\u0165ro\u010dn\u00e9 preh\u013eady<\/a><\/p>\n<hr class=\"symple-divider double \" style=\"margin-top: 20px;margin-bottom: 20px;\" \/>\n<p><strong>ROK 2020:<\/strong><\/p>\n<p><a href=\"http:\/\/smmpartizanske.sk\/index.php\/verejne-obstaravanie\/zakazky-2020\/\">Z\u00e1kazky s n\u00edzkymi hodnotami pod\u013ea \u00a7 117 Z\u00e1k. \u010d. 343\/2015 Z.z. o verejnom obstar\u00e1van\u00ed(17)<\/a><br \/>\nZ\u00e1kazky podlimitn\u00e9<br \/>\nZ\u00e1kazky nadlimitn\u00e9<br \/>\n<a title=\"\u0160tvr\u0165ro\u010dn\u00e9 preh\u013eady \u2013 rok 2020\" href=\"http:\/\/smmpartizanske.sk\/index.php\/verejne-obstaravanie\/stvrtrocne-prehlady-rok-2020\/\">\u0160tvr\u0165ro\u010dn\u00e9 preh\u013eady<\/a><\/p>\n<hr class=\"symple-divider double \" style=\"margin-top: 20px;margin-bottom: 20px;\" \/>\n<p><strong>ROK 2019:<\/strong><\/p>\n<p><a href=\"http:\/\/smmpartizanske.sk\/index.php\/verejne-obstaravanie\/zakazky-2019\/\">Z\u00e1kazky s n\u00edzkymi hodnotami pod\u013ea \u00a7 117 Z\u00e1k. \u010d. 343\/2015 Z.z. o verejnom obstar\u00e1van\u00ed(18)<\/a><br \/>\nZ\u00e1kazky podlimitn\u00e9<br \/>\nZ\u00e1kazky nadlimitn\u00e9<br \/>\n<a title=\"\u0160tvr\u0165ro\u010dn\u00e9 preh\u013eady \u2013 rok 2019\" href=\"http:\/\/smmpartizanske.sk\/index.php\/verejne-obstaravanie\/stvrtrocne-prehlady-rok-2019\/\">\u0160tvr\u0165ro\u010dn\u00e9 preh\u013eady<\/a><\/p>\n<hr class=\"symple-divider double \" style=\"margin-top: 20px;margin-bottom: 20px;\" \/>\n<p><strong>ROK 2018:<\/strong><\/p>\n<p><a href=\"http:\/\/smmpartizanske.sk\/index.php\/verejne-obstaravanie\/zakazky-2018\/\">Z\u00e1kazky s n\u00edzkymi hodnotami pod\u013ea \u00a7 117 Z\u00e1k. \u010d. 343\/2015 Z.z. o verejnom obstar\u00e1van\u00ed(5)<\/a><br \/>\nZ\u00e1kazky podlimitn\u00e9<br \/>\nZ\u00e1kazky nadlimitn\u00e9<br \/>\n<a title=\"\u0160tvr\u0165ro\u010dn\u00e9 preh\u013eady \u2013 rok 2018\" href=\"http:\/\/smmpartizanske.sk\/index.php\/verejne-obstaravanie\/stvrtrocne-prehlady-rok-2018\/\">\u0160tvr\u0165ro\u010dn\u00e9 preh\u013eady<\/a><\/p>\n<hr class=\"symple-divider double \" style=\"margin-top: 20px;margin-bottom: 20px;\" \/>\n<p><strong>ROK 2017:<\/strong><\/p>\n<p><a href=\"http:\/\/smmpartizanske.sk\/index.php\/verejne-obstaravanie\/zakazky-2017\/\">Z\u00e1kazky s n\u00edzkymi hodnotami pod\u013ea \u00a7 117 Z\u00e1k. \u010d. 343\/2015 Z.z. o verejnom obstar\u00e1van\u00ed(9)<\/a><br \/>\nZ\u00e1kazky podlimitn\u00e9<br \/>\nZ\u00e1kazky nadlimitn\u00e9<br \/>\n<a title=\"\u0160tvr\u0165ro\u010dn\u00e9 preh\u013eady \u2013 rok 2017\" href=\"http:\/\/smmpartizanske.sk\/index.php\/verejne-obstaravanie\/stvrtrocne-prehlady-rok-2017\/\">\u0160tvr\u0165ro\u010dn\u00e9 preh\u013eady 2017<\/a><\/p>\n<hr class=\"symple-divider double \" style=\"margin-top: 20px;margin-bottom: 20px;\" \/>\n<p><strong>ROK 2016:<\/strong><\/p>\n<p><a title=\"Z\u00e1kazky pod\u013ea \u00a7 9 ods.9 \u2013 rok 2016\" href=\"http:\/\/smmpartizanske.sk\/index.php\/verejne-obstaravanie\/zakazky-2016\/\">Z\u00e1kazky s n\u00edzkymi hodnotami pod\u013ea \u00a7 117 Z\u00e1k. \u010d. 343\/2015 Z.z. o verejnom obstar\u00e1van\u00ed (od 18.4.2016) (7)<\/a><br \/>\nZ\u00e1kazky podlimitn\u00e9<br \/>\nZ\u00e1kazky nadlimitn\u00e9<br \/>\n<a href=\"http:\/\/smmpartizanske.sk\/index.php\/verejne-obstaravanie\/stvrtrocne-prehlady-rok-2016\/\">\u0160tvr\u0165ro\u010dn\u00e9 preh\u013eady<\/a><\/p>\n<hr class=\"symple-divider double \" style=\"margin-top: 20px;margin-bottom: 20px;\" \/>\n<p><strong>ROK 2015:<\/strong><\/p>\n<p><a href=\"http:\/\/smmpartizanske.sk\/index.php\/verejne-obstaravanie\/zakazky-2015\/\">Z\u00e1kazky pod\u013ea \u00a7 9 ods.9 (6)<\/a><br \/>\nZ\u00e1kazky podlimitn\u00e9<br \/>\nZ\u00e1kazky nadlimitn\u00e9<br \/>\n<a title=\"\u0160tvr\u0165ro\u010dn\u00e9 preh\u013eady\" href=\"http:\/\/smmpartizanske.sk\/index.php\/verejne-obstaravanie\/stvrtrocne-prehlady-rok-2015\/\">\u0160tvr\u0165ro\u010dn\u00e9 preh\u013eady <\/a><\/p>\n<hr class=\"symple-divider double \" style=\"margin-top: 20px;margin-bottom: 20px;\" \/>\n<p>&nbsp;<\/p>\n","protected":false},"excerpt":{"rendered":"<p>Verejn\u00e9 obstar\u00e1vanie Profil verejn\u00e9ho obstar\u00e1vate\u013ea Spr\u00e1va majetku mesta, n.o., Partiz\u00e1nske je pod\u013ea \u00a7 7 ods. 2 Z\u00e1kona \u010d. 343\/2015 Z. [&hellip;]<\/p>\n","protected":false},"author":1,"featured_media":17436,"parent":0,"menu_order":0,"comment_status":"closed","ping_status":"closed","template":"","meta":{"site-sidebar-layout":"default","site-content-layout":"","ast-site-content-layout":"default","site-content-style":"default","site-sidebar-style":"default","ast-global-header-display":"","ast-banner-title-visibility":"","ast-main-header-display":"","ast-hfb-above-header-display":"","ast-hfb-below-header-display":"","ast-hfb-mobile-header-display":"","site-post-title":"","ast-breadcrumbs-content":"","ast-featured-img":"","footer-sml-layout":"","theme-transparent-header-meta":"default","adv-header-id-meta":"","stick-header-meta":"","header-above-stick-meta":"","header-main-stick-meta":"","header-below-stick-meta":"","astra-migrate-meta-layouts":"set","ast-page-background-enabled":"default","ast-page-background-meta":{"desktop":{"background-color":"var(--ast-global-color-5)","background-image":"","background-repeat":"repeat","background-position":"center center","background-size":"auto","background-attachment":"scroll","background-type":"","background-media":"","overlay-type":"","overlay-color":"","overlay-opacity":"","overlay-gradient":""},"tablet":{"background-color":"","background-image":"","background-repeat":"repeat","background-position":"center center","background-size":"auto","background-attachment":"scroll","background-type":"","background-media":"","overlay-type":"","overlay-color":"","overlay-opacity":"","overlay-gradient":""},"mobile":{"background-color":"","background-image":"","background-repeat":"repeat","background-position":"center center","background-size":"auto","background-attachment":"scroll","background-type":"","background-media":"","overlay-type":"","overlay-color":"","overlay-opacity":"","overlay-gradient":""}},"ast-content-background-meta":{"desktop":{"background-color":"var(--ast-global-color-4)","background-image":"","background-repeat":"repeat","background-position":"center center","background-size":"auto","background-attachment":"scroll","background-type":"","background-media":"","overlay-type":"","overlay-color":"","overlay-opacity":"","overlay-gradient":""},"tablet":{"background-color":"var(--ast-global-color-4)","background-image":"","background-repeat":"repeat","background-position":"center center","background-size":"auto","background-attachment":"scroll","background-type":"","background-media":"","overlay-type":"","overlay-color":"","overlay-opacity":"","overlay-gradient":""},"mobile":{"background-color":"var(--ast-global-color-4)","background-image":"","background-repeat":"repeat","background-position":"center center","background-size":"auto","background-attachment":"scroll","background-type":"","background-media":"","overlay-type":"","overlay-color":"","overlay-opacity":"","overlay-gradient":""}},"footnotes":""},"class_list":["post-141","page","type-page","status-publish","has-post-thumbnail","hentry"],"_links":{"self":[{"href":"https:\/\/smmpartizanske.sk\/index.php\/wp-json\/wp\/v2\/pages\/141","targetHints":{"allow":["GET"]}}],"collection":[{"href":"https:\/\/smmpartizanske.sk\/index.php\/wp-json\/wp\/v2\/pages"}],"about":[{"href":"https:\/\/smmpartizanske.sk\/index.php\/wp-json\/wp\/v2\/types\/page"}],"author":[{"embeddable":true,"href":"https:\/\/smmpartizanske.sk\/index.php\/wp-json\/wp\/v2\/users\/1"}],"replies":[{"embeddable":true,"href":"https:\/\/smmpartizanske.sk\/index.php\/wp-json\/wp\/v2\/comments?post=141"}],"version-history":[{"count":59,"href":"https:\/\/smmpartizanske.sk\/index.php\/wp-json\/wp\/v2\/pages\/141\/revisions"}],"predecessor-version":[{"id":17885,"href":"https:\/\/smmpartizanske.sk\/index.php\/wp-json\/wp\/v2\/pages\/141\/revisions\/17885"}],"wp:featuredmedia":[{"embeddable":true,"href":"https:\/\/smmpartizanske.sk\/index.php\/wp-json\/wp\/v2\/media\/17436"}],"wp:attachment":[{"href":"https:\/\/smmpartizanske.sk\/index.php\/wp-json\/wp\/v2\/media?parent=141"}],"curies":[{"name":"wp","href":"https:\/\/api.w.org\/{rel}","templated":true}]}}