{"id":13103,"date":"2021-12-21T12:00:50","date_gmt":"2021-12-21T11:00:50","guid":{"rendered":"http:\/\/smmpartizanske.sk\/?page_id=13103"},"modified":"2025-01-17T15:20:24","modified_gmt":"2025-01-17T14:20:24","slug":"zakazky-2021","status":"publish","type":"page","link":"https:\/\/smmpartizanske.sk\/index.php\/verejne-obstaravanie\/zakazky-2021\/","title":{"rendered":"Z\u00e1kazky pod\u013ea \u00a7 117 z\u00e1k. \u010d. 343\/2015 \u2013 rok 2021"},"content":{"rendered":"<h2 class=\"elementor-heading-title elementor-size-default\" style=\"text-align: center;\"><span style=\"color: #01559e;\"><strong>Z\u00e1kazky pod\u013ea \u00a7 117 z\u00e1k. \u010d. 343\/2015 \u2013 rok 2021<\/strong><\/span><\/h2>\n<p>08. V\u00fdsledok verejn\u00e9ho obstar\u00e1vania z\u00e1kazky:<\/p>\n<p><a href=\"http:\/\/smmpartizanske.sk\/wp-content\/uploads\/2022\/03\/Z\u00e1pis-8_2021.pdf\" target=\"_blank\" rel=\"noopener\">\u010cas\u0165 I. Poistenie mestsk\u00fdch n\u00e1jomn\u00fdch bytov<\/a><\/p>\n<p><a href=\"http:\/\/smmpartizanske.sk\/wp-content\/uploads\/2022\/03\/Z\u00e1pis-8_2021.pdf\" target=\"_blank\" rel=\"noopener\">\u010cas\u0165 II. Poistenie mestsk\u00fdch nebytov\u00fdch priestorov<\/a><\/p>\n<p>Zverejnen\u00e9:21.12.2021<\/p>\n<p>08. Predmet z\u00e1kazky:<\/p>\n<p><a href=\"http:\/\/smmpartizanske.sk\/wp-content\/uploads\/2021\/12\/pr\u00edkaz-a-v\u00fdzva-V.O.\u010d.8.pdf\" target=\"_blank\" rel=\"noopener\">\u010cas\u0165 I. Poistenie mestsk\u00fdch n\u00e1jomn\u00fdch bytov<\/a><\/p>\n<p><a href=\"http:\/\/smmpartizanske.sk\/wp-content\/uploads\/2021\/12\/pr\u00edkaz-a-v\u00fdzva-V.O.\u010d.8.pdf\" target=\"_blank\" rel=\"noopener\">\u010cas\u0165 II. Poistenie mestsk\u00fdch nebytov\u00fdch priestorov<\/a><\/p>\n<p><a href=\"http:\/\/smmpartizanske.sk\/wp-content\/uploads\/2021\/12\/Pr\u00edloha-\u010d.-2-zoznam-NB-2020.pdf\" target=\"_blank\" rel=\"noopener\">Pr\u00edloha \u010d. 2<\/a><\/p>\n<p><a href=\"http:\/\/smmpartizanske.sk\/wp-content\/uploads\/2021\/12\/Pr\u00edloha-\u010d.-3-zoznam-NP-2020.pdf\" target=\"_blank\" rel=\"noopener\">Pr\u00edloha \u010d.3<\/a><\/p>\n<p>Hodnota z\u00e1kazky bez DPH (\u20ac) :\u00a0 \u010das\u0165 I. 3500,00 \u20ac\u00a0 \u00a0 \u00a0\u010das\u0165 II. 4000,00 \u20ac<\/p>\n<p>Zverejnen\u00e9: 13.12.2021<\/p>\n<p>&nbsp;<\/p>\n<p>07A. V\u00fdsledok verejn\u00e9ho obstar\u00e1vania z\u00e1kazky:\u00a0\u00a0<a href=\"http:\/\/smmpartizanske.sk\/wp-content\/uploads\/2021\/12\/z\u00e1pis-prieskumu-trhu-\u010d.7.pdf\" target=\"_blank\" rel=\"noopener\">Plynofik\u00e1cia \u0161atn\u00ed FK Slovan \u0160imonovany<\/a><\/p>\n<p>Zverejnen\u00e9: 09.12.2021<\/p>\n<p>07. Predmet z\u00e1kazky:\u00a0\u00a0<a href=\"http:\/\/smmpartizanske.sk\/wp-content\/uploads\/2021\/12\/VO-\u010d.-7-Plynofik\u00e1cia-\u0161atn\u00ed-FK-\u0160imonovany.pdf\" target=\"_blank\" rel=\"noopener\">Plynofik\u00e1cia \u0161atn\u00ed FK Slovan \u0160imonovany<\/a><\/p>\n<p><a href=\"http:\/\/smmpartizanske.sk\/wp-content\/uploads\/2021\/12\/Pr\u00edloha-\u010d.-2-V\u00fdkaz-v\u00fdmer.xls\" target=\"_blank\" rel=\"noopener\">Pr\u00edloha \u010d. 2<\/a><\/p>\n<p><a href=\"http:\/\/smmpartizanske.sk\/wp-content\/uploads\/2021\/12\/Pr\u00edloha-\u010d.-3-V\u00fdkaz-v\u00fdmer.xls\" target=\"_blank\" rel=\"noopener\">Pr\u00edloha \u010d.3<\/a><\/p>\n<p>Hodnota z\u00e1kazky bez DPH (\u20ac) :\u00a0 13.500,00 \u20ac<\/p>\n<p>Zverejnen\u00e9: 03.12.2021<\/p>\n<p>&nbsp;<\/p>\n<p>06A. V\u00fdsledok verejn\u00e9ho obstar\u00e1vania z\u00e1kazky:\u00a0\u00a0<a href=\"http:\/\/smmpartizanske.sk\/wp-content\/uploads\/2021\/10\/Z\u00e1pis-z-analyzy-trhu-6_2021.pdf\" target=\"_blank\" rel=\"noopener\">V\u00fdmena 3 kusov okien na bytovom dome N\u00e1bre\u017en\u00e1 204\/14 \u010d.b. 13, Partiz\u00e1nske<\/a><\/p>\n<p>Zverejnen\u00e9: 29.10.2021<\/p>\n<p>06. Predmet z\u00e1kazky:\u00a0\u00a0<a href=\"http:\/\/smmpartizanske.sk\/wp-content\/uploads\/2021\/10\/Pr\u00edkaz-riadite\u013ea-na-zadanie-z\u00e1kazky-\u010d.-6-Lavi\u010dkov\u00e1-204.pdf\" target=\"_blank\" rel=\"noopener\">V\u00fdmena 3 kusov okien na bytovom dome N\u00e1bre\u017en\u00e1 204\/14 \u010d.b. 13, Partiz\u00e1nske<\/a><\/p>\n<p>Hodnota z\u00e1kazky bez DPH (\u20ac) :\u00a0 1.539,77 \u20ac<\/p>\n<p>Zverejnen\u00e9: 29.10.2021<\/p>\n<p>&nbsp;<\/p>\n<p>05A. V\u00fdsledok verejn\u00e9ho obstar\u00e1vania z\u00e1kazky:\u00a0\u00a0<a href=\"http:\/\/smmpartizanske.sk\/wp-content\/uploads\/2021\/10\/Z\u00e1pis-z-analyzy-trhu-5_2021.pdf\" target=\"_blank\" rel=\"noopener\">Vypracovanie projektovej \u0161t\u00fadie &#8222;Rekon\u0161trukcia nevyu\u017e\u00edvan\u00fdch nebytov\u00fdch priestorov na bytov\u00e9 jednotky&#8220;, N\u00e1mestie SNP 210, Partiz\u00e1nske<\/a><\/p>\n<p>Zverejnen\u00e9: 28.10.2021<\/p>\n<p>05. Predmet z\u00e1kazky:\u00a0\u00a0<a href=\"http:\/\/smmpartizanske.sk\/wp-content\/uploads\/2021\/10\/Pr\u00edkaz-riadite\u013ea-na-zadanie-z\u00e1kazky-\u010d.-5_2021-1.pdf\" target=\"_blank\" rel=\"noopener\">Vypracovanie projektovej \u0161t\u00fadie &#8222;Rekon\u0161trukcia nevyu\u017e\u00edvan\u00fdch nebytov\u00fdch priestorov na bytov\u00e9 jednotky&#8220;, N\u00e1mestie SNP 210, Partiz\u00e1nske<\/a><\/p>\n<p>Hodnota z\u00e1kazky bez DPH (\u20ac) :\u00a0 1.500,00 \u20ac<\/p>\n<p>Zverejnen\u00e9: 19.10.2021<\/p>\n<p>&nbsp;<\/p>\n<p>04A. V\u00fdsledok verejn\u00e9ho obstar\u00e1vania z\u00e1kazky:\u00a0\u00a0<a href=\"http:\/\/smmpartizanske.sk\/wp-content\/uploads\/2021\/08\/Z\u00e1pis-z-analyzy-trhu-4_2021_2.pdf\" target=\"_blank\" rel=\"noopener\">Oprava a zateplenie strechy na pr\u00edstavbe domu R. Ja\u0161\u00edka 652, Partiz\u00e1nske -opakovan\u00e9<\/a><\/p>\n<p>Zverejnen\u00e9: 29.07.2021<\/p>\n<p>04. Predmet z\u00e1kazky:\u00a0\u00a0<a href=\"http:\/\/smmpartizanske.sk\/wp-content\/uploads\/2021\/07\/Pr\u00edkaz-riadite\u013ea-na-zadanie-z\u00e1kazky-\u010d.-4_2021-\u2013-na-zverejnenie.pdf\" target=\"_blank\" rel=\"noopener\">Oprava a zateplenie strechy na pr\u00edstavbe domu R. Ja\u0161\u00edka 652, Partiz\u00e1nske-opakovan\u00e9<\/a><\/p>\n<p>Hodnota z\u00e1kazky bez DPH (\u20ac) :\u00a0 3.600,00 \u20ac<\/p>\n<p>Zverejnen\u00e9: 12.07.2021<\/p>\n<p>&nbsp;<\/p>\n<p>04A. V\u00fdsledok verejn\u00e9ho obstar\u00e1vania z\u00e1kazky:\u00a0\u00a0<a href=\"http:\/\/smmpartizanske.sk\/wp-content\/uploads\/2021\/08\/Z\u00e1pis-z-analyzy-trhu-4_2021_1.pdf\" target=\"_blank\" rel=\"noopener\">Oprava a zateplenie strechy na pr\u00edstavbe domu R. Ja\u0161\u00edka 652, Partiz\u00e1nske<\/a><\/p>\n<p>Zverejnen\u00e9: 28.6.2021<\/p>\n<p>04. Predmet z\u00e1kazky:\u00a0\u00a0<a href=\"http:\/\/smmpartizanske.sk\/wp-content\/uploads\/2021\/06\/prikaz42021.pdf\" target=\"_blank\" rel=\"noopener\">Oprava a zateplenie strechy na pr\u00edstavbe domu R. Ja\u0161\u00edka 652, Partiz\u00e1nske<\/a><\/p>\n<p>Hodnota z\u00e1kazky bez DPH (\u20ac) :\u00a0 3.600,00 \u20ac<\/p>\n<p>Zverejnen\u00e9: 10.06.2021<\/p>\n<p>&nbsp;<\/p>\n<p>03A. V\u00fdsledok verejn\u00e9ho obstar\u00e1vania z\u00e1kazky:\u00a0\u00a0<a href=\"http:\/\/smmpartizanske.sk\/wp-content\/uploads\/2021\/06\/vyzva3_2021.pdf\" target=\"_blank\" rel=\"noopener\">V\u00fdmena 10 kusov okien na budove Febru\u00e1rov\u00e1 640\/6, Partiz\u00e1nske(Stomatol\u00f3gia)<\/a><\/p>\n<p>Zverejnen\u00e9: 24.6.2021<\/p>\n<p>03. Predmet z\u00e1kazky:\u00a0\u00a0<a href=\"http:\/\/smmpartizanske.sk\/wp-content\/uploads\/2021\/06\/pr\u00edkaz32021.pdf\" target=\"_blank\" rel=\"noopener\">V\u00fdmena 10 kusov okien na budove Febru\u00e1rov\u00e1 640\/6, Partiz\u00e1nske(Stomatol\u00f3gia)<\/a><\/p>\n<p>Hodnota z\u00e1kazky bez DPH (\u20ac) :\u00a0 4.900,00 \u20ac<\/p>\n<p>Zverejnen\u00e9: 11.06.2021<\/p>\n<p>&nbsp;<\/p>\n<p>02A. V\u00fdsledok verejn\u00e9ho obstar\u00e1vania z\u00e1kazky:\u00a0\u00a0<a href=\"http:\/\/smmpartizanske.sk\/wp-content\/uploads\/2021\/05\/zapis22021.pdf\" target=\"_blank\" rel=\"noopener\">Dodanie plastov\u00fdch okien a dver\u00ed v budove na ul. SNP 200\/22, Partiz\u00e1nske (Cirkevn\u00e1 z\u00e1kladn\u00e1 \u0161kola)<\/a><\/p>\n<p>Zverejnen\u00e9: 18.05.2021<\/p>\n<p>02. Predmet z\u00e1kazky:\u00a0\u00a0<a href=\"http:\/\/smmpartizanske.sk\/wp-content\/uploads\/2021\/05\/VO-SMM-\u010d.-2_2021-N\u00e1m.-SNP-CZ\u0160.pdf\" target=\"_blank\" rel=\"noopener\">Dodanie plastov\u00fdch okien a dver\u00ed v budove na ul. SNP 200\/22, Partiz\u00e1nske (Cirkevn\u00e1 z\u00e1kladn\u00e1 \u0161kola)<\/a><\/p>\n<p>Hodnota z\u00e1kazky bez DPH (\u20ac) :\u00a0 10.228,00 \u20ac<\/p>\n<p>Zverejnen\u00e9: 06.05.2021<\/p>\n<p>&nbsp;<\/p>\n<p>01A. V\u00fdsledok verejn\u00e9ho obstar\u00e1vania z\u00e1kazky:\u00a0\u00a0<a href=\"http:\/\/smmpartizanske.sk\/wp-content\/uploads\/2021\/04\/zapis12021.pdf\" target=\"_blank\" rel=\"noopener\">V\u00fdmena okien na objekte Ve\u013ek\u00e1 okru\u017en\u00e1\u00a0 1107\/15, Partiz\u00e1nske (b\u00fdval\u00e1 M\u0160) &#8211; predn\u00e1 vstupov\u00e1 strana (9 ks)\u00a0<\/a><a href=\"http:\/\/smmpartizanske.sk\/wp-content\/uploads\/2021\/03\/Pr\u00edkaz-a-v\u00fdzva-\u010d.1_2021_pripravene-na-zverejnenie.pdf\" target=\"_blank\" rel=\"noopener\">a \u0161t\u00edtov\u00e1 strana (6 ks)<\/a><\/p>\n<p>01. Predmet z\u00e1kazky:\u00a0\u00a0<a href=\"http:\/\/smmpartizanske.sk\/wp-content\/uploads\/2021\/03\/Pr\u00edkaz-a-v\u00fdzva-\u010d.1_2021_pripravene-na-zverejnenie.pdf\" target=\"_blank\" rel=\"noopener\">V\u00fdmena okien na objekte Ve\u013ek\u00e1 okru\u017en\u00e1\u00a0 1107\/15, Partiz\u00e1nske (b\u00fdval\u00e1 M\u0160) &#8211; predn\u00e1 vstupov\u00e1 strana (9 ks)\u00a0<\/a><a href=\"http:\/\/smmpartizanske.sk\/wp-content\/uploads\/2021\/03\/Pr\u00edkaz-a-v\u00fdzva-\u010d.1_2021_pripravene-na-zverejnenie.pdf\" target=\"_blank\" rel=\"noopener\">a \u0161t\u00edtov\u00e1 strana (6 ks)<\/a><\/p>\n<p>Hodnota z\u00e1kazky bez DPH (\u20ac) :\u00a0 4.820,00 \u20ac<\/p>\n<p>Zverejnen\u00e9: 04.03.2021<\/p>\n","protected":false},"excerpt":{"rendered":"<p>Z\u00e1kazky pod\u013ea \u00a7 117 z\u00e1k. \u010d. 343\/2015 \u2013 rok 2021 08. V\u00fdsledok verejn\u00e9ho obstar\u00e1vania z\u00e1kazky: \u010cas\u0165 I. Poistenie mestsk\u00fdch n\u00e1jomn\u00fdch [&hellip;]<\/p>\n","protected":false},"author":2,"featured_media":17436,"parent":141,"menu_order":0,"comment_status":"closed","ping_status":"closed","template":"","meta":{"site-sidebar-layout":"default","site-content-layout":"","ast-site-content-layout":"default","site-content-style":"default","site-sidebar-style":"default","ast-global-header-display":"","ast-banner-title-visibility":"","ast-main-header-display":"","ast-hfb-above-header-display":"","ast-hfb-below-header-display":"","ast-hfb-mobile-header-display":"","site-post-title":"","ast-breadcrumbs-content":"","ast-featured-img":"","footer-sml-layout":"","theme-transparent-header-meta":"default","adv-header-id-meta":"","stick-header-meta":"","header-above-stick-meta":"","header-main-stick-meta":"","header-below-stick-meta":"","astra-migrate-meta-layouts":"set","ast-page-background-enabled":"default","ast-page-background-meta":{"desktop":{"background-color":"var(--ast-global-color-5)","background-image":"","background-repeat":"repeat","background-position":"center center","background-size":"auto","background-attachment":"scroll","background-type":"","background-media":"","overlay-type":"","overlay-color":"","overlay-opacity":"","overlay-gradient":""},"tablet":{"background-color":"","background-image":"","background-repeat":"repeat","background-position":"center center","background-size":"auto","background-attachment":"scroll","background-type":"","background-media":"","overlay-type":"","overlay-color":"","overlay-opacity":"","overlay-gradient":""},"mobile":{"background-color":"","background-image":"","background-repeat":"repeat","background-position":"center center","background-size":"auto","background-attachment":"scroll","background-type":"","background-media":"","overlay-type":"","overlay-color":"","overlay-opacity":"","overlay-gradient":""}},"ast-content-background-meta":{"desktop":{"background-color":"var(--ast-global-color-4)","background-image":"","background-repeat":"repeat","background-position":"center center","background-size":"auto","background-attachment":"scroll","background-type":"","background-media":"","overlay-type":"","overlay-color":"","overlay-opacity":"","overlay-gradient":""},"tablet":{"background-color":"var(--ast-global-color-4)","background-image":"","background-repeat":"repeat","background-position":"center center","background-size":"auto","background-attachment":"scroll","background-type":"","background-media":"","overlay-type":"","overlay-color":"","overlay-opacity":"","overlay-gradient":""},"mobile":{"background-color":"var(--ast-global-color-4)","background-image":"","background-repeat":"repeat","background-position":"center center","background-size":"auto","background-attachment":"scroll","background-type":"","background-media":"","overlay-type":"","overlay-color":"","overlay-opacity":"","overlay-gradient":""}},"footnotes":""},"class_list":["post-13103","page","type-page","status-publish","has-post-thumbnail","hentry"],"_links":{"self":[{"href":"https:\/\/smmpartizanske.sk\/index.php\/wp-json\/wp\/v2\/pages\/13103","targetHints":{"allow":["GET"]}}],"collection":[{"href":"https:\/\/smmpartizanske.sk\/index.php\/wp-json\/wp\/v2\/pages"}],"about":[{"href":"https:\/\/smmpartizanske.sk\/index.php\/wp-json\/wp\/v2\/types\/page"}],"author":[{"embeddable":true,"href":"https:\/\/smmpartizanske.sk\/index.php\/wp-json\/wp\/v2\/users\/2"}],"replies":[{"embeddable":true,"href":"https:\/\/smmpartizanske.sk\/index.php\/wp-json\/wp\/v2\/comments?post=13103"}],"version-history":[{"count":41,"href":"https:\/\/smmpartizanske.sk\/index.php\/wp-json\/wp\/v2\/pages\/13103\/revisions"}],"predecessor-version":[{"id":17889,"href":"https:\/\/smmpartizanske.sk\/index.php\/wp-json\/wp\/v2\/pages\/13103\/revisions\/17889"}],"up":[{"embeddable":true,"href":"https:\/\/smmpartizanske.sk\/index.php\/wp-json\/wp\/v2\/pages\/141"}],"wp:featuredmedia":[{"embeddable":true,"href":"https:\/\/smmpartizanske.sk\/index.php\/wp-json\/wp\/v2\/media\/17436"}],"wp:attachment":[{"href":"https:\/\/smmpartizanske.sk\/index.php\/wp-json\/wp\/v2\/media?parent=13103"}],"curies":[{"name":"wp","href":"https:\/\/api.w.org\/{rel}","templated":true}]}}