{"id":11055,"date":"2020-12-10T12:23:15","date_gmt":"2020-12-10T11:23:15","guid":{"rendered":"http:\/\/smmpartizanske.sk\/?page_id=11055"},"modified":"2025-01-17T15:20:53","modified_gmt":"2025-01-17T14:20:53","slug":"zakazky-2020","status":"publish","type":"page","link":"https:\/\/smmpartizanske.sk\/index.php\/verejne-obstaravanie\/zakazky-2020\/","title":{"rendered":"Z\u00e1kazky pod\u013ea \u00a7 117 z\u00e1k. \u010d. 343\/2015 \u2013 rok 2020"},"content":{"rendered":"<h2 class=\"elementor-heading-title elementor-size-default\" style=\"text-align: center;\"><span style=\"color: #01559e;\"><strong>Z\u00e1kazky pod\u013ea \u00a7 117 z\u00e1k. \u010d. 343\/2015 \u2013 rok 2020<\/strong><\/span><\/h2>\n<p>17A. V\u00fdsledok verejn\u00e9ho obstar\u00e1vania\u00a0 z\u00e1kazky:\u00a0<a href=\"http:\/\/smmpartizanske.sk\/wp-content\/uploads\/2020\/12\/zapis172020.pdf\" target=\"_blank\" rel=\"noopener\">Oprava a zateplenie strechy na pr\u00edstavbe domu R. Ja\u0161\u00edka 652, Partiz\u00e1nske\u00a0<\/a><\/p>\n<p>Zverejnen\u00e9: 10.12.2020<\/p>\n<p>17. Predmet z\u00e1kazky:\u00a0<a href=\"http:\/\/smmpartizanske.sk\/wp-content\/uploads\/2020\/12\/VO172020.pdf\" target=\"_blank\" rel=\"noopener\">Oprava a zateplenie strechy na pr\u00edstavbe domu R. Ja\u0161\u00edka 652, Partiz\u00e1nske\u00a0<\/a><\/p>\n<p>Hodnota z\u00e1kazky bez DPH (\u20ac) :\u00a0 3.200,00 \u20ac<\/p>\n<p>Zverejnen\u00e9: 3.12.2020<\/p>\n<p>16A. V\u00fdsledok verejn\u00e9ho obstar\u00e1vania z\u00e1kazky:\u00a0\u00a0<a href=\"http:\/\/smmpartizanske.sk\/wp-content\/uploads\/2020\/12\/zapis162020.pdf\" target=\"_blank\" rel=\"noopener\">Rekon\u0161trukcia strie\u0161ky nad vstupom do pohostinstva v KD N\u00e1vojovce<\/a><\/p>\n<p>Zverejnen\u00e9: 10.12.2020<\/p>\n<p>16. Predmet z\u00e1kazky:\u00a0\u00a0<a href=\"http:\/\/smmpartizanske.sk\/wp-content\/uploads\/2020\/12\/VO162020.pdf\" target=\"_blank\" rel=\"noopener\">Rekon\u0161trukcia strie\u0161ky nad vstupom do pohostinstva v KD N\u00e1vojovce<\/a><\/p>\n<p>Hodnota z\u00e1kazky bez DPH (\u20ac) :\u00a0 1.250,00 \u20ac<\/p>\n<p>Zverejnen\u00e9: 3.12.2020<\/p>\n<p>15A. V\u00fdsledok verejn\u00e9ho obstar\u00e1vania z\u00e1kazky:\u00a0<a href=\"http:\/\/smmpartizanske.sk\/wp-content\/uploads\/2020\/11\/vysledok15.pdf\" target=\"_blank\" rel=\"noopener\">Rekon\u0161trukcia plynovej kotolne v budove Stomatol\u00f3gie ul. Febru\u00e1rova 640\/6 Partiz\u00e1nske<\/a><\/p>\n<p>Zverejnen\u00e9: 25.11.2020<\/p>\n<p>15.\u00a0Predmet z\u00e1kazky:\u00a0<a href=\"http:\/\/smmpartizanske.sk\/wp-content\/uploads\/2020\/11\/V\u00fdzva-VO-\u010d.-15-kotol\u0148a-Stomatol\u00f3gia.pdf\" target=\"_blank\" rel=\"noopener\">Rekon\u0161trukcia plynovej kotolne v budove Stomatol\u00f3gie ul. Febru\u00e1rova 640\/6 Partiz\u00e1nske<\/a><\/p>\n<p><a href=\"http:\/\/smmpartizanske.sk\/wp-content\/uploads\/2020\/11\/V\u00fdzva-VO-\u010d.-15-kotol\u0148a-Stomatol\u00f3gia-Pr\u00edlohy.docx\" rel=\"noopener\">Pr\u00edlohy xlsx<\/a><\/p>\n<p>Zverejnen\u00e9: 16.11.2020<\/p>\n<p>14A. V\u00fdsledok verejn\u00e9ho obstar\u00e1vania z\u00e1kazky:\u00a0<a href=\"http:\/\/smmpartizanske.sk\/wp-content\/uploads\/2020\/11\/zapis142020.pdf\" target=\"_blank\" rel=\"noopener\">Dod\u00e1vka a v\u00fdmena 15 ks plynov\u00fdch spor\u00e1kov zna\u010dky MORA na dome \u010d. 173 ul. \u0160kult\u00e9tyho Partiz\u00e1nske<\/a><\/p>\n<p>Zverejnen\u00e9: 3.11.2020<\/p>\n<p>14. Predmet z\u00e1kazky:\u00a0<a href=\"http:\/\/smmpartizanske.sk\/wp-content\/uploads\/2020\/10\/prikaz14.pdf\" target=\"_blank\" rel=\"noopener\">Dod\u00e1vka a v\u00fdmena 15 ks plynov\u00fdch spor\u00e1kov zna\u010dky MORA na dome \u010d. 173 ul. \u0160kult\u00e9tyho Partiz\u00e1nske<\/a><\/p>\n<p>Hodnota z\u00e1kazky bez DPH (\u20ac) :\u00a0 3.300,00 \u20ac<\/p>\n<p>Zverejnen\u00e9: 26.10.2020<\/p>\n<p>13A. V\u00fdsledok verejn\u00e9ho obstar\u00e1vania z\u00e1kazky:\u00a0\u00a0<a href=\"http:\/\/smmpartizanske.sk\/wp-content\/uploads\/2020\/11\/zapis132020.pdf\" target=\"_blank\" rel=\"noopener\">V\u00fdmena plynov\u00e9ho kotla na \u00daK typ ATTACK 25kw na budove\u00a0 SMM, n.o. Partiz\u00e1nske<\/a><\/p>\n<p>Zverejnen\u00e9: 3.11.2020<\/p>\n<p>13. Predmet z\u00e1kazky: &#8211; <a href=\"http:\/\/smmpartizanske.sk\/wp-content\/uploads\/2020\/10\/prikaz13.pdf\" target=\"_blank\" rel=\"noopener\">V\u00fdmena plynov\u00e9ho kotla na \u00daK typ ATTACK 25kw na budove\u00a0 SMM, n.o. Partiz\u00e1nske<\/a><\/p>\n<p>Hodnota z\u00e1kazky bez DPH (\u20ac) :\u00a0 2.080,00 \u20ac<\/p>\n<p>Zverejnen\u00e9: 26.10.2020<\/p>\n<p>12A. V\u00fdsledok verejn\u00e9ho obstar\u00e1vania z\u00e1kazky:\u00a0<a href=\"http:\/\/smmpartizanske.sk\/wp-content\/uploads\/2020\/11\/zapis122020.pdf\" target=\"_blank\" rel=\"noopener\">V\u00fdmena 3 ks gam\u00e1t KARMA BETA 5 na KD N\u00e1vojovce (miestnos\u0165 VM\u010c)<\/a>03<\/p>\n<p>Zverejnen\u00e9: 03.11.2020<\/p>\n<p>12. Predmet z\u00e1kazky: &#8211; <a href=\"http:\/\/smmpartizanske.sk\/wp-content\/uploads\/2020\/10\/prikaz12.pdf\" target=\"_blank\" rel=\"noopener\">V\u00fdmena 3 ks gam\u00e1t KARMA BETA 5 na KD N\u00e1vojovce (miestnos\u0165 VM\u010c)<\/a><\/p>\n<p>Hodnota z\u00e1kazky bez DPH (\u20ac) :\u00a0 1.665,00 \u20ac<\/p>\n<p>Zverejnen\u00e9: 26.10.2020<\/p>\n<p>11A. V\u00fdsledok verejn\u00e9ho obstar\u00e1vania z\u00e1kazky: <a href=\"http:\/\/smmpartizanske.sk\/wp-content\/uploads\/2020\/10\/zapis112020.pdf\" target=\"_blank\" rel=\"noopener\">V\u00fdmena zadn\u00fdch vchodov\u00fdch dver\u00ed s nadsvetl\u00edkom &#8211; Ve\u013ek\u00e1 okru\u017en\u00e1 1107\/15, Partiz\u00e1nske\u00a0<\/a><\/p>\n<p>Zverejnen\u00e9: 12.10.2020<\/p>\n<p>11. Predmet z\u00e1kazky: &#8211; <a href=\"http:\/\/smmpartizanske.sk\/wp-content\/uploads\/2020\/09\/prikaz112020.pdf\" target=\"_blank\" rel=\"noopener\">V\u00fdmena zadn\u00fdch vchodov\u00fdch dver\u00ed s nadsvetl\u00edkom &#8211; Ve\u013ek\u00e1 okru\u017en\u00e1 1107\/15, Partiz\u00e1nske\u00a0<\/a><\/p>\n<p>Hodnota z\u00e1kazky bez DPH (\u20ac) :\u00a0 1.080,00 \u20ac<\/p>\n<p>Zverejnen\u00e9: 25.9.2020<\/p>\n<p>10A. V\u00fdsledok verejn\u00e9ho obstar\u00e1vania z\u00e1kazky:\u00a0 <a href=\"http:\/\/smmpartizanske.sk\/wp-content\/uploads\/2020\/10\/zapis102020.pdf\" target=\"_blank\" rel=\"noopener\">V\u00fdmena 10 ks okien s balk\u00f3nov\u00fdmi dverami &#8211; Dru\u017estevn\u00e1 833\/22, Partiz\u00e1nske<\/a><\/p>\n<p>Zverejnen\u00e9: 12.10.2020<\/p>\n<p>10. Predmet z\u00e1kazky: &#8211; <a href=\"http:\/\/smmpartizanske.sk\/wp-content\/uploads\/2020\/09\/prikaz102020.pdf\" target=\"_blank\" rel=\"noopener\">V\u00fdmena 10 ks okien s balk\u00f3nov\u00fdmi dverami &#8211; Dru\u017estevn\u00e1 833\/22, Partiz\u00e1nske<\/a><\/p>\n<p>Hodnota z\u00e1kazky bez DPH (\u20ac) :\u00a0 4.954,00 \u20ac<\/p>\n<p>Zverejnen\u00e9: 25.9.2020<\/p>\n<p>09A. V\u00fdsledok verejn\u00e9ho obstar\u00e1vania z\u00e1kazky:\u00a0 <a href=\"http:\/\/smmpartizanske.sk\/wp-content\/uploads\/2020\/10\/zapis92020.pdf\" target=\"_blank\" rel=\"noopener\">Cenov\u00e1 ponuka na vypracovanie projektovej dokument\u00e1cie pre stavebn\u00e9 povolenie a realiz\u00e1ciu rekon\u0161trukcie objektu na ul. 1.m\u00e1ja 220\/II, Partiz\u00e1nske\u00a0<\/a><\/p>\n<p>Zverejnen\u00e9: 12.10.2020<\/p>\n<p>09. Predmet z\u00e1kazky: &#8211; <a href=\"http:\/\/smmpartizanske.sk\/wp-content\/uploads\/2020\/09\/prikaz92020.pdf\" target=\"_blank\" rel=\"noopener\">Cenov\u00e1 ponuka na vypracovanie projektovej dokument\u00e1cie pre stavebn\u00e9 povolenie a realiz\u00e1ciu rekon\u0161trukcie objektu na ul. 1.m\u00e1ja 220\/II, Partiz\u00e1nske\u00a0<\/a><\/p>\n<p>Hodnota z\u00e1kazky bez DPH (\u20ac) :\u00a0 2.220,00 \u20ac<\/p>\n<p>Zverejnen\u00e9: 25.9.2020<\/p>\n<p>08A. V\u00fdsledok verejn\u00e9ho obstar\u00e1vania z\u00e1kazky:\u00a0<a href=\"http:\/\/smmpartizanske.sk\/wp-content\/uploads\/2020\/10\/zapis82020.pdf\" target=\"_blank\" rel=\"noopener\">Oprava a zateplenie strechy na pr\u00edstavbe domu R. Ja\u0161\u00edka 652, Partiz\u00e1nske\u00a0<\/a><\/p>\n<p>Zverejnen\u00e9: 22.9.2020<\/p>\n<p>08. Predmet z\u00e1kazky: &#8211; <a href=\"http:\/\/smmpartizanske.sk\/wp-content\/uploads\/2020\/09\/prikaz82020.pdf\" target=\"_blank\" rel=\"noopener\">Oprava a zateplenie strechy na pr\u00edstavbe domu R. Ja\u0161\u00edka 652, Partiz\u00e1nske\u00a0<\/a><\/p>\n<p>Hodnota z\u00e1kazky bez DPH (\u20ac) :\u00a0 3.200,00 \u20ac<\/p>\n<p>Zverejnen\u00e9: 10.9.2020<\/p>\n<p>07A. V\u00fdsledok verejn\u00e9ho obstar\u00e1vania z\u00e1kazky:\u00a0<a href=\"http:\/\/smmpartizanske.sk\/wp-content\/uploads\/2020\/10\/zapis72020.pdf\" target=\"_blank\" rel=\"noopener\">Rekon\u0161trukcia strie\u0161ky nad vstupom do pohostinstva v KD N\u00e1vojovce<\/a><\/p>\n<p>Zverejnen\u00e9: 22.9.2020<\/p>\n<p>07. Predmet z\u00e1kazky: &#8211; <a href=\"http:\/\/smmpartizanske.sk\/wp-content\/uploads\/2020\/09\/prikaz72020.pdf\" target=\"_blank\" rel=\"noopener\">Rekon\u0161trukcia strie\u0161ky nad vstupom do pohostinstva v KD N\u00e1vojovce<\/a><\/p>\n<p>Hodnota z\u00e1kazky bez DPH (\u20ac) :\u00a0 1250,00 \u20ac<\/p>\n<p>Zverejnen\u00e9: 10.9.2020<\/p>\n<p>06A. V\u00fdsledok verejn\u00e9ho obstar\u00e1vania z\u00e1kazky:\u00a0<a href=\"http:\/\/smmpartizanske.sk\/wp-content\/uploads\/2020\/10\/zapis62020.pdf\" target=\"_blank\" rel=\"noopener\">I. \u010das\u0165\u00a0 V\u00fdmena 6 ks okien na Oblastnom zdravotnom stredisku Ve\u013ek\u00e9 Bielice<\/a><\/p>\n<p><a href=\"http:\/\/smmpartizanske.sk\/wp-content\/uploads\/2020\/10\/zapis62020.pdf\" target=\"_blank\" rel=\"noopener\">&#8211; II. \u010das\u0165\u00a0 V\u00fdmena 1 ks vchodov\u00fdch dver\u00ed na Oblastnom zdravotnom stredisku Ve\u013ek\u00e9 Bielice<\/a><\/p>\n<p>Zverejnen\u00e9: 22.9.2020<\/p>\n<p>06. Predmet z\u00e1kazky: &#8211; <a href=\"http:\/\/smmpartizanske.sk\/wp-content\/uploads\/2020\/10\/pr\u00edkaz-\u010d.6-verzia-na-zverejnenie.pdf\" target=\"_blank\" rel=\"noopener\">I. \u010das\u0165\u00a0 V\u00fdmena 6 ks okien na Oblastnom zdravotnom stredisku Ve\u013ek\u00e9 Bielice<\/a><\/p>\n<p><a href=\"http:\/\/smmpartizanske.sk\/wp-content\/uploads\/2020\/10\/pr\u00edkaz-\u010d.6-verzia-na-zverejnenie.pdf\" target=\"_blank\" rel=\"noopener\">&#8211; II. \u010das\u0165\u00a0 V\u00fdmena 1 ks vchodov\u00fdch dver\u00ed na Oblastnom zdravotnom stredisku Ve\u013ek\u00e9 Bielice<\/a><\/p>\n<p>Hodnota z\u00e1kazky bez DPH (\u20ac) :\u00a0 I. \u010das\u0165 2.000,00 \u20ac\u00a0 \u00a0 \u00a0 \u00a0II.\u010das\u0165 1.650,00 \u20ac<\/p>\n<p>Zverejnen\u00e9: 10.9.2020<\/p>\n<p>05A. V\u00fdsledok verejn\u00e9ho obstar\u00e1vanie z\u00e1kazky:\u00a0<a href=\"http:\/\/smmpartizanske.sk\/wp-content\/uploads\/2020\/06\/zapis.pdf\" target=\"_blank\" rel=\"noopener\">Upratovacie slu\u017eby &#8211; administrat\u00edvna budova SMM, n.o., Partiz\u00e1nske\u00a01217<\/a><\/p>\n<p>Zverejnen\u00e9: 17.6.2020<\/p>\n<p>05. Predmet z\u00e1kazky: &#8211; <a href=\"http:\/\/smmpartizanske.sk\/wp-content\/uploads\/2020\/06\/prikaz52020.pdf\" target=\"_blank\" rel=\"noopener\">Upratovacie slu\u017eby &#8211; administrat\u00edvna budova SMM, n.o., Partiz\u00e1nske\u00a0<\/a><\/p>\n<p>Hodnota z\u00e1kazky s DPH (\u20ac) :\u00a0 560,00 \u20ac\/mesiac<\/p>\n<p>Zverejnen\u00e9: 3.6.2020<\/p>\n<p>04A. V\u00fdsledok verejn\u00e9ho obstar\u00e1vania z\u00e1kazky: &#8211; <a href=\"http:\/\/smmpartizanske.sk\/wp-content\/uploads\/2020\/05\/zapis42020.pdf\" target=\"_blank\" rel=\"noopener\">Vybudovanie kanaliza\u010dnej pr\u00edpojky na Zdravotn\u00e9 stredisko Bielick\u00e1 370\/4, Ve\u013ek\u00e9 Bielice<\/a><\/p>\n<p>Zverejnen\u00e9: 22.5.2020<\/p>\n<p>04. Predmet z\u00e1kazky: &#8211; <a href=\"http:\/\/smmpartizanske.sk\/wp-content\/uploads\/2020\/05\/Pr\u00edkaz-riadite\u013ea-a-V\u00fdzva-\u010d.-9-s-pr\u00edlohami.pdf\" target=\"_blank\" rel=\"noopener\">Vybudovanie kanaliza\u010dnej pr\u00edpojky na Zdravotn\u00e9 stredisko Bielick\u00e1 370\/4, Ve\u013ek\u00e9 Bielice<\/a><\/p>\n<p><a href=\"http:\/\/smmpartizanske.sk\/wp-content\/uploads\/2020\/05\/V\u00fdzva-\u010d.-9-Pr\u00edloha-\u010d.-1.xlsx\" rel=\"noopener\">Pr\u00edloha \u010d. 1.xlsx (<\/a><a href=\"http:\/\/smmpartizanske.sk\/wp-content\/uploads\/2020\/05\/V\u00fdzva-\u010d.-9-Pr\u00edloha-\u010d.-1.pdf\" target=\"_blank\" rel=\"noopener\">pr\u00edloha \u010d. 1. pdf.<\/a><a href=\"http:\/\/smmpartizanske.sk\/wp-content\/uploads\/2020\/05\/V\u00fdzva-\u010d.-9-Pr\u00edloha-\u010d.-1.pdf\" target=\"_blank\" rel=\"noopener\"><img decoding=\"async\" class=\"alignnone wp-image-128\" src=\"http:\/\/smmpartizanske.sk\/wp-content\/uploads\/pdf-195x300.png\" alt=\"pdf\" width=\"19\" height=\"29\" \/><\/a><a href=\"http:\/\/smmpartizanske.sk\/wp-content\/uploads\/2020\/03\/\u017diados\u0165-na-el.-dokument\u00e1ciu-a-kore\u0161p.-adresu-nov\u00e1-p\u00edsomne.pdf\" target=\"_blank\" rel=\"noopener\">)<\/a><\/p>\n<p>Hodnota z\u00e1kazky bez DPH (\u20ac) :\u00a0 4.300,00 \u20ac\/mesiac<\/p>\n<p>Zverejnen\u00e9: 12.05.2020<\/p>\n<p>03. Predmet z\u00e1kazky: &#8211; <a href=\"http:\/\/smmpartizanske.sk\/wp-content\/uploads\/2020\/04\/prikaz32020.pdf\" target=\"_blank\" rel=\"noopener\">Upratovacie slu\u017eby &#8211; administrat\u00edvna budova SMM, n.o., Partiz\u00e1nske 29. augusta 1191\/51 Partiz\u00e1nske<\/a><\/p>\n<p>Hodnota z\u00e1kazky bez DPH (\u20ac) :\u00a0 410,00 \u20ac\/mesiac<\/p>\n<p>Zverejnen\u00e9: 27.04.2020<\/p>\n<p>02A.\u00a0 V\u00fdsledok verejn\u00e9ho obstar\u00e1vanie z\u00e1kazky:\u00a0 &#8211; <a href=\"http:\/\/smmpartizanske.sk\/wp-content\/uploads\/2020\/05\/zapis22020.pdf\" target=\"_blank\" rel=\"noopener\">V\u00fdmena dver\u00ed na poschodie KD N\u00e1vojovce<\/a><\/p>\n<p>Zverejnen\u00e9: 12.5.2020<\/p>\n<p>02. Predmet z\u00e1kazky:\u00a0 &#8211; <a href=\"http:\/\/smmpartizanske.sk\/wp-content\/uploads\/2020\/04\/prikaz2.pdf\" target=\"_blank\" rel=\"noopener\">V\u00fdmena dver\u00ed na poschodie KD N\u00e1vojovce<\/a><\/p>\n<p>Hodnota z\u00e1kazky bez DPH (\u20ac) :\u00a0 1.337,00 \u20ac<\/p>\n<p>Zverejnen\u00e9: 27.04.2020<\/p>\n<p>01A. V\u00fdsledok verejn\u00e9ho obstar\u00e1vania z\u00e1kazky: \u010cas\u0165 I. &#8211; <a href=\"http:\/\/smmpartizanske.sk\/wp-content\/uploads\/2020\/05\/zapis12020.pdf\" target=\"_blank\" rel=\"noopener\">V\u00fdmena okien, pr\u00edzemie, nebytov\u00e9 priestory, R. Ja\u0161\u00edka 652, PE<\/a><\/p>\n<p>\u010cas\u0165 II. &#8211; <a href=\"http:\/\/smmpartizanske.sk\/wp-content\/uploads\/2020\/05\/zapis12020.pdf\" target=\"_blank\" rel=\"noopener\">V\u00fdmena vchodov\u00fdch dver\u00ed, nebytov\u00e9 priestory, R. Ja\u0161\u00edka 652, PE<\/a><\/p>\n<p>Zverejnen\u00e9: 12.5.2020<\/p>\n<p>01. Predmet z\u00e1kazky: \u010cas\u0165 I. &#8211; <a href=\"http:\/\/smmpartizanske.sk\/wp-content\/uploads\/2020\/04\/prikaz12020.pdf\" target=\"_blank\" rel=\"noopener\">V\u00fdmena okien, pr\u00edzemie, nebytov\u00e9 priestory, R. Ja\u0161\u00edka 652, PE<\/a><\/p>\n<p>\u010cas\u0165 II. &#8211; <a href=\"http:\/\/smmpartizanske.sk\/wp-content\/uploads\/2020\/04\/prikaz12020.pdf\" target=\"_blank\" rel=\"noopener\">V\u00fdmena vchodov\u00fdch dver\u00ed, nebytov\u00e9 priestory, R. Ja\u0161\u00edka 652, PE<\/a><\/p>\n<p>Hodnota z\u00e1kazky bez DPH (\u20ac) : \u010cas\u0165 I. &#8211; 1.030,00 \u20ac<\/p>\n<p>\u010cas\u0165 II. &#8211; 1.830,00 \u20ac<\/p>\n<p>Zverejnen\u00e9: 27.04.2020<\/p>\n","protected":false},"excerpt":{"rendered":"<p>Z\u00e1kazky pod\u013ea \u00a7 117 z\u00e1k. \u010d. 343\/2015 \u2013 rok 2020 17A. V\u00fdsledok verejn\u00e9ho obstar\u00e1vania\u00a0 z\u00e1kazky:\u00a0Oprava a zateplenie strechy na pr\u00edstavbe [&hellip;]<\/p>\n","protected":false},"author":1,"featured_media":17436,"parent":141,"menu_order":0,"comment_status":"closed","ping_status":"closed","template":"","meta":{"site-sidebar-layout":"default","site-content-layout":"","ast-site-content-layout":"default","site-content-style":"default","site-sidebar-style":"default","ast-global-header-display":"","ast-banner-title-visibility":"","ast-main-header-display":"","ast-hfb-above-header-display":"","ast-hfb-below-header-display":"","ast-hfb-mobile-header-display":"","site-post-title":"","ast-breadcrumbs-content":"","ast-featured-img":"","footer-sml-layout":"","theme-transparent-header-meta":"default","adv-header-id-meta":"","stick-header-meta":"","header-above-stick-meta":"","header-main-stick-meta":"","header-below-stick-meta":"","astra-migrate-meta-layouts":"set","ast-page-background-enabled":"default","ast-page-background-meta":{"desktop":{"background-color":"var(--ast-global-color-5)","background-image":"","background-repeat":"repeat","background-position":"center center","background-size":"auto","background-attachment":"scroll","background-type":"","background-media":"","overlay-type":"","overlay-color":"","overlay-opacity":"","overlay-gradient":""},"tablet":{"background-color":"","background-image":"","background-repeat":"repeat","background-position":"center center","background-size":"auto","background-attachment":"scroll","background-type":"","background-media":"","overlay-type":"","overlay-color":"","overlay-opacity":"","overlay-gradient":""},"mobile":{"background-color":"","background-image":"","background-repeat":"repeat","background-position":"center center","background-size":"auto","background-attachment":"scroll","background-type":"","background-media":"","overlay-type":"","overlay-color":"","overlay-opacity":"","overlay-gradient":""}},"ast-content-background-meta":{"desktop":{"background-color":"var(--ast-global-color-4)","background-image":"","background-repeat":"repeat","background-position":"center center","background-size":"auto","background-attachment":"scroll","background-type":"","background-media":"","overlay-type":"","overlay-color":"","overlay-opacity":"","overlay-gradient":""},"tablet":{"background-color":"var(--ast-global-color-4)","background-image":"","background-repeat":"repeat","background-position":"center center","background-size":"auto","background-attachment":"scroll","background-type":"","background-media":"","overlay-type":"","overlay-color":"","overlay-opacity":"","overlay-gradient":""},"mobile":{"background-color":"var(--ast-global-color-4)","background-image":"","background-repeat":"repeat","background-position":"center center","background-size":"auto","background-attachment":"scroll","background-type":"","background-media":"","overlay-type":"","overlay-color":"","overlay-opacity":"","overlay-gradient":""}},"footnotes":""},"class_list":["post-11055","page","type-page","status-publish","has-post-thumbnail","hentry"],"_links":{"self":[{"href":"https:\/\/smmpartizanske.sk\/index.php\/wp-json\/wp\/v2\/pages\/11055","targetHints":{"allow":["GET"]}}],"collection":[{"href":"https:\/\/smmpartizanske.sk\/index.php\/wp-json\/wp\/v2\/pages"}],"about":[{"href":"https:\/\/smmpartizanske.sk\/index.php\/wp-json\/wp\/v2\/types\/page"}],"author":[{"embeddable":true,"href":"https:\/\/smmpartizanske.sk\/index.php\/wp-json\/wp\/v2\/users\/1"}],"replies":[{"embeddable":true,"href":"https:\/\/smmpartizanske.sk\/index.php\/wp-json\/wp\/v2\/comments?post=11055"}],"version-history":[{"count":43,"href":"https:\/\/smmpartizanske.sk\/index.php\/wp-json\/wp\/v2\/pages\/11055\/revisions"}],"predecessor-version":[{"id":17890,"href":"https:\/\/smmpartizanske.sk\/index.php\/wp-json\/wp\/v2\/pages\/11055\/revisions\/17890"}],"up":[{"embeddable":true,"href":"https:\/\/smmpartizanske.sk\/index.php\/wp-json\/wp\/v2\/pages\/141"}],"wp:featuredmedia":[{"embeddable":true,"href":"https:\/\/smmpartizanske.sk\/index.php\/wp-json\/wp\/v2\/media\/17436"}],"wp:attachment":[{"href":"https:\/\/smmpartizanske.sk\/index.php\/wp-json\/wp\/v2\/media?parent=11055"}],"curies":[{"name":"wp","href":"https:\/\/api.w.org\/{rel}","templated":true}]}}